{"id":370,"date":"2021-08-20T11:50:58","date_gmt":"2021-08-20T11:50:58","guid":{"rendered":"https:\/\/makeupbeautymb.com\/index.php\/producto\/hybrid-cleansing-balm\/"},"modified":"2022-07-19T14:57:49","modified_gmt":"2022-07-19T14:57:49","slug":"hybrid-cleansing-balm","status":"publish","type":"product","link":"https:\/\/makeupbeautymb.com\/index.php\/producto\/hybrid-cleansing-balm\/","title":{"rendered":"BANDAS PUNTOS NEGROS TRENDY"},"content":{"rendered":"","protected":false},"excerpt":{"rendered":"<p>Limpia los poros y es reafirmante. &#8211;<br \/>\nClarifica el aspecto de la piel. -Tiene<br \/>\npropiedades para eliminar el aspecto<br \/>\naceitoso de la piel. -Para Todo tipo de Piel.<br \/>\nLimpiarla nariz y la zona T antes de usar.<br \/>\nLimpie con una toalla caliente para abrir<br \/>\nlos poros. Aplicarlimpiador en elrostro y<br \/>\nesperar de 5 a 8 minutos. Aplicar<br \/>\nuniformemente una cantidad apropiada<\/p>\n","protected":false},"featured_media":1343,"comment_status":"open","ping_status":"closed","template":"","meta":{"om_disable_all_campaigns":false,"_monsterinsights_skip_tracking":false,"_monsterinsights_sitenote_active":false,"_monsterinsights_sitenote_note":"","_monsterinsights_sitenote_category":0,"site-sidebar-layout":"default","site-content-layout":"content-boxed-container","ast-global-header-display":"","ast-main-header-display":"","ast-hfb-above-header-display":"","ast-hfb-below-header-display":"","ast-hfb-mobile-header-display":"","site-post-title":"","ast-breadcrumbs-content":"","ast-featured-img":"","footer-sml-layout":"","theme-transparent-header-meta":"default","adv-header-id-meta":"","stick-header-meta":"","header-above-stick-meta":"","header-main-stick-meta":"","header-below-stick-meta":"","_joinchat":[]},"product_brand":[],"product_cat":[19],"product_tag":[],"class_list":{"0":"post-370","1":"product","2":"type-product","3":"status-publish","4":"has-post-thumbnail","6":"product_cat-cremas-faciales","8":"first","9":"instock","10":"shipping-taxable","11":"purchasable","12":"product-type-simple"},"aioseo_notices":[],"jetpack-related-posts":[{"id":1485,"url":"https:\/\/makeupbeautymb.com\/index.php\/producto\/cepillo-silicona-pulpito\/","url_meta":{"origin":370,"position":0},"title":"CEPILLO SILICONA PULPITO","author":"makeubeauty","date":"21 de July de 2022","format":false,"excerpt":"Puede penetrar en la piel poros obstruidos, eliminar residuos de maquillaje, suciedad, aceites, espinillas, granos, acn\u00e9, exfoliarla piel muerta y disminuirlas arrugas, lo que hace aspecto de la cara fresco, limpio, joven y saludable.","rel":"","context":"Similar post","block_context":{"text":"Similar post","link":""},"img":{"alt_text":"","src":"https:\/\/i0.wp.com\/makeupbeautymb.com\/wp-content\/uploads\/2022\/07\/WhatsApp-Image-2022-07-20-at-8.17.49-PM.jpeg?fit=526%2C534&ssl=1&resize=350%2C200","width":350,"height":200,"srcset":"https:\/\/i0.wp.com\/makeupbeautymb.com\/wp-content\/uploads\/2022\/07\/WhatsApp-Image-2022-07-20-at-8.17.49-PM.jpeg?fit=526%2C534&ssl=1&resize=350%2C200 1x, https:\/\/i0.wp.com\/makeupbeautymb.com\/wp-content\/uploads\/2022\/07\/WhatsApp-Image-2022-07-20-at-8.17.49-PM.jpeg?fit=526%2C534&ssl=1&resize=525%2C300 1.5x"},"classes":[]},{"id":1449,"url":"https:\/\/makeupbeautymb.com\/index.php\/producto\/exfliante-pepino\/","url_meta":{"origin":370,"position":1},"title":"EXFOLIANTE PEPINO","author":"makeubeauty","date":"21 de July de 2022","format":false,"excerpt":"Gel exfoliante corporal limpiador e hidratante con pepino verde y extracto de nuez Bioaqua est\u00e1 dise\u00f1ado para el cuidado de la piel delicada. Elimina suavemente las impurezas, abre y limpia los poros,tiene un efecto de micromasaje, mejora la microcirculaci\u00f3n sangu\u00ednea y estimula la renovaci\u00f3n de la epidermis","rel":"","context":"Similar post","block_context":{"text":"Similar post","link":""},"img":{"alt_text":"","src":"https:\/\/i0.wp.com\/makeupbeautymb.com\/wp-content\/uploads\/2022\/07\/WhatsApp-Image-2022-07-20-at-8.17.12-PM.jpeg?fit=503%2C410&ssl=1&resize=350%2C200","width":350,"height":200},"classes":[]},{"id":1424,"url":"https:\/\/makeupbeautymb.com\/index.php\/producto\/serum-removedor-acne-bioaqua\/","url_meta":{"origin":370,"position":2},"title":"SERUM REMOVEDOR ACNE BIOAQUA","author":"makeubeauty","date":"20 de July de 2022","format":false,"excerpt":"Retira Acn\u00e9 Y Espinillas Regenera la piel. El suero BIOAQUA Pure Skin es una f\u00f3rmula suave no irritante que puede limpiarlos poros bloqueados, disolverla suciedad y la grasa ,reponerla humedad nutrici\u00f3n. Regular el pH, la salvaguardia eficaz de la piel lesionada, elimina el acn\u00e9.","rel":"","context":"Similar post","block_context":{"text":"Similar post","link":""},"img":{"alt_text":"","src":"https:\/\/i0.wp.com\/makeupbeautymb.com\/wp-content\/uploads\/2022\/07\/WhatsApp-Image-2022-07-19-at-8.10.03-PM-2.jpeg?fit=462%2C472&ssl=1&resize=350%2C200","width":350,"height":200},"classes":[]},{"id":342,"url":"https:\/\/makeupbeautymb.com\/index.php\/producto\/milky-gentle-cleanser\/","url_meta":{"origin":370,"position":3},"title":"CREMA DE DIA KARITE","author":"makeubeauty","date":"20 de August de 2021","format":false,"excerpt":"Crema hidratante matificante para pieles mixtas a grasas con 5 beneficios: hidrata, combate el brillo,reequilibra y reduce poros e imperfecciones","rel":"","context":"Similar post","block_context":{"text":"Similar post","link":""},"img":{"alt_text":"","src":"https:\/\/i0.wp.com\/makeupbeautymb.com\/wp-content\/uploads\/2021\/08\/WhatsApp-Image-2022-07-18-at-12.45.55-PM.jpeg?fit=542%2C590&ssl=1&resize=350%2C200","width":350,"height":200,"srcset":"https:\/\/i0.wp.com\/makeupbeautymb.com\/wp-content\/uploads\/2021\/08\/WhatsApp-Image-2022-07-18-at-12.45.55-PM.jpeg?fit=542%2C590&ssl=1&resize=350%2C200 1x, https:\/\/i0.wp.com\/makeupbeautymb.com\/wp-content\/uploads\/2021\/08\/WhatsApp-Image-2022-07-18-at-12.45.55-PM.jpeg?fit=542%2C590&ssl=1&resize=525%2C300 1.5x"},"classes":[]},{"id":1390,"url":"https:\/\/makeupbeautymb.com\/index.php\/producto\/mask-en-gel-rosas-karite\/","url_meta":{"origin":370,"position":4},"title":"MASK EN GEL ROSAS KARITE","author":"makeubeauty","date":"19 de July de 2022","format":false,"excerpt":"Mascarilla en gel de rosas con petalos Repara la piel da\u00f1ada. Profundiza en los poros. Repone la hidrataci\u00f3n y la nutrici\u00f3n. Retiene la humedad y humecta. Mejora la sequedad de la piel \u00e1spera y l\u00edneas de expresi\u00f3n. Deja la piel suave y brillante.","rel":"","context":"Similar post","block_context":{"text":"Similar post","link":""},"img":{"alt_text":"","src":"https:\/\/i0.wp.com\/makeupbeautymb.com\/wp-content\/uploads\/2022\/07\/WhatsApp-Image-2022-07-18-at-1.16.20-PM-3.jpeg?fit=499%2C623&ssl=1&resize=350%2C200","width":350,"height":200},"classes":[]},{"id":1392,"url":"https:\/\/makeupbeautymb.com\/index.php\/producto\/mask-ice-cream-colageno-karite\/","url_meta":{"origin":370,"position":5},"title":"MASK ICE CREAM COLAGENO KARITE","author":"makeubeauty","date":"19 de July de 2022","format":false,"excerpt":"Mascarilla en gel de rosas con petalos Repara la piel da\u00f1ada. Profundiza en los poros. Repone la hidrataci\u00f3n y la nutrici\u00f3n. Retiene la humedad y humecta. Mejora la sequedad de la piel \u00e1spera y l\u00edneas de expresi\u00f3n. Deja la piel suave y brillante","rel":"","context":"Similar post","block_context":{"text":"Similar post","link":""},"img":{"alt_text":"","src":"https:\/\/i0.wp.com\/makeupbeautymb.com\/wp-content\/uploads\/2022\/07\/WhatsApp-Image-2022-07-18-at-1.16.21-PM-3.jpeg?fit=520%2C575&ssl=1&resize=350%2C200","width":350,"height":200},"classes":[]}],"_links":{"self":[{"href":"https:\/\/makeupbeautymb.com\/index.php\/wp-json\/wp\/v2\/product\/370","targetHints":{"allow":["GET"]}}],"collection":[{"href":"https:\/\/makeupbeautymb.com\/index.php\/wp-json\/wp\/v2\/product"}],"about":[{"href":"https:\/\/makeupbeautymb.com\/index.php\/wp-json\/wp\/v2\/types\/product"}],"replies":[{"embeddable":true,"href":"https:\/\/makeupbeautymb.com\/index.php\/wp-json\/wp\/v2\/comments?post=370"}],"wp:featuredmedia":[{"embeddable":true,"href":"https:\/\/makeupbeautymb.com\/index.php\/wp-json\/wp\/v2\/media\/1343"}],"wp:attachment":[{"href":"https:\/\/makeupbeautymb.com\/index.php\/wp-json\/wp\/v2\/media?parent=370"}],"wp:term":[{"taxonomy":"product_brand","embeddable":true,"href":"https:\/\/makeupbeautymb.com\/index.php\/wp-json\/wp\/v2\/product_brand?post=370"},{"taxonomy":"product_cat","embeddable":true,"href":"https:\/\/makeupbeautymb.com\/index.php\/wp-json\/wp\/v2\/product_cat?post=370"},{"taxonomy":"product_tag","embeddable":true,"href":"https:\/\/makeupbeautymb.com\/index.php\/wp-json\/wp\/v2\/product_tag?post=370"}],"curies":[{"name":"wp","href":"https:\/\/api.w.org\/{rel}","templated":true}]}}