{"id":366,"date":"2021-08-20T11:47:59","date_gmt":"2021-08-20T11:47:59","guid":{"rendered":"https:\/\/makeupbeautymb.com\/index.php\/producto\/makeup-melting-cleanser\/"},"modified":"2022-07-19T14:55:14","modified_gmt":"2022-07-19T14:55:14","slug":"makeup-melting-cleanser","status":"publish","type":"product","link":"https:\/\/makeupbeautymb.com\/index.php\/producto\/makeup-melting-cleanser\/","title":{"rendered":"MASCARILLA COLLAGEN YEST BIOAQUA"},"content":{"rendered":"","protected":false},"excerpt":{"rendered":"<p>La esencia que permite que tu piel respire.<br \/>\nRestaura la belleza de tu piel.<br \/>\nRejuvenecedor profundo. Las mol\u00e9culas<br \/>\nespeciales van profundamente y reparan<br \/>\ntu piel.<br \/>\nExtracto de placenta hidrolizado.<br \/>\nMejora el equilibrio de aceite, hace que tu<br \/>\npiel sea radiante.<\/p>\n","protected":false},"featured_media":1350,"comment_status":"open","ping_status":"closed","template":"","meta":{"om_disable_all_campaigns":false,"_monsterinsights_skip_tracking":false,"_monsterinsights_sitenote_active":false,"_monsterinsights_sitenote_note":"","_monsterinsights_sitenote_category":0,"site-sidebar-layout":"default","site-content-layout":"content-boxed-container","ast-global-header-display":"","ast-main-header-display":"","ast-hfb-above-header-display":"","ast-hfb-below-header-display":"","ast-hfb-mobile-header-display":"","site-post-title":"","ast-breadcrumbs-content":"","ast-featured-img":"","footer-sml-layout":"","theme-transparent-header-meta":"default","adv-header-id-meta":"","stick-header-meta":"","header-above-stick-meta":"","header-main-stick-meta":"","header-below-stick-meta":"","_joinchat":[]},"product_brand":[],"product_cat":[21],"product_tag":[],"class_list":{"0":"post-366","1":"product","2":"type-product","3":"status-publish","4":"has-post-thumbnail","6":"product_cat-mascarillas","8":"first","9":"instock","10":"shipping-taxable","11":"purchasable","12":"product-type-simple"},"aioseo_notices":[],"jetpack-related-posts":[{"id":1397,"url":"https:\/\/makeupbeautymb.com\/index.php\/producto\/mask-burbujas-de-colageno-karite\/","url_meta":{"origin":366,"position":0},"title":"MASK BURBUJAS DE COLAGENO KARITE","author":"makeubeauty","date":"19 de July de 2022","format":false,"excerpt":"Tiene una fuerte afinidad de adsorci\u00f3n, lo que ayuda a eliminar en profundidad el exceso de grasa, los residuos de maquillaje y la suciedad. Deja tu piel suave ,tersa y refrescante con un solo uso. Ayuda a hidratar nuestra piel profundamente y equilibrar el PH de nuestra piel.","rel":"","context":"Similar post","block_context":{"text":"Similar post","link":""},"img":{"alt_text":"","src":"https:\/\/i0.wp.com\/makeupbeautymb.com\/wp-content\/uploads\/2022\/07\/WhatsApp-Image-2022-07-18-at-1.16.21-PM-4.jpeg?fit=512%2C644&ssl=1&resize=350%2C200","width":350,"height":200},"classes":[]},{"id":340,"url":"https:\/\/makeupbeautymb.com\/index.php\/producto\/refreshing-cleansing-balm\/","url_meta":{"origin":366,"position":1},"title":"MASK EN GEL ALOE VERA BIOAQUA","author":"makeubeauty","date":"20 de August de 2021","format":false,"excerpt":"Su textura gel contiene extracto puro de a\u0301loe vera rico en aminoa\u0301cidos, enzimas activas que ayudan a reponerla pe\u0301rdida de humedad, hace que tu piel sea ma\u0301s suave, tersa y humectada Tiene mu\u0301ltiples beneficios para tu rostro Hidrata, de fa\u0301cil absorcio\u0301n, Ayuda a eliminar el acne\u0301. Elimina las ce\u0301lulas muertas\u2026","rel":"","context":"Similar post","block_context":{"text":"Similar post","link":""},"img":{"alt_text":"","src":"https:\/\/i0.wp.com\/makeupbeautymb.com\/wp-content\/uploads\/2021\/08\/WhatsApp-Image-2022-07-18-at-1.16.19-PM-1.jpeg?fit=582%2C556&ssl=1&resize=350%2C200","width":350,"height":200,"srcset":"https:\/\/i0.wp.com\/makeupbeautymb.com\/wp-content\/uploads\/2021\/08\/WhatsApp-Image-2022-07-18-at-1.16.19-PM-1.jpeg?fit=582%2C556&ssl=1&resize=350%2C200 1x, https:\/\/i0.wp.com\/makeupbeautymb.com\/wp-content\/uploads\/2021\/08\/WhatsApp-Image-2022-07-18-at-1.16.19-PM-1.jpeg?fit=582%2C556&ssl=1&resize=525%2C300 1.5x"},"classes":[]},{"id":341,"url":"https:\/\/makeupbeautymb.com\/index.php\/producto\/cream-to-foam-lotion\/","url_meta":{"origin":366,"position":2},"title":"MASK EN GEL ALOE VERA BIOAQUA","author":"makeubeauty","date":"20 de August de 2021","format":false,"excerpt":"Su textura gel contiene extracto puro de a\u0301loe vera rico en aminoa\u0301cidos, enzimas activas que ayudan a reponerla pe\u0301rdida de humedad, hace que tu piel sea ma\u0301s suave, tersa y humectada Tiene mu\u0301ltiples beneficios para tu rostro Hidrata, de fa\u0301cil absorcio\u0301n, Ayuda a eliminar el acne\u0301. Elimina las ce\u0301lulas muertas\u2026","rel":"","context":"Similar post","block_context":{"text":"Similar post","link":""},"img":{"alt_text":"","src":"https:\/\/i0.wp.com\/makeupbeautymb.com\/wp-content\/uploads\/2021\/08\/WhatsApp-Image-2022-07-18-at-1.16.19-PM.jpeg?fit=604%2C596&ssl=1&resize=350%2C200","width":350,"height":200,"srcset":"https:\/\/i0.wp.com\/makeupbeautymb.com\/wp-content\/uploads\/2021\/08\/WhatsApp-Image-2022-07-18-at-1.16.19-PM.jpeg?fit=604%2C596&ssl=1&resize=350%2C200 1x, https:\/\/i0.wp.com\/makeupbeautymb.com\/wp-content\/uploads\/2021\/08\/WhatsApp-Image-2022-07-18-at-1.16.19-PM.jpeg?fit=604%2C596&ssl=1&resize=525%2C300 1.5x"},"classes":[]},{"id":1477,"url":"https:\/\/makeupbeautymb.com\/index.php\/producto\/protector-solar-color-durazno\/","url_meta":{"origin":366,"position":3},"title":"PROTECTOR SOLAR COLOR DURAZNO","author":"makeubeauty","date":"21 de July de 2022","format":false,"excerpt":"El principal beneficio de usar crema solar diariamente es que tu piel se mantiene sana y evitas enfermedades o el envejecimiento prematuro. Los rayos del sol oxidan nuestra piel y generan manchas arrugas y las temidas quemaduras.","rel":"","context":"Similar post","block_context":{"text":"Similar post","link":""},"img":{"alt_text":"","src":"https:\/\/i0.wp.com\/makeupbeautymb.com\/wp-content\/uploads\/2022\/07\/WhatsApp-Image-2022-07-20-at-8.17.45-PM-1.jpeg?fit=429%2C475&ssl=1&resize=350%2C200","width":350,"height":200},"classes":[]},{"id":1400,"url":"https:\/\/makeupbeautymb.com\/index.php\/producto\/contorno-reafirmante-bioaqua\/","url_meta":{"origin":366,"position":4},"title":"CONTORNO REAFIRMANTE BIOAQUA","author":"makeubeauty","date":"20 de July de 2022","format":false,"excerpt":"Esta crema para ojos puede suavizar y tensarla piel ,repone la humedad, hace que el p\u00e1rpado del ojo sea m\u00e1s brillante y con elastisidad. *M\u00e9todo de uso:todas las ma\u00f1anas y noches, aplicarla cantidad necesaria, aplicarse suavemente. * RESULTADOS: una semana despu\u00e9s Notar\u00e1s los Incre\u00edbles CAMBIOS EN TU PIEL","rel":"","context":"Similar post","block_context":{"text":"Similar post","link":""},"img":{"alt_text":"","src":"https:\/\/i0.wp.com\/makeupbeautymb.com\/wp-content\/uploads\/2022\/07\/WhatsApp-Image-2022-07-19-at-8.09.59-PM.jpeg?fit=513%2C518&ssl=1&resize=350%2C200","width":350,"height":200},"classes":[]},{"id":1460,"url":"https:\/\/makeupbeautymb.com\/index.php\/producto\/aguas-de-rosas-120-ml-athos\/","url_meta":{"origin":366,"position":5},"title":"AGUAS DE ROSAS 120 ML ATHOS","author":"makeubeauty","date":"21 de July de 2022","format":false,"excerpt":"Ayudar a mantener neutro el pH de la piel Eliminarla grasa Complementarla limpieza y la hace m\u00e1s efectiva y profunda Refrescarla piel Tonificarla piel Hidratarla piel Revitaliza la piel","rel":"","context":"Similar post","block_context":{"text":"Similar post","link":""},"img":{"alt_text":"","src":"https:\/\/i0.wp.com\/makeupbeautymb.com\/wp-content\/uploads\/2022\/07\/WhatsApp-Image-2022-07-20-at-8.17.36-PM.jpeg?fit=424%2C497&ssl=1&resize=350%2C200","width":350,"height":200},"classes":[]}],"_links":{"self":[{"href":"https:\/\/makeupbeautymb.com\/index.php\/wp-json\/wp\/v2\/product\/366","targetHints":{"allow":["GET"]}}],"collection":[{"href":"https:\/\/makeupbeautymb.com\/index.php\/wp-json\/wp\/v2\/product"}],"about":[{"href":"https:\/\/makeupbeautymb.com\/index.php\/wp-json\/wp\/v2\/types\/product"}],"replies":[{"embeddable":true,"href":"https:\/\/makeupbeautymb.com\/index.php\/wp-json\/wp\/v2\/comments?post=366"}],"wp:featuredmedia":[{"embeddable":true,"href":"https:\/\/makeupbeautymb.com\/index.php\/wp-json\/wp\/v2\/media\/1350"}],"wp:attachment":[{"href":"https:\/\/makeupbeautymb.com\/index.php\/wp-json\/wp\/v2\/media?parent=366"}],"wp:term":[{"taxonomy":"product_brand","embeddable":true,"href":"https:\/\/makeupbeautymb.com\/index.php\/wp-json\/wp\/v2\/product_brand?post=366"},{"taxonomy":"product_cat","embeddable":true,"href":"https:\/\/makeupbeautymb.com\/index.php\/wp-json\/wp\/v2\/product_cat?post=366"},{"taxonomy":"product_tag","embeddable":true,"href":"https:\/\/makeupbeautymb.com\/index.php\/wp-json\/wp\/v2\/product_tag?post=366"}],"curies":[{"name":"wp","href":"https:\/\/api.w.org\/{rel}","templated":true}]}}