{"id":365,"date":"2021-08-20T11:46:22","date_gmt":"2021-08-20T11:46:22","guid":{"rendered":"https:\/\/makeupbeautymb.com\/index.php\/producto\/balancing-daily-cleanser\/"},"modified":"2022-07-19T14:55:36","modified_gmt":"2022-07-19T14:55:36","slug":"balancing-daily-cleanser","status":"publish","type":"product","link":"https:\/\/makeupbeautymb.com\/index.php\/producto\/balancing-daily-cleanser\/","title":{"rendered":"CREMA EN GEL ALOE VERA BIOAQUA"},"content":{"rendered":"","protected":false},"excerpt":{"rendered":"<p>GEL ALOE VERA BIOAQUA Ayuda a<br \/>\ncontrolarla grasa de la piel, el acn\u00e9,<br \/>\nmientras la hidrata y la humecta al<br \/>\ninstante. Al mismo tiempo te ayuda a<br \/>\ncicatrizar y repararlos da\u00f1os en la piel<br \/>\ncausados por el sol.<br \/>\nRelaja y disminuye las bolsas formadas en<br \/>\nla parte inferior del contorno de los ojos.<br \/>\nSirve como humectante de labios<\/p>\n","protected":false},"featured_media":1352,"comment_status":"open","ping_status":"closed","template":"","meta":{"om_disable_all_campaigns":false,"_monsterinsights_skip_tracking":false,"_monsterinsights_sitenote_active":false,"_monsterinsights_sitenote_note":"","_monsterinsights_sitenote_category":0,"site-sidebar-layout":"default","site-content-layout":"content-boxed-container","ast-global-header-display":"","ast-main-header-display":"","ast-hfb-above-header-display":"","ast-hfb-below-header-display":"","ast-hfb-mobile-header-display":"","site-post-title":"","ast-breadcrumbs-content":"","ast-featured-img":"","footer-sml-layout":"","theme-transparent-header-meta":"default","adv-header-id-meta":"","stick-header-meta":"","header-above-stick-meta":"","header-main-stick-meta":"","header-below-stick-meta":"","_joinchat":[]},"product_brand":[],"product_cat":[19],"product_tag":[],"class_list":{"0":"post-365","1":"product","2":"type-product","3":"status-publish","4":"has-post-thumbnail","6":"product_cat-cremas-faciales","8":"first","9":"instock","10":"shipping-taxable","11":"purchasable","12":"product-type-simple"},"aioseo_notices":[],"jetpack-related-posts":[{"id":340,"url":"https:\/\/makeupbeautymb.com\/index.php\/producto\/refreshing-cleansing-balm\/","url_meta":{"origin":365,"position":0},"title":"MASK EN GEL ALOE VERA BIOAQUA","author":"makeubeauty","date":"20 de August de 2021","format":false,"excerpt":"Su textura gel contiene extracto puro de a\u0301loe vera rico en aminoa\u0301cidos, enzimas activas que ayudan a reponerla pe\u0301rdida de humedad, hace que tu piel sea ma\u0301s suave, tersa y humectada Tiene mu\u0301ltiples beneficios para tu rostro Hidrata, de fa\u0301cil absorcio\u0301n, Ayuda a eliminar el acne\u0301. Elimina las ce\u0301lulas muertas\u2026","rel":"","context":"Similar post","block_context":{"text":"Similar post","link":""},"img":{"alt_text":"","src":"https:\/\/i0.wp.com\/makeupbeautymb.com\/wp-content\/uploads\/2021\/08\/WhatsApp-Image-2022-07-18-at-1.16.19-PM-1.jpeg?fit=582%2C556&ssl=1&resize=350%2C200","width":350,"height":200,"srcset":"https:\/\/i0.wp.com\/makeupbeautymb.com\/wp-content\/uploads\/2021\/08\/WhatsApp-Image-2022-07-18-at-1.16.19-PM-1.jpeg?fit=582%2C556&ssl=1&resize=350%2C200 1x, https:\/\/i0.wp.com\/makeupbeautymb.com\/wp-content\/uploads\/2021\/08\/WhatsApp-Image-2022-07-18-at-1.16.19-PM-1.jpeg?fit=582%2C556&ssl=1&resize=525%2C300 1.5x"},"classes":[]},{"id":341,"url":"https:\/\/makeupbeautymb.com\/index.php\/producto\/cream-to-foam-lotion\/","url_meta":{"origin":365,"position":1},"title":"MASK EN GEL ALOE VERA BIOAQUA","author":"makeubeauty","date":"20 de August de 2021","format":false,"excerpt":"Su textura gel contiene extracto puro de a\u0301loe vera rico en aminoa\u0301cidos, enzimas activas que ayudan a reponerla pe\u0301rdida de humedad, hace que tu piel sea ma\u0301s suave, tersa y humectada Tiene mu\u0301ltiples beneficios para tu rostro Hidrata, de fa\u0301cil absorcio\u0301n, Ayuda a eliminar el acne\u0301. Elimina las ce\u0301lulas muertas\u2026","rel":"","context":"Similar post","block_context":{"text":"Similar post","link":""},"img":{"alt_text":"","src":"https:\/\/i0.wp.com\/makeupbeautymb.com\/wp-content\/uploads\/2021\/08\/WhatsApp-Image-2022-07-18-at-1.16.19-PM.jpeg?fit=604%2C596&ssl=1&resize=350%2C200","width":350,"height":200,"srcset":"https:\/\/i0.wp.com\/makeupbeautymb.com\/wp-content\/uploads\/2021\/08\/WhatsApp-Image-2022-07-18-at-1.16.19-PM.jpeg?fit=604%2C596&ssl=1&resize=350%2C200 1x, https:\/\/i0.wp.com\/makeupbeautymb.com\/wp-content\/uploads\/2021\/08\/WhatsApp-Image-2022-07-18-at-1.16.19-PM.jpeg?fit=604%2C596&ssl=1&resize=525%2C300 1.5x"},"classes":[]},{"id":1443,"url":"https:\/\/makeupbeautymb.com\/index.php\/producto\/contorno-aloe-vera-bioaqua\/","url_meta":{"origin":365,"position":2},"title":"CONTORNO ALOE VERA BIOAQUA","author":"makeubeauty","date":"20 de July de 2022","format":false,"excerpt":"Crema para el contorno de ojos bioaqua, a base de Aloe Vera Aumento de la turgencia y flexibilidad de la piel. Disminuci\u00f3n de la profundidad de las arrugas. Drena y elimina las toxinas del contorno de los ojos. Efecto calmante, regenerante y antiinflamatorio gracias al Aloe de vera.","rel":"","context":"Similar post","block_context":{"text":"Similar post","link":""},"img":{"alt_text":"","src":"https:\/\/i0.wp.com\/makeupbeautymb.com\/wp-content\/uploads\/2022\/07\/WhatsApp-Image-2022-07-19-at-8.10.06-PM-1.jpeg?fit=491%2C506&ssl=1&resize=350%2C200","width":350,"height":200},"classes":[]},{"id":1404,"url":"https:\/\/makeupbeautymb.com\/index.php\/producto\/velo-aguacate-bioaqua\/","url_meta":{"origin":365,"position":3},"title":"VELO AGUACATE BIOAQUA","author":"makeubeauty","date":"20 de July de 2022","format":false,"excerpt":"Mascarilla en velo hidratante de aguacate y antienvejecimiento para el cuidado de la piel, con varios extractos de plantas que ayudan a controlar el acn\u00e9, a blanquear y al antienvejecimiento. Esta mascarilla a base de aceite de aguacate aporta nutrici\u00f3n profunda a la piel dej\u00e1ndola radiante y luminosa.","rel":"","context":"Similar post","block_context":{"text":"Similar post","link":""},"img":{"alt_text":"","src":"https:\/\/i0.wp.com\/makeupbeautymb.com\/wp-content\/uploads\/2022\/07\/WhatsApp-Image-2022-07-19-at-8.10.00-PM-1.jpeg?fit=550%2C590&ssl=1&resize=350%2C200","width":350,"height":200,"srcset":"https:\/\/i0.wp.com\/makeupbeautymb.com\/wp-content\/uploads\/2022\/07\/WhatsApp-Image-2022-07-19-at-8.10.00-PM-1.jpeg?fit=550%2C590&ssl=1&resize=350%2C200 1x, https:\/\/i0.wp.com\/makeupbeautymb.com\/wp-content\/uploads\/2022\/07\/WhatsApp-Image-2022-07-19-at-8.10.00-PM-1.jpeg?fit=550%2C590&ssl=1&resize=525%2C300 1.5x"},"classes":[]},{"id":1416,"url":"https:\/\/makeupbeautymb.com\/index.php\/producto\/serum-oil-aloe-vera-karite\/","url_meta":{"origin":365,"position":4},"title":"SERUM OIL ALOE VERA KARITE","author":"makeubeauty","date":"20 de July de 2022","format":false,"excerpt":"Suero en gotero de aloe vera, ayuda a humectarla piel, adem\u00e1s da un aspecto saludable y luminoso Es un importante Regenerador celular, cicatrizante ,tonificante, de usarse regularmente evita las arrugas prematuras. Ideal para pieles secas.","rel":"","context":"Similar post","block_context":{"text":"Similar post","link":""},"img":{"alt_text":"","src":"https:\/\/i0.wp.com\/makeupbeautymb.com\/wp-content\/uploads\/2022\/07\/WhatsApp-Image-2022-07-19-at-8.10.02-PM-3.jpeg?fit=480%2C478&ssl=1&resize=350%2C200","width":350,"height":200},"classes":[]},{"id":1412,"url":"https:\/\/makeupbeautymb.com\/index.php\/producto\/serum-agucate-bioaqua\/","url_meta":{"origin":365,"position":5},"title":"SERUM AGUCATE BIOAQUA","author":"makeubeauty","date":"20 de July de 2022","format":false,"excerpt":"Enriquecido con vitaminas A y E. Tiene una funci\u00f3n hidratante y reparadora, que tiene un efecto suave en la piel y mantiene la elasticidad. Tiene una buena extensi\u00f3n y absorci\u00f3n que puede bloquearla humedad de la piel y activar el tejido de defensa para inhibir.","rel":"","context":"Similar post","block_context":{"text":"Similar post","link":""},"img":{"alt_text":"","src":"https:\/\/i0.wp.com\/makeupbeautymb.com\/wp-content\/uploads\/2022\/07\/WhatsApp-Image-2022-07-19-at-8.10.02-PM-1.jpeg?fit=479%2C530&ssl=1&resize=350%2C200","width":350,"height":200},"classes":[]}],"_links":{"self":[{"href":"https:\/\/makeupbeautymb.com\/index.php\/wp-json\/wp\/v2\/product\/365","targetHints":{"allow":["GET"]}}],"collection":[{"href":"https:\/\/makeupbeautymb.com\/index.php\/wp-json\/wp\/v2\/product"}],"about":[{"href":"https:\/\/makeupbeautymb.com\/index.php\/wp-json\/wp\/v2\/types\/product"}],"replies":[{"embeddable":true,"href":"https:\/\/makeupbeautymb.com\/index.php\/wp-json\/wp\/v2\/comments?post=365"}],"wp:featuredmedia":[{"embeddable":true,"href":"https:\/\/makeupbeautymb.com\/index.php\/wp-json\/wp\/v2\/media\/1352"}],"wp:attachment":[{"href":"https:\/\/makeupbeautymb.com\/index.php\/wp-json\/wp\/v2\/media?parent=365"}],"wp:term":[{"taxonomy":"product_brand","embeddable":true,"href":"https:\/\/makeupbeautymb.com\/index.php\/wp-json\/wp\/v2\/product_brand?post=365"},{"taxonomy":"product_cat","embeddable":true,"href":"https:\/\/makeupbeautymb.com\/index.php\/wp-json\/wp\/v2\/product_cat?post=365"},{"taxonomy":"product_tag","embeddable":true,"href":"https:\/\/makeupbeautymb.com\/index.php\/wp-json\/wp\/v2\/product_tag?post=365"}],"curies":[{"name":"wp","href":"https:\/\/api.w.org\/{rel}","templated":true}]}}