{"id":364,"date":"2021-08-20T11:45:35","date_gmt":"2021-08-20T11:45:35","guid":{"rendered":"https:\/\/makeupbeautymb.com\/index.php\/producto\/hydrating-gel-oil\/"},"modified":"2022-07-19T14:58:10","modified_gmt":"2022-07-19T14:58:10","slug":"hydrating-gel-oil","status":"publish","type":"product","link":"https:\/\/makeupbeautymb.com\/index.php\/producto\/hydrating-gel-oil\/","title":{"rendered":"CREMA ACIDO HIALURONICO BIOAQUA"},"content":{"rendered":"","protected":false},"excerpt":{"rendered":"<p>Hidratante y humectante.<br \/>\nAntienvejecimiento.<br \/>\nAltamanente Nutritiva.<br \/>\nContra la p\u00e9rdida de volumen, da firmeza.<br \/>\nPreventivo y correctivo de las arrugas.<br \/>\nPara todas las pieles, especialmente las<br \/>\nsecas. Aporta elasticidad, flexibilidad y<br \/>\nprotecci\u00f3n.<br \/>\nApta para hombres y mujeres.<\/p>\n","protected":false},"featured_media":1355,"comment_status":"open","ping_status":"closed","template":"","meta":{"om_disable_all_campaigns":false,"_monsterinsights_skip_tracking":false,"_monsterinsights_sitenote_active":false,"_monsterinsights_sitenote_note":"","_monsterinsights_sitenote_category":0,"site-sidebar-layout":"default","site-content-layout":"content-boxed-container","ast-global-header-display":"","ast-main-header-display":"","ast-hfb-above-header-display":"","ast-hfb-below-header-display":"","ast-hfb-mobile-header-display":"","site-post-title":"","ast-breadcrumbs-content":"","ast-featured-img":"","footer-sml-layout":"","theme-transparent-header-meta":"default","adv-header-id-meta":"","stick-header-meta":"","header-above-stick-meta":"","header-main-stick-meta":"","header-below-stick-meta":"","_joinchat":[]},"product_brand":[],"product_cat":[19],"product_tag":[],"class_list":{"0":"post-364","1":"product","2":"type-product","3":"status-publish","4":"has-post-thumbnail","6":"product_cat-cremas-faciales","8":"first","9":"instock","10":"shipping-taxable","11":"purchasable","12":"product-type-simple"},"aioseo_notices":[],"jetpack-related-posts":[{"id":1428,"url":"https:\/\/makeupbeautymb.com\/index.php\/producto\/parches-vitamina-c-bioaqua\/","url_meta":{"origin":364,"position":0},"title":"PARCHES VITAMINA C BIOAQUA","author":"makeubeauty","date":"20 de July de 2022","format":false,"excerpt":"Previene las arrugas y lucha intensamente contra los signos de envejecimiento. Mascarillas-los parches para los ojos contienen vitamina C para fortalecerla piel y aclararlas ojeras bajo los ojos hidrataci\u00f3n a largo plazo, eliminar\u00e1n las arrugas y las bolsas debajo de los ojos y le dar\u00e1n frescura y juventud.","rel":"","context":"Similar post","block_context":{"text":"Similar post","link":""},"img":{"alt_text":"","src":"https:\/\/i0.wp.com\/makeupbeautymb.com\/wp-content\/uploads\/2022\/07\/WhatsApp-Image-2022-07-19-at-8.10.04-PM-1.jpeg?fit=581%2C599&ssl=1&resize=350%2C200","width":350,"height":200,"srcset":"https:\/\/i0.wp.com\/makeupbeautymb.com\/wp-content\/uploads\/2022\/07\/WhatsApp-Image-2022-07-19-at-8.10.04-PM-1.jpeg?fit=581%2C599&ssl=1&resize=350%2C200 1x, https:\/\/i0.wp.com\/makeupbeautymb.com\/wp-content\/uploads\/2022\/07\/WhatsApp-Image-2022-07-19-at-8.10.04-PM-1.jpeg?fit=581%2C599&ssl=1&resize=525%2C300 1.5x"},"classes":[]},{"id":370,"url":"https:\/\/makeupbeautymb.com\/index.php\/producto\/hybrid-cleansing-balm\/","url_meta":{"origin":364,"position":1},"title":"BANDAS PUNTOS NEGROS TRENDY","author":"makeubeauty","date":"20 de August de 2021","format":false,"excerpt":"Limpia los poros y es reafirmante. - Clarifica el aspecto de la piel. -Tiene propiedades para eliminar el aspecto aceitoso de la piel. -Para Todo tipo de Piel. Limpiarla nariz y la zona T antes de usar. Limpie con una toalla caliente para abrir los poros. Aplicarlimpiador en elrostro y\u2026","rel":"","context":"Similar post","block_context":{"text":"Similar post","link":""},"img":{"alt_text":"","src":"https:\/\/i0.wp.com\/makeupbeautymb.com\/wp-content\/uploads\/2021\/08\/WhatsApp-Image-2022-07-17-at-8.45.45-PM.jpeg?fit=627%2C633&ssl=1&resize=350%2C200","width":350,"height":200,"srcset":"https:\/\/i0.wp.com\/makeupbeautymb.com\/wp-content\/uploads\/2021\/08\/WhatsApp-Image-2022-07-17-at-8.45.45-PM.jpeg?fit=627%2C633&ssl=1&resize=350%2C200 1x, https:\/\/i0.wp.com\/makeupbeautymb.com\/wp-content\/uploads\/2021\/08\/WhatsApp-Image-2022-07-17-at-8.45.45-PM.jpeg?fit=627%2C633&ssl=1&resize=525%2C300 1.5x"},"classes":[]},{"id":1412,"url":"https:\/\/makeupbeautymb.com\/index.php\/producto\/serum-agucate-bioaqua\/","url_meta":{"origin":364,"position":2},"title":"SERUM AGUCATE BIOAQUA","author":"makeubeauty","date":"20 de July de 2022","format":false,"excerpt":"Enriquecido con vitaminas A y E. Tiene una funci\u00f3n hidratante y reparadora, que tiene un efecto suave en la piel y mantiene la elasticidad. Tiene una buena extensi\u00f3n y absorci\u00f3n que puede bloquearla humedad de la piel y activar el tejido de defensa para inhibir.","rel":"","context":"Similar post","block_context":{"text":"Similar post","link":""},"img":{"alt_text":"","src":"https:\/\/i0.wp.com\/makeupbeautymb.com\/wp-content\/uploads\/2022\/07\/WhatsApp-Image-2022-07-19-at-8.10.02-PM-1.jpeg?fit=479%2C530&ssl=1&resize=350%2C200","width":350,"height":200},"classes":[]},{"id":1468,"url":"https:\/\/makeupbeautymb.com\/index.php\/producto\/aguas-de-rosas-240-ml-trendy\/","url_meta":{"origin":364,"position":3},"title":"AGUAS DE ROSAS 240 ML TRENDY","author":"makeubeauty","date":"21 de July de 2022","format":false,"excerpt":"EXTRACTO DE ROSAS:tiene diferentes propiedades antiedad, activadoras de la circulaci\u00f3n y seborreguladoras . Tambi\u00e9n tiene efecto antioxidante y antiinflamatorio,tonificando la piel con una sensaci\u00f3n extra suave y tersa. EXTRACTO DE MANZANILLA: es ideal para pieles sensibles y propensas a acn\u00e9.","rel":"","context":"Similar post","block_context":{"text":"Similar post","link":""},"img":{"alt_text":"","src":"https:\/\/i0.wp.com\/makeupbeautymb.com\/wp-content\/uploads\/2022\/07\/WhatsApp-Image-2022-07-20-at-8.17.41-PM.jpeg?fit=400%2C487&ssl=1&resize=350%2C200","width":350,"height":200},"classes":[]},{"id":1426,"url":"https:\/\/makeupbeautymb.com\/index.php\/producto\/parches-durazno-bioaqua\/","url_meta":{"origin":364,"position":4},"title":"PARCHES DURAZNO BIOAQUA","author":"makeubeauty","date":"20 de July de 2022","format":false,"excerpt":"Reducirlas ojeras y las bolsas en los ojos. Ilumina eltono de la piel, levanta y reafirma la piel. Reduce la hinchaz\u00f3n de los ojos y las l\u00edneas finas de los ojos. Reafirmante e hidratante para la zona.","rel":"","context":"Similar post","block_context":{"text":"Similar post","link":""},"img":{"alt_text":"","src":"https:\/\/i0.wp.com\/makeupbeautymb.com\/wp-content\/uploads\/2022\/07\/WhatsApp-Image-2022-07-19-at-8.10.04-PM.jpeg?fit=580%2C538&ssl=1&resize=350%2C200","width":350,"height":200,"srcset":"https:\/\/i0.wp.com\/makeupbeautymb.com\/wp-content\/uploads\/2022\/07\/WhatsApp-Image-2022-07-19-at-8.10.04-PM.jpeg?fit=580%2C538&ssl=1&resize=350%2C200 1x, https:\/\/i0.wp.com\/makeupbeautymb.com\/wp-content\/uploads\/2022\/07\/WhatsApp-Image-2022-07-19-at-8.10.04-PM.jpeg?fit=580%2C538&ssl=1&resize=525%2C300 1.5x"},"classes":[]},{"id":1433,"url":"https:\/\/makeupbeautymb.com\/index.php\/producto\/serum-acido-hialuronico-bioaqua\/","url_meta":{"origin":364,"position":5},"title":"SERUM ACIDO HIALURONICO BIOAQUA","author":"makeubeauty","date":"20 de July de 2022","format":false,"excerpt":"Reduce las l\u00edneas de expresi\u00f3n y signos de envejecimiento usando continuamente el producto y a mediano plazo. Perfecto para una piel m\u00e1s joven y flexible. Textura que se absorbe en 3-5 minutos despu\u00e9s de aplicarlo.","rel":"","context":"Similar post","block_context":{"text":"Similar post","link":""},"img":{"alt_text":"","src":"https:\/\/i0.wp.com\/makeupbeautymb.com\/wp-content\/uploads\/2022\/07\/WhatsApp-Image-2022-07-19-at-8.10.04-PM-3.jpeg?fit=583%2C653&ssl=1&resize=350%2C200","width":350,"height":200,"srcset":"https:\/\/i0.wp.com\/makeupbeautymb.com\/wp-content\/uploads\/2022\/07\/WhatsApp-Image-2022-07-19-at-8.10.04-PM-3.jpeg?fit=583%2C653&ssl=1&resize=350%2C200 1x, https:\/\/i0.wp.com\/makeupbeautymb.com\/wp-content\/uploads\/2022\/07\/WhatsApp-Image-2022-07-19-at-8.10.04-PM-3.jpeg?fit=583%2C653&ssl=1&resize=525%2C300 1.5x"},"classes":[]}],"_links":{"self":[{"href":"https:\/\/makeupbeautymb.com\/index.php\/wp-json\/wp\/v2\/product\/364","targetHints":{"allow":["GET"]}}],"collection":[{"href":"https:\/\/makeupbeautymb.com\/index.php\/wp-json\/wp\/v2\/product"}],"about":[{"href":"https:\/\/makeupbeautymb.com\/index.php\/wp-json\/wp\/v2\/types\/product"}],"replies":[{"embeddable":true,"href":"https:\/\/makeupbeautymb.com\/index.php\/wp-json\/wp\/v2\/comments?post=364"}],"wp:featuredmedia":[{"embeddable":true,"href":"https:\/\/makeupbeautymb.com\/index.php\/wp-json\/wp\/v2\/media\/1355"}],"wp:attachment":[{"href":"https:\/\/makeupbeautymb.com\/index.php\/wp-json\/wp\/v2\/media?parent=364"}],"wp:term":[{"taxonomy":"product_brand","embeddable":true,"href":"https:\/\/makeupbeautymb.com\/index.php\/wp-json\/wp\/v2\/product_brand?post=364"},{"taxonomy":"product_cat","embeddable":true,"href":"https:\/\/makeupbeautymb.com\/index.php\/wp-json\/wp\/v2\/product_cat?post=364"},{"taxonomy":"product_tag","embeddable":true,"href":"https:\/\/makeupbeautymb.com\/index.php\/wp-json\/wp\/v2\/product_tag?post=364"}],"curies":[{"name":"wp","href":"https:\/\/api.w.org\/{rel}","templated":true}]}}