{"id":363,"date":"2021-08-20T11:44:37","date_gmt":"2021-08-20T11:44:37","guid":{"rendered":"https:\/\/makeupbeautymb.com\/index.php\/producto\/cleanser-concentrate\/"},"modified":"2022-07-18T17:58:38","modified_gmt":"2022-07-18T17:58:38","slug":"cleanser-concentrate","status":"publish","type":"product","link":"https:\/\/makeupbeautymb.com\/index.php\/producto\/cleanser-concentrate\/","title":{"rendered":"CREMA ARANDANOS BIOAQUA"},"content":{"rendered":"","protected":false},"excerpt":{"rendered":"<p>Los ar\u00e1ndanos, al concentrar sustancias<br \/>\nantioxidantes como la vitamina C y las<br \/>\nantocianinas, inhiben la acci\u00f3n de los<br \/>\nradicales libres sobre las c\u00e9lulas y brindan<br \/>\nun efecto protector frente a los da\u00f1os que<br \/>\ncausan en la piel.<br \/>\nDisminuyen el riesgo de envejecimiento<br \/>\nprematuro<\/p>\n","protected":false},"featured_media":1356,"comment_status":"open","ping_status":"closed","template":"","meta":{"om_disable_all_campaigns":false,"_monsterinsights_skip_tracking":false,"_monsterinsights_sitenote_active":false,"_monsterinsights_sitenote_note":"","_monsterinsights_sitenote_category":0,"site-sidebar-layout":"default","site-content-layout":"content-boxed-container","ast-global-header-display":"","ast-main-header-display":"","ast-hfb-above-header-display":"","ast-hfb-below-header-display":"","ast-hfb-mobile-header-display":"","site-post-title":"","ast-breadcrumbs-content":"","ast-featured-img":"","footer-sml-layout":"","theme-transparent-header-meta":"default","adv-header-id-meta":"","stick-header-meta":"","header-above-stick-meta":"","header-main-stick-meta":"","header-below-stick-meta":"","_joinchat":[]},"product_brand":[],"product_cat":[19],"product_tag":[],"class_list":{"0":"post-363","1":"product","2":"type-product","3":"status-publish","4":"has-post-thumbnail","6":"product_cat-cremas-faciales","8":"first","9":"instock","10":"shipping-taxable","11":"purchasable","12":"product-type-simple"},"aioseo_notices":[],"jetpack-related-posts":[{"id":1428,"url":"https:\/\/makeupbeautymb.com\/index.php\/producto\/parches-vitamina-c-bioaqua\/","url_meta":{"origin":363,"position":0},"title":"PARCHES VITAMINA C BIOAQUA","author":"makeubeauty","date":"20 de July de 2022","format":false,"excerpt":"Previene las arrugas y lucha intensamente contra los signos de envejecimiento. Mascarillas-los parches para los ojos contienen vitamina C para fortalecerla piel y aclararlas ojeras bajo los ojos hidrataci\u00f3n a largo plazo, eliminar\u00e1n las arrugas y las bolsas debajo de los ojos y le dar\u00e1n frescura y juventud.","rel":"","context":"Similar post","block_context":{"text":"Similar post","link":""},"img":{"alt_text":"","src":"https:\/\/i0.wp.com\/makeupbeautymb.com\/wp-content\/uploads\/2022\/07\/WhatsApp-Image-2022-07-19-at-8.10.04-PM-1.jpeg?fit=581%2C599&ssl=1&resize=350%2C200","width":350,"height":200,"srcset":"https:\/\/i0.wp.com\/makeupbeautymb.com\/wp-content\/uploads\/2022\/07\/WhatsApp-Image-2022-07-19-at-8.10.04-PM-1.jpeg?fit=581%2C599&ssl=1&resize=350%2C200 1x, https:\/\/i0.wp.com\/makeupbeautymb.com\/wp-content\/uploads\/2022\/07\/WhatsApp-Image-2022-07-19-at-8.10.04-PM-1.jpeg?fit=581%2C599&ssl=1&resize=525%2C300 1.5x"},"classes":[]},{"id":1426,"url":"https:\/\/makeupbeautymb.com\/index.php\/producto\/parches-durazno-bioaqua\/","url_meta":{"origin":363,"position":1},"title":"PARCHES DURAZNO BIOAQUA","author":"makeubeauty","date":"20 de July de 2022","format":false,"excerpt":"Reducirlas ojeras y las bolsas en los ojos. Ilumina eltono de la piel, levanta y reafirma la piel. Reduce la hinchaz\u00f3n de los ojos y las l\u00edneas finas de los ojos. Reafirmante e hidratante para la zona.","rel":"","context":"Similar post","block_context":{"text":"Similar post","link":""},"img":{"alt_text":"","src":"https:\/\/i0.wp.com\/makeupbeautymb.com\/wp-content\/uploads\/2022\/07\/WhatsApp-Image-2022-07-19-at-8.10.04-PM.jpeg?fit=580%2C538&ssl=1&resize=350%2C200","width":350,"height":200,"srcset":"https:\/\/i0.wp.com\/makeupbeautymb.com\/wp-content\/uploads\/2022\/07\/WhatsApp-Image-2022-07-19-at-8.10.04-PM.jpeg?fit=580%2C538&ssl=1&resize=350%2C200 1x, https:\/\/i0.wp.com\/makeupbeautymb.com\/wp-content\/uploads\/2022\/07\/WhatsApp-Image-2022-07-19-at-8.10.04-PM.jpeg?fit=580%2C538&ssl=1&resize=525%2C300 1.5x"},"classes":[]},{"id":1439,"url":"https:\/\/makeupbeautymb.com\/index.php\/producto\/parches-caviar-images\/","url_meta":{"origin":363,"position":2},"title":"PARCHES CAVIAR IMAGES","author":"makeubeauty","date":"20 de July de 2022","format":false,"excerpt":"Parches nutritivos de hidrogel para ojos con extracto de caviar de aguas profundas. Levanta el \u00e1rea de los ojos, hidrata e ilumina y disminuye las marcas finas. Hidratan y suavizan la piel. Combaten la hinchaz\u00f3n y la pigmentaci\u00f3n, aclaran las ojeras debajo de los ojos.","rel":"","context":"Similar post","block_context":{"text":"Similar post","link":""},"img":{"alt_text":"","src":"https:\/\/i0.wp.com\/makeupbeautymb.com\/wp-content\/uploads\/2022\/07\/WhatsApp-Image-2022-07-19-at-8.10.05-PM-2.jpeg?fit=564%2C558&ssl=1&resize=350%2C200","width":350,"height":200,"srcset":"https:\/\/i0.wp.com\/makeupbeautymb.com\/wp-content\/uploads\/2022\/07\/WhatsApp-Image-2022-07-19-at-8.10.05-PM-2.jpeg?fit=564%2C558&ssl=1&resize=350%2C200 1x, https:\/\/i0.wp.com\/makeupbeautymb.com\/wp-content\/uploads\/2022\/07\/WhatsApp-Image-2022-07-19-at-8.10.05-PM-2.jpeg?fit=564%2C558&ssl=1&resize=525%2C300 1.5x"},"classes":[]},{"id":1397,"url":"https:\/\/makeupbeautymb.com\/index.php\/producto\/mask-burbujas-de-colageno-karite\/","url_meta":{"origin":363,"position":3},"title":"MASK BURBUJAS DE COLAGENO KARITE","author":"makeubeauty","date":"19 de July de 2022","format":false,"excerpt":"Tiene una fuerte afinidad de adsorci\u00f3n, lo que ayuda a eliminar en profundidad el exceso de grasa, los residuos de maquillaje y la suciedad. Deja tu piel suave ,tersa y refrescante con un solo uso. Ayuda a hidratar nuestra piel profundamente y equilibrar el PH de nuestra piel.","rel":"","context":"Similar post","block_context":{"text":"Similar post","link":""},"img":{"alt_text":"","src":"https:\/\/i0.wp.com\/makeupbeautymb.com\/wp-content\/uploads\/2022\/07\/WhatsApp-Image-2022-07-18-at-1.16.21-PM-4.jpeg?fit=512%2C644&ssl=1&resize=350%2C200","width":350,"height":200},"classes":[]},{"id":370,"url":"https:\/\/makeupbeautymb.com\/index.php\/producto\/hybrid-cleansing-balm\/","url_meta":{"origin":363,"position":4},"title":"BANDAS PUNTOS NEGROS TRENDY","author":"makeubeauty","date":"20 de August de 2021","format":false,"excerpt":"Limpia los poros y es reafirmante. - Clarifica el aspecto de la piel. -Tiene propiedades para eliminar el aspecto aceitoso de la piel. -Para Todo tipo de Piel. Limpiarla nariz y la zona T antes de usar. Limpie con una toalla caliente para abrir los poros. Aplicarlimpiador en elrostro y\u2026","rel":"","context":"Similar post","block_context":{"text":"Similar post","link":""},"img":{"alt_text":"","src":"https:\/\/i0.wp.com\/makeupbeautymb.com\/wp-content\/uploads\/2021\/08\/WhatsApp-Image-2022-07-17-at-8.45.45-PM.jpeg?fit=627%2C633&ssl=1&resize=350%2C200","width":350,"height":200,"srcset":"https:\/\/i0.wp.com\/makeupbeautymb.com\/wp-content\/uploads\/2021\/08\/WhatsApp-Image-2022-07-17-at-8.45.45-PM.jpeg?fit=627%2C633&ssl=1&resize=350%2C200 1x, https:\/\/i0.wp.com\/makeupbeautymb.com\/wp-content\/uploads\/2021\/08\/WhatsApp-Image-2022-07-17-at-8.45.45-PM.jpeg?fit=627%2C633&ssl=1&resize=525%2C300 1.5x"},"classes":[]},{"id":1443,"url":"https:\/\/makeupbeautymb.com\/index.php\/producto\/contorno-aloe-vera-bioaqua\/","url_meta":{"origin":363,"position":5},"title":"CONTORNO ALOE VERA BIOAQUA","author":"makeubeauty","date":"20 de July de 2022","format":false,"excerpt":"Crema para el contorno de ojos bioaqua, a base de Aloe Vera Aumento de la turgencia y flexibilidad de la piel. Disminuci\u00f3n de la profundidad de las arrugas. Drena y elimina las toxinas del contorno de los ojos. Efecto calmante, regenerante y antiinflamatorio gracias al Aloe de vera.","rel":"","context":"Similar post","block_context":{"text":"Similar post","link":""},"img":{"alt_text":"","src":"https:\/\/i0.wp.com\/makeupbeautymb.com\/wp-content\/uploads\/2022\/07\/WhatsApp-Image-2022-07-19-at-8.10.06-PM-1.jpeg?fit=491%2C506&ssl=1&resize=350%2C200","width":350,"height":200},"classes":[]}],"_links":{"self":[{"href":"https:\/\/makeupbeautymb.com\/index.php\/wp-json\/wp\/v2\/product\/363","targetHints":{"allow":["GET"]}}],"collection":[{"href":"https:\/\/makeupbeautymb.com\/index.php\/wp-json\/wp\/v2\/product"}],"about":[{"href":"https:\/\/makeupbeautymb.com\/index.php\/wp-json\/wp\/v2\/types\/product"}],"replies":[{"embeddable":true,"href":"https:\/\/makeupbeautymb.com\/index.php\/wp-json\/wp\/v2\/comments?post=363"}],"wp:featuredmedia":[{"embeddable":true,"href":"https:\/\/makeupbeautymb.com\/index.php\/wp-json\/wp\/v2\/media\/1356"}],"wp:attachment":[{"href":"https:\/\/makeupbeautymb.com\/index.php\/wp-json\/wp\/v2\/media?parent=363"}],"wp:term":[{"taxonomy":"product_brand","embeddable":true,"href":"https:\/\/makeupbeautymb.com\/index.php\/wp-json\/wp\/v2\/product_brand?post=363"},{"taxonomy":"product_cat","embeddable":true,"href":"https:\/\/makeupbeautymb.com\/index.php\/wp-json\/wp\/v2\/product_cat?post=363"},{"taxonomy":"product_tag","embeddable":true,"href":"https:\/\/makeupbeautymb.com\/index.php\/wp-json\/wp\/v2\/product_tag?post=363"}],"curies":[{"name":"wp","href":"https:\/\/api.w.org\/{rel}","templated":true}]}}