{"id":362,"date":"2021-08-20T11:43:47","date_gmt":"2021-08-20T11:43:47","guid":{"rendered":"https:\/\/makeupbeautymb.com\/index.php\/producto\/antiaging-skin-oil\/"},"modified":"2022-07-19T14:58:16","modified_gmt":"2022-07-19T14:58:16","slug":"antiaging-skin-oil","status":"publish","type":"product","link":"https:\/\/makeupbeautymb.com\/index.php\/producto\/antiaging-skin-oil\/","title":{"rendered":"CREMA AGUACATE BIOAQUA"},"content":{"rendered":"","protected":false},"excerpt":{"rendered":"<p>La gran cantidad de \u00e1cidos grasos del<br \/>\naguacate humecta todo tipo de pieles a<br \/>\nprofundidad, especialmente aquellas que<br \/>\nson muy secas, apagadas o que sufren de<br \/>\ndescamaci\u00f3n. Adem\u00e1s, el \u00e1cido oleico en su<br \/>\ncontenido elimina las c\u00e9lulas muertas y<br \/>\nunifica la textura facial.<\/p>\n","protected":false},"featured_media":1358,"comment_status":"open","ping_status":"closed","template":"","meta":{"om_disable_all_campaigns":false,"_monsterinsights_skip_tracking":false,"_monsterinsights_sitenote_active":false,"_monsterinsights_sitenote_note":"","_monsterinsights_sitenote_category":0,"site-sidebar-layout":"default","site-content-layout":"content-boxed-container","ast-global-header-display":"","ast-main-header-display":"","ast-hfb-above-header-display":"","ast-hfb-below-header-display":"","ast-hfb-mobile-header-display":"","site-post-title":"","ast-breadcrumbs-content":"","ast-featured-img":"","footer-sml-layout":"","theme-transparent-header-meta":"default","adv-header-id-meta":"","stick-header-meta":"","header-above-stick-meta":"","header-main-stick-meta":"","header-below-stick-meta":"","_joinchat":[]},"product_brand":[],"product_cat":[19],"product_tag":[],"class_list":{"0":"post-362","1":"product","2":"type-product","3":"status-publish","4":"has-post-thumbnail","6":"product_cat-cremas-faciales","8":"first","9":"instock","10":"shipping-taxable","11":"purchasable","12":"product-type-simple"},"aioseo_notices":[],"jetpack-related-posts":[{"id":1404,"url":"https:\/\/makeupbeautymb.com\/index.php\/producto\/velo-aguacate-bioaqua\/","url_meta":{"origin":362,"position":0},"title":"VELO AGUACATE BIOAQUA","author":"makeubeauty","date":"20 de July de 2022","format":false,"excerpt":"Mascarilla en velo hidratante de aguacate y antienvejecimiento para el cuidado de la piel, con varios extractos de plantas que ayudan a controlar el acn\u00e9, a blanquear y al antienvejecimiento. Esta mascarilla a base de aceite de aguacate aporta nutrici\u00f3n profunda a la piel dej\u00e1ndola radiante y luminosa.","rel":"","context":"Similar post","block_context":{"text":"Similar post","link":""},"img":{"alt_text":"","src":"https:\/\/i0.wp.com\/makeupbeautymb.com\/wp-content\/uploads\/2022\/07\/WhatsApp-Image-2022-07-19-at-8.10.00-PM-1.jpeg?fit=550%2C590&ssl=1&resize=350%2C200","width":350,"height":200,"srcset":"https:\/\/i0.wp.com\/makeupbeautymb.com\/wp-content\/uploads\/2022\/07\/WhatsApp-Image-2022-07-19-at-8.10.00-PM-1.jpeg?fit=550%2C590&ssl=1&resize=350%2C200 1x, https:\/\/i0.wp.com\/makeupbeautymb.com\/wp-content\/uploads\/2022\/07\/WhatsApp-Image-2022-07-19-at-8.10.00-PM-1.jpeg?fit=550%2C590&ssl=1&resize=525%2C300 1.5x"},"classes":[]},{"id":1433,"url":"https:\/\/makeupbeautymb.com\/index.php\/producto\/serum-acido-hialuronico-bioaqua\/","url_meta":{"origin":362,"position":1},"title":"SERUM ACIDO HIALURONICO BIOAQUA","author":"makeubeauty","date":"20 de July de 2022","format":false,"excerpt":"Reduce las l\u00edneas de expresi\u00f3n y signos de envejecimiento usando continuamente el producto y a mediano plazo. Perfecto para una piel m\u00e1s joven y flexible. Textura que se absorbe en 3-5 minutos despu\u00e9s de aplicarlo.","rel":"","context":"Similar post","block_context":{"text":"Similar post","link":""},"img":{"alt_text":"","src":"https:\/\/i0.wp.com\/makeupbeautymb.com\/wp-content\/uploads\/2022\/07\/WhatsApp-Image-2022-07-19-at-8.10.04-PM-3.jpeg?fit=583%2C653&ssl=1&resize=350%2C200","width":350,"height":200,"srcset":"https:\/\/i0.wp.com\/makeupbeautymb.com\/wp-content\/uploads\/2022\/07\/WhatsApp-Image-2022-07-19-at-8.10.04-PM-3.jpeg?fit=583%2C653&ssl=1&resize=350%2C200 1x, https:\/\/i0.wp.com\/makeupbeautymb.com\/wp-content\/uploads\/2022\/07\/WhatsApp-Image-2022-07-19-at-8.10.04-PM-3.jpeg?fit=583%2C653&ssl=1&resize=525%2C300 1.5x"},"classes":[]},{"id":1445,"url":"https:\/\/makeupbeautymb.com\/index.php\/producto\/contorno-roll-on-acido-hialuronico\/","url_meta":{"origin":362,"position":2},"title":"CONTORNO ROLL ON ACIDO HIALURONICO","author":"makeubeauty","date":"20 de July de 2022","format":false,"excerpt":"Aporta propiedades hidratantes, regeneradoras y antiinflamatorias. Lucir\u00e1s una mirada m\u00e1s fresca y despierta. - Hidrata y nutre esta zona tan sensible. - Ayuda a desinflamar el contorno de ojos.","rel":"","context":"Similar post","block_context":{"text":"Similar post","link":""},"img":{"alt_text":"","src":"https:\/\/i0.wp.com\/makeupbeautymb.com\/wp-content\/uploads\/2022\/07\/WhatsApp-Image-2022-07-19-at-8.10.06-PM-2.jpeg?fit=419%2C501&ssl=1&resize=350%2C200","width":350,"height":200},"classes":[]},{"id":364,"url":"https:\/\/makeupbeautymb.com\/index.php\/producto\/hydrating-gel-oil\/","url_meta":{"origin":362,"position":3},"title":"CREMA ACIDO HIALURONICO BIOAQUA","author":"makeubeauty","date":"20 de August de 2021","format":false,"excerpt":"Hidratante y humectante. Antienvejecimiento. Altamanente Nutritiva. Contra la p\u00e9rdida de volumen, da firmeza. Preventivo y correctivo de las arrugas. Para todas las pieles, especialmente las secas. Aporta elasticidad, flexibilidad y protecci\u00f3n. Apta para hombres y mujeres.","rel":"","context":"Similar post","block_context":{"text":"Similar post","link":""},"img":{"alt_text":"","src":"https:\/\/i0.wp.com\/makeupbeautymb.com\/wp-content\/uploads\/2021\/08\/WhatsApp-Image-2022-07-18-at-12.14.42-PM.jpeg?fit=631%2C443&ssl=1&resize=350%2C200","width":350,"height":200,"srcset":"https:\/\/i0.wp.com\/makeupbeautymb.com\/wp-content\/uploads\/2021\/08\/WhatsApp-Image-2022-07-18-at-12.14.42-PM.jpeg?fit=631%2C443&ssl=1&resize=350%2C200 1x, https:\/\/i0.wp.com\/makeupbeautymb.com\/wp-content\/uploads\/2021\/08\/WhatsApp-Image-2022-07-18-at-12.14.42-PM.jpeg?fit=631%2C443&ssl=1&resize=525%2C300 1.5x"},"classes":[]},{"id":1456,"url":"https:\/\/makeupbeautymb.com\/index.php\/producto\/exfoliante-fresas-karite\/","url_meta":{"origin":362,"position":4},"title":"EXFOLIANTE FRESAS KARITE","author":"makeubeauty","date":"21 de July de 2022","format":false,"excerpt":"Gracias a su contenido en \u00e1cido salic\u00edlico, ayudan a exfoliarla piel de forma profunda eliminando todas las c\u00e9lulas muertas acumuladas y aportando al mismo tiempo un aroma muy agradable. Hidratan y nutren la dermis dej\u00e1ndola mucho m\u00e1s suave al tacto.","rel":"","context":"Similar post","block_context":{"text":"Similar post","link":""},"img":{"alt_text":"","src":"https:\/\/i0.wp.com\/makeupbeautymb.com\/wp-content\/uploads\/2022\/07\/WhatsApp-Image-2022-07-20-at-8.17.18-PM.jpeg?fit=405%2C581&ssl=1&resize=350%2C200","width":350,"height":200},"classes":[]},{"id":1443,"url":"https:\/\/makeupbeautymb.com\/index.php\/producto\/contorno-aloe-vera-bioaqua\/","url_meta":{"origin":362,"position":5},"title":"CONTORNO ALOE VERA BIOAQUA","author":"makeubeauty","date":"20 de July de 2022","format":false,"excerpt":"Crema para el contorno de ojos bioaqua, a base de Aloe Vera Aumento de la turgencia y flexibilidad de la piel. Disminuci\u00f3n de la profundidad de las arrugas. Drena y elimina las toxinas del contorno de los ojos. Efecto calmante, regenerante y antiinflamatorio gracias al Aloe de vera.","rel":"","context":"Similar post","block_context":{"text":"Similar post","link":""},"img":{"alt_text":"","src":"https:\/\/i0.wp.com\/makeupbeautymb.com\/wp-content\/uploads\/2022\/07\/WhatsApp-Image-2022-07-19-at-8.10.06-PM-1.jpeg?fit=491%2C506&ssl=1&resize=350%2C200","width":350,"height":200},"classes":[]}],"_links":{"self":[{"href":"https:\/\/makeupbeautymb.com\/index.php\/wp-json\/wp\/v2\/product\/362","targetHints":{"allow":["GET"]}}],"collection":[{"href":"https:\/\/makeupbeautymb.com\/index.php\/wp-json\/wp\/v2\/product"}],"about":[{"href":"https:\/\/makeupbeautymb.com\/index.php\/wp-json\/wp\/v2\/types\/product"}],"replies":[{"embeddable":true,"href":"https:\/\/makeupbeautymb.com\/index.php\/wp-json\/wp\/v2\/comments?post=362"}],"wp:featuredmedia":[{"embeddable":true,"href":"https:\/\/makeupbeautymb.com\/index.php\/wp-json\/wp\/v2\/media\/1358"}],"wp:attachment":[{"href":"https:\/\/makeupbeautymb.com\/index.php\/wp-json\/wp\/v2\/media?parent=362"}],"wp:term":[{"taxonomy":"product_brand","embeddable":true,"href":"https:\/\/makeupbeautymb.com\/index.php\/wp-json\/wp\/v2\/product_brand?post=362"},{"taxonomy":"product_cat","embeddable":true,"href":"https:\/\/makeupbeautymb.com\/index.php\/wp-json\/wp\/v2\/product_cat?post=362"},{"taxonomy":"product_tag","embeddable":true,"href":"https:\/\/makeupbeautymb.com\/index.php\/wp-json\/wp\/v2\/product_tag?post=362"}],"curies":[{"name":"wp","href":"https:\/\/api.w.org\/{rel}","templated":true}]}}