{"id":361,"date":"2021-08-20T11:42:55","date_gmt":"2021-08-20T11:42:55","guid":{"rendered":"https:\/\/makeupbeautymb.com\/index.php\/producto\/complex-sunscreen-balm\/"},"modified":"2022-07-19T14:59:56","modified_gmt":"2022-07-19T14:59:56","slug":"complex-sunscreen-balm","status":"publish","type":"product","link":"https:\/\/makeupbeautymb.com\/index.php\/producto\/complex-sunscreen-balm\/","title":{"rendered":"CREMA DE NOCHE KARITE"},"content":{"rendered":"","protected":false},"excerpt":{"rendered":"<p>Crema de noche hidratante de acido<br \/>\nhialuronico matificante para pieles mixtas<br \/>\na grasas con 5 beneficios: hidrata,<br \/>\ncombate el brillo,reequilibra y reduce<br \/>\nporos e imperfecciones.<\/p>\n","protected":false},"featured_media":1360,"comment_status":"open","ping_status":"closed","template":"","meta":{"om_disable_all_campaigns":false,"_monsterinsights_skip_tracking":false,"_monsterinsights_sitenote_active":false,"_monsterinsights_sitenote_note":"","_monsterinsights_sitenote_category":0,"site-sidebar-layout":"default","site-content-layout":"content-boxed-container","ast-global-header-display":"","ast-main-header-display":"","ast-hfb-above-header-display":"","ast-hfb-below-header-display":"","ast-hfb-mobile-header-display":"","site-post-title":"","ast-breadcrumbs-content":"","ast-featured-img":"","footer-sml-layout":"","theme-transparent-header-meta":"default","adv-header-id-meta":"","stick-header-meta":"","header-above-stick-meta":"","header-main-stick-meta":"","header-below-stick-meta":"","_joinchat":[]},"product_brand":[],"product_cat":[19],"product_tag":[],"class_list":{"0":"post-361","1":"product","2":"type-product","3":"status-publish","4":"has-post-thumbnail","6":"product_cat-cremas-faciales","8":"first","9":"instock","10":"shipping-taxable","11":"purchasable","12":"product-type-simple"},"aioseo_notices":[],"jetpack-related-posts":[{"id":1400,"url":"https:\/\/makeupbeautymb.com\/index.php\/producto\/contorno-reafirmante-bioaqua\/","url_meta":{"origin":361,"position":0},"title":"CONTORNO REAFIRMANTE BIOAQUA","author":"makeubeauty","date":"20 de July de 2022","format":false,"excerpt":"Esta crema para ojos puede suavizar y tensarla piel ,repone la humedad, hace que el p\u00e1rpado del ojo sea m\u00e1s brillante y con elastisidad. *M\u00e9todo de uso:todas las ma\u00f1anas y noches, aplicarla cantidad necesaria, aplicarse suavemente. * RESULTADOS: una semana despu\u00e9s Notar\u00e1s los Incre\u00edbles CAMBIOS EN TU PIEL","rel":"","context":"Similar post","block_context":{"text":"Similar post","link":""},"img":{"alt_text":"","src":"https:\/\/i0.wp.com\/makeupbeautymb.com\/wp-content\/uploads\/2022\/07\/WhatsApp-Image-2022-07-19-at-8.09.59-PM.jpeg?fit=513%2C518&ssl=1&resize=350%2C200","width":350,"height":200},"classes":[]},{"id":342,"url":"https:\/\/makeupbeautymb.com\/index.php\/producto\/milky-gentle-cleanser\/","url_meta":{"origin":361,"position":1},"title":"CREMA DE DIA KARITE","author":"makeubeauty","date":"20 de August de 2021","format":false,"excerpt":"Crema hidratante matificante para pieles mixtas a grasas con 5 beneficios: hidrata, combate el brillo,reequilibra y reduce poros e imperfecciones","rel":"","context":"Similar post","block_context":{"text":"Similar post","link":""},"img":{"alt_text":"","src":"https:\/\/i0.wp.com\/makeupbeautymb.com\/wp-content\/uploads\/2021\/08\/WhatsApp-Image-2022-07-18-at-12.45.55-PM.jpeg?fit=542%2C590&ssl=1&resize=350%2C200","width":350,"height":200,"srcset":"https:\/\/i0.wp.com\/makeupbeautymb.com\/wp-content\/uploads\/2021\/08\/WhatsApp-Image-2022-07-18-at-12.45.55-PM.jpeg?fit=542%2C590&ssl=1&resize=350%2C200 1x, https:\/\/i0.wp.com\/makeupbeautymb.com\/wp-content\/uploads\/2021\/08\/WhatsApp-Image-2022-07-18-at-12.45.55-PM.jpeg?fit=542%2C590&ssl=1&resize=525%2C300 1.5x"},"classes":[]},{"id":1443,"url":"https:\/\/makeupbeautymb.com\/index.php\/producto\/contorno-aloe-vera-bioaqua\/","url_meta":{"origin":361,"position":2},"title":"CONTORNO ALOE VERA BIOAQUA","author":"makeubeauty","date":"20 de July de 2022","format":false,"excerpt":"Crema para el contorno de ojos bioaqua, a base de Aloe Vera Aumento de la turgencia y flexibilidad de la piel. Disminuci\u00f3n de la profundidad de las arrugas. Drena y elimina las toxinas del contorno de los ojos. Efecto calmante, regenerante y antiinflamatorio gracias al Aloe de vera.","rel":"","context":"Similar post","block_context":{"text":"Similar post","link":""},"img":{"alt_text":"","src":"https:\/\/i0.wp.com\/makeupbeautymb.com\/wp-content\/uploads\/2022\/07\/WhatsApp-Image-2022-07-19-at-8.10.06-PM-1.jpeg?fit=491%2C506&ssl=1&resize=350%2C200","width":350,"height":200},"classes":[]},{"id":364,"url":"https:\/\/makeupbeautymb.com\/index.php\/producto\/hydrating-gel-oil\/","url_meta":{"origin":361,"position":3},"title":"CREMA ACIDO HIALURONICO BIOAQUA","author":"makeubeauty","date":"20 de August de 2021","format":false,"excerpt":"Hidratante y humectante. Antienvejecimiento. Altamanente Nutritiva. Contra la p\u00e9rdida de volumen, da firmeza. Preventivo y correctivo de las arrugas. Para todas las pieles, especialmente las secas. Aporta elasticidad, flexibilidad y protecci\u00f3n. Apta para hombres y mujeres.","rel":"","context":"Similar post","block_context":{"text":"Similar post","link":""},"img":{"alt_text":"","src":"https:\/\/i0.wp.com\/makeupbeautymb.com\/wp-content\/uploads\/2021\/08\/WhatsApp-Image-2022-07-18-at-12.14.42-PM.jpeg?fit=631%2C443&ssl=1&resize=350%2C200","width":350,"height":200,"srcset":"https:\/\/i0.wp.com\/makeupbeautymb.com\/wp-content\/uploads\/2021\/08\/WhatsApp-Image-2022-07-18-at-12.14.42-PM.jpeg?fit=631%2C443&ssl=1&resize=350%2C200 1x, https:\/\/i0.wp.com\/makeupbeautymb.com\/wp-content\/uploads\/2021\/08\/WhatsApp-Image-2022-07-18-at-12.14.42-PM.jpeg?fit=631%2C443&ssl=1&resize=525%2C300 1.5x"},"classes":[]},{"id":363,"url":"https:\/\/makeupbeautymb.com\/index.php\/producto\/cleanser-concentrate\/","url_meta":{"origin":361,"position":4},"title":"CREMA ARANDANOS BIOAQUA","author":"makeubeauty","date":"20 de August de 2021","format":false,"excerpt":"Los ar\u00e1ndanos, al concentrar sustancias antioxidantes como la vitamina C y las antocianinas, inhiben la acci\u00f3n de los radicales libres sobre las c\u00e9lulas y brindan un efecto protector frente a los da\u00f1os que causan en la piel. Disminuyen el riesgo de envejecimiento prematuro","rel":"","context":"Similar post","block_context":{"text":"Similar post","link":""},"img":{"alt_text":"","src":"https:\/\/i0.wp.com\/makeupbeautymb.com\/wp-content\/uploads\/2021\/08\/WhatsApp-Image-2022-07-18-at-12.45.04-PM.jpeg?fit=606%2C489&ssl=1&resize=350%2C200","width":350,"height":200,"srcset":"https:\/\/i0.wp.com\/makeupbeautymb.com\/wp-content\/uploads\/2021\/08\/WhatsApp-Image-2022-07-18-at-12.45.04-PM.jpeg?fit=606%2C489&ssl=1&resize=350%2C200 1x, https:\/\/i0.wp.com\/makeupbeautymb.com\/wp-content\/uploads\/2021\/08\/WhatsApp-Image-2022-07-18-at-12.45.04-PM.jpeg?fit=606%2C489&ssl=1&resize=525%2C300 1.5x"},"classes":[]},{"id":1536,"url":"https:\/\/makeupbeautymb.com\/index.php\/producto\/rubores-de-perlas\/","url_meta":{"origin":361,"position":5},"title":"RUBORES DE PERLAS","author":"makeubeauty","date":"21 de July de 2022","format":false,"excerpt":"","rel":"","context":"Similar post","block_context":{"text":"Similar post","link":""},"img":{"alt_text":"","src":"https:\/\/i0.wp.com\/makeupbeautymb.com\/wp-content\/uploads\/2022\/07\/WhatsApp-Image-2022-07-20-at-8.23.27-PM.jpeg?fit=446%2C446&ssl=1&resize=350%2C200","width":350,"height":200},"classes":[]}],"_links":{"self":[{"href":"https:\/\/makeupbeautymb.com\/index.php\/wp-json\/wp\/v2\/product\/361","targetHints":{"allow":["GET"]}}],"collection":[{"href":"https:\/\/makeupbeautymb.com\/index.php\/wp-json\/wp\/v2\/product"}],"about":[{"href":"https:\/\/makeupbeautymb.com\/index.php\/wp-json\/wp\/v2\/types\/product"}],"replies":[{"embeddable":true,"href":"https:\/\/makeupbeautymb.com\/index.php\/wp-json\/wp\/v2\/comments?post=361"}],"wp:featuredmedia":[{"embeddable":true,"href":"https:\/\/makeupbeautymb.com\/index.php\/wp-json\/wp\/v2\/media\/1360"}],"wp:attachment":[{"href":"https:\/\/makeupbeautymb.com\/index.php\/wp-json\/wp\/v2\/media?parent=361"}],"wp:term":[{"taxonomy":"product_brand","embeddable":true,"href":"https:\/\/makeupbeautymb.com\/index.php\/wp-json\/wp\/v2\/product_brand?post=361"},{"taxonomy":"product_cat","embeddable":true,"href":"https:\/\/makeupbeautymb.com\/index.php\/wp-json\/wp\/v2\/product_cat?post=361"},{"taxonomy":"product_tag","embeddable":true,"href":"https:\/\/makeupbeautymb.com\/index.php\/wp-json\/wp\/v2\/product_tag?post=361"}],"curies":[{"name":"wp","href":"https:\/\/api.w.org\/{rel}","templated":true}]}}