{"id":340,"date":"2021-08-20T11:34:02","date_gmt":"2021-08-20T11:34:02","guid":{"rendered":"https:\/\/makeupbeautymb.com\/index.php\/producto\/refreshing-cleansing-balm\/"},"modified":"2022-07-19T14:56:25","modified_gmt":"2022-07-19T14:56:25","slug":"refreshing-cleansing-balm","status":"publish","type":"product","link":"https:\/\/makeupbeautymb.com\/index.php\/producto\/refreshing-cleansing-balm\/","title":{"rendered":"MASK EN GEL ALOE VERA BIOAQUA"},"content":{"rendered":"","protected":false},"excerpt":{"rendered":"<p>Su textura gel contiene extracto puro de<br \/>\na\u0301loe vera rico en aminoa\u0301cidos, enzimas<br \/>\nactivas que ayudan a reponerla pe\u0301rdida de<br \/>\nhumedad, hace que tu piel sea ma\u0301s suave,<br \/>\ntersa y humectada<\/p>\n<p>Tiene mu\u0301ltiples beneficios para tu rostro<br \/>\nHidrata, de fa\u0301cil absorcio\u0301n, Ayuda a<br \/>\neliminar el acne\u0301. Elimina las ce\u0301lulas<br \/>\nmuertas de la piel.<\/p>\n","protected":false},"featured_media":1366,"comment_status":"open","ping_status":"closed","template":"","meta":{"om_disable_all_campaigns":false,"_monsterinsights_skip_tracking":false,"_monsterinsights_sitenote_active":false,"_monsterinsights_sitenote_note":"","_monsterinsights_sitenote_category":0,"site-sidebar-layout":"default","site-content-layout":"content-boxed-container","ast-global-header-display":"","ast-main-header-display":"","ast-hfb-above-header-display":"","ast-hfb-below-header-display":"","ast-hfb-mobile-header-display":"","site-post-title":"","ast-breadcrumbs-content":"","ast-featured-img":"","footer-sml-layout":"","theme-transparent-header-meta":"default","adv-header-id-meta":"","stick-header-meta":"","header-above-stick-meta":"","header-main-stick-meta":"","header-below-stick-meta":"","_joinchat":[]},"product_brand":[],"product_cat":[21],"product_tag":[],"class_list":{"0":"post-340","1":"product","2":"type-product","3":"status-publish","4":"has-post-thumbnail","6":"product_cat-mascarillas","8":"first","9":"instock","10":"shipping-taxable","11":"purchasable","12":"product-type-simple"},"aioseo_notices":[],"jetpack-related-posts":[{"id":341,"url":"https:\/\/makeupbeautymb.com\/index.php\/producto\/cream-to-foam-lotion\/","url_meta":{"origin":340,"position":0},"title":"MASK EN GEL ALOE VERA BIOAQUA","author":"makeubeauty","date":"20 de August de 2021","format":false,"excerpt":"Su textura gel contiene extracto puro de a\u0301loe vera rico en aminoa\u0301cidos, enzimas activas que ayudan a reponerla pe\u0301rdida de humedad, hace que tu piel sea ma\u0301s suave, tersa y humectada Tiene mu\u0301ltiples beneficios para tu rostro Hidrata, de fa\u0301cil absorcio\u0301n, Ayuda a eliminar el acne\u0301. Elimina las ce\u0301lulas muertas\u2026","rel":"","context":"Similar post","block_context":{"text":"Similar post","link":""},"img":{"alt_text":"","src":"https:\/\/i0.wp.com\/makeupbeautymb.com\/wp-content\/uploads\/2021\/08\/WhatsApp-Image-2022-07-18-at-1.16.19-PM.jpeg?fit=604%2C596&ssl=1&resize=350%2C200","width":350,"height":200,"srcset":"https:\/\/i0.wp.com\/makeupbeautymb.com\/wp-content\/uploads\/2021\/08\/WhatsApp-Image-2022-07-18-at-1.16.19-PM.jpeg?fit=604%2C596&ssl=1&resize=350%2C200 1x, https:\/\/i0.wp.com\/makeupbeautymb.com\/wp-content\/uploads\/2021\/08\/WhatsApp-Image-2022-07-18-at-1.16.19-PM.jpeg?fit=604%2C596&ssl=1&resize=525%2C300 1.5x"},"classes":[]},{"id":365,"url":"https:\/\/makeupbeautymb.com\/index.php\/producto\/balancing-daily-cleanser\/","url_meta":{"origin":340,"position":1},"title":"CREMA EN GEL ALOE VERA BIOAQUA","author":"makeubeauty","date":"20 de August de 2021","format":false,"excerpt":"GEL ALOE VERA BIOAQUA Ayuda a controlarla grasa de la piel, el acn\u00e9, mientras la hidrata y la humecta al instante. Al mismo tiempo te ayuda a cicatrizar y repararlos da\u00f1os en la piel causados por el sol. Relaja y disminuye las bolsas formadas en la parte inferior del contorno\u2026","rel":"","context":"Similar post","block_context":{"text":"Similar post","link":""},"img":{"alt_text":"","src":"https:\/\/i0.wp.com\/makeupbeautymb.com\/wp-content\/uploads\/2021\/08\/WhatsApp-Image-2022-07-18-at-12.14.18-PM.jpeg?fit=509%2C720&ssl=1&resize=350%2C200","width":350,"height":200},"classes":[]},{"id":1416,"url":"https:\/\/makeupbeautymb.com\/index.php\/producto\/serum-oil-aloe-vera-karite\/","url_meta":{"origin":340,"position":2},"title":"SERUM OIL ALOE VERA KARITE","author":"makeubeauty","date":"20 de July de 2022","format":false,"excerpt":"Suero en gotero de aloe vera, ayuda a humectarla piel, adem\u00e1s da un aspecto saludable y luminoso Es un importante Regenerador celular, cicatrizante ,tonificante, de usarse regularmente evita las arrugas prematuras. Ideal para pieles secas.","rel":"","context":"Similar post","block_context":{"text":"Similar post","link":""},"img":{"alt_text":"","src":"https:\/\/i0.wp.com\/makeupbeautymb.com\/wp-content\/uploads\/2022\/07\/WhatsApp-Image-2022-07-19-at-8.10.02-PM-3.jpeg?fit=480%2C478&ssl=1&resize=350%2C200","width":350,"height":200},"classes":[]},{"id":1379,"url":"https:\/\/makeupbeautymb.com\/index.php\/producto\/mask-tipo-helado-aloe-vera-kiss-beauty\/","url_meta":{"origin":340,"position":3},"title":"MASK TIPO HELADO ALOE VERA KISS BEAUTY","author":"makeubeauty","date":"19 de July de 2022","format":false,"excerpt":"Mascarilla de helado by Kiss Beauty Es una mascarilla tipo arcilla en presentaci\u00f3n con forma de helado,tiene un olor delicioso. La funci\u00f3n de las mascarillas de helado es limpiar profundamente la piel,retirar impurezas y c\u00e9lulas muertas. Aportan Luminosidad y suavidad. Son ideales para todo tipo de piel","rel":"","context":"Similar post","block_context":{"text":"Similar post","link":""},"img":{"alt_text":"","src":"https:\/\/i0.wp.com\/makeupbeautymb.com\/wp-content\/uploads\/2022\/07\/WhatsApp-Image-2022-07-18-at-1.16.20-PM-2.jpeg?fit=635%2C633&ssl=1&resize=350%2C200","width":350,"height":200,"srcset":"https:\/\/i0.wp.com\/makeupbeautymb.com\/wp-content\/uploads\/2022\/07\/WhatsApp-Image-2022-07-18-at-1.16.20-PM-2.jpeg?fit=635%2C633&ssl=1&resize=350%2C200 1x, https:\/\/i0.wp.com\/makeupbeautymb.com\/wp-content\/uploads\/2022\/07\/WhatsApp-Image-2022-07-18-at-1.16.20-PM-2.jpeg?fit=635%2C633&ssl=1&resize=525%2C300 1.5x"},"classes":[]},{"id":1443,"url":"https:\/\/makeupbeautymb.com\/index.php\/producto\/contorno-aloe-vera-bioaqua\/","url_meta":{"origin":340,"position":4},"title":"CONTORNO ALOE VERA BIOAQUA","author":"makeubeauty","date":"20 de July de 2022","format":false,"excerpt":"Crema para el contorno de ojos bioaqua, a base de Aloe Vera Aumento de la turgencia y flexibilidad de la piel. Disminuci\u00f3n de la profundidad de las arrugas. Drena y elimina las toxinas del contorno de los ojos. Efecto calmante, regenerante y antiinflamatorio gracias al Aloe de vera.","rel":"","context":"Similar post","block_context":{"text":"Similar post","link":""},"img":{"alt_text":"","src":"https:\/\/i0.wp.com\/makeupbeautymb.com\/wp-content\/uploads\/2022\/07\/WhatsApp-Image-2022-07-19-at-8.10.06-PM-1.jpeg?fit=491%2C506&ssl=1&resize=350%2C200","width":350,"height":200},"classes":[]},{"id":1390,"url":"https:\/\/makeupbeautymb.com\/index.php\/producto\/mask-en-gel-rosas-karite\/","url_meta":{"origin":340,"position":5},"title":"MASK EN GEL ROSAS KARITE","author":"makeubeauty","date":"19 de July de 2022","format":false,"excerpt":"Mascarilla en gel de rosas con petalos Repara la piel da\u00f1ada. Profundiza en los poros. Repone la hidrataci\u00f3n y la nutrici\u00f3n. Retiene la humedad y humecta. Mejora la sequedad de la piel \u00e1spera y l\u00edneas de expresi\u00f3n. Deja la piel suave y brillante.","rel":"","context":"Similar post","block_context":{"text":"Similar post","link":""},"img":{"alt_text":"","src":"https:\/\/i0.wp.com\/makeupbeautymb.com\/wp-content\/uploads\/2022\/07\/WhatsApp-Image-2022-07-18-at-1.16.20-PM-3.jpeg?fit=499%2C623&ssl=1&resize=350%2C200","width":350,"height":200},"classes":[]}],"_links":{"self":[{"href":"https:\/\/makeupbeautymb.com\/index.php\/wp-json\/wp\/v2\/product\/340","targetHints":{"allow":["GET"]}}],"collection":[{"href":"https:\/\/makeupbeautymb.com\/index.php\/wp-json\/wp\/v2\/product"}],"about":[{"href":"https:\/\/makeupbeautymb.com\/index.php\/wp-json\/wp\/v2\/types\/product"}],"replies":[{"embeddable":true,"href":"https:\/\/makeupbeautymb.com\/index.php\/wp-json\/wp\/v2\/comments?post=340"}],"wp:featuredmedia":[{"embeddable":true,"href":"https:\/\/makeupbeautymb.com\/index.php\/wp-json\/wp\/v2\/media\/1366"}],"wp:attachment":[{"href":"https:\/\/makeupbeautymb.com\/index.php\/wp-json\/wp\/v2\/media?parent=340"}],"wp:term":[{"taxonomy":"product_brand","embeddable":true,"href":"https:\/\/makeupbeautymb.com\/index.php\/wp-json\/wp\/v2\/product_brand?post=340"},{"taxonomy":"product_cat","embeddable":true,"href":"https:\/\/makeupbeautymb.com\/index.php\/wp-json\/wp\/v2\/product_cat?post=340"},{"taxonomy":"product_tag","embeddable":true,"href":"https:\/\/makeupbeautymb.com\/index.php\/wp-json\/wp\/v2\/product_tag?post=340"}],"curies":[{"name":"wp","href":"https:\/\/api.w.org\/{rel}","templated":true}]}}