{"id":1489,"date":"2022-07-21T15:01:44","date_gmt":"2022-07-21T15:01:44","guid":{"rendered":"https:\/\/makeupbeautymb.com\/?post_type=product&#038;p=1489"},"modified":"2022-07-21T15:01:44","modified_gmt":"2022-07-21T15:01:44","slug":"fijador-con-proctector-solar-kiss-beauty","status":"publish","type":"product","link":"https:\/\/makeupbeautymb.com\/index.php\/producto\/fijador-con-proctector-solar-kiss-beauty\/","title":{"rendered":"FIJADOR CON PROCTECTOR SOLAR KISS BEAUTY"},"content":{"rendered":"","protected":false},"excerpt":{"rendered":"<p>La funci\u00f3n de un spray fijador es la de<br \/>\nprolongarla duraci\u00f3n del maquillaje y<br \/>\nllevarlo intacto durante todo el d\u00eda sin esa<br \/>\nnecesidad de volver a aplicarla base ni la<br \/>\nbrocha para dar color a las mejillas. \u201cEl<br \/>\nfijador de maquillaje es una especie de laca<br \/>\npara el rostro.<\/p>\n","protected":false},"featured_media":1490,"comment_status":"open","ping_status":"closed","template":"","meta":{"om_disable_all_campaigns":false,"_monsterinsights_skip_tracking":false,"_monsterinsights_sitenote_active":false,"_monsterinsights_sitenote_note":"","_monsterinsights_sitenote_category":0,"site-sidebar-layout":"default","site-content-layout":"default","ast-global-header-display":"","ast-main-header-display":"","ast-hfb-above-header-display":"","ast-hfb-below-header-display":"","ast-hfb-mobile-header-display":"","site-post-title":"","ast-breadcrumbs-content":"","ast-featured-img":"","footer-sml-layout":"","theme-transparent-header-meta":"default","adv-header-id-meta":"","stick-header-meta":"","header-above-stick-meta":"","header-main-stick-meta":"","header-below-stick-meta":"","_joinchat":[]},"product_brand":[],"product_cat":[19],"product_tag":[],"class_list":{"0":"post-1489","1":"product","2":"type-product","3":"status-publish","4":"has-post-thumbnail","6":"product_cat-cremas-faciales","8":"first","9":"instock","10":"shipping-taxable","11":"purchasable","12":"product-type-simple"},"aioseo_notices":[],"jetpack-related-posts":[{"id":1495,"url":"https:\/\/makeupbeautymb.com\/index.php\/producto\/fijador-ushas\/","url_meta":{"origin":1489,"position":0},"title":"FIJADOR USHAS","author":"makeubeauty","date":"21 de July de 2022","format":false,"excerpt":"La funci\u00f3n de un spray fijador es la de prolongarla duraci\u00f3n del maquillaje y llevarlo intacto durante todo el d\u00eda sin esa necesidad de volver a aplicarla base ni la brocha para dar color a las mejillas. \u201cEl fijador de maquillaje es una especie de laca para el rostro.","rel":"","context":"Similar post","block_context":{"text":"Similar post","link":""},"img":{"alt_text":"","src":"https:\/\/i0.wp.com\/makeupbeautymb.com\/wp-content\/uploads\/2022\/07\/WhatsApp-Image-2022-07-20-at-8.17.53-PM.jpeg?fit=535%2C438&ssl=1&resize=350%2C200","width":350,"height":200,"srcset":"https:\/\/i0.wp.com\/makeupbeautymb.com\/wp-content\/uploads\/2022\/07\/WhatsApp-Image-2022-07-20-at-8.17.53-PM.jpeg?fit=535%2C438&ssl=1&resize=350%2C200 1x, https:\/\/i0.wp.com\/makeupbeautymb.com\/wp-content\/uploads\/2022\/07\/WhatsApp-Image-2022-07-20-at-8.17.53-PM.jpeg?fit=535%2C438&ssl=1&resize=525%2C300 1.5x"},"classes":[]},{"id":1497,"url":"https:\/\/makeupbeautymb.com\/index.php\/producto\/fijador-calendula-kiss-beauty\/","url_meta":{"origin":1489,"position":1},"title":"FIJADOR CALENDULA KISS BEAUTY","author":"makeubeauty","date":"21 de July de 2022","format":false,"excerpt":"Este spray fijador de maquillaje mantiene tu belleza en marcha, \u00a1es un roc\u00edo r\u00e1pido que ayuda a fijar el maquillaje en su lugar! Fabricado con bruma micro-fina que se seca r\u00e1pidamente hasta un acabado invisible. Este producto ayuda a fijarla base, el rubor y el maquillaje de ojos sin resecar\u2026","rel":"","context":"Similar post","block_context":{"text":"Similar post","link":""},"img":{"alt_text":"","src":"https:\/\/i0.wp.com\/makeupbeautymb.com\/wp-content\/uploads\/2022\/07\/WhatsApp-Image-2022-07-20-at-8.17.53-PM-1.jpeg?fit=552%2C568&ssl=1&resize=350%2C200","width":350,"height":200,"srcset":"https:\/\/i0.wp.com\/makeupbeautymb.com\/wp-content\/uploads\/2022\/07\/WhatsApp-Image-2022-07-20-at-8.17.53-PM-1.jpeg?fit=552%2C568&ssl=1&resize=350%2C200 1x, https:\/\/i0.wp.com\/makeupbeautymb.com\/wp-content\/uploads\/2022\/07\/WhatsApp-Image-2022-07-20-at-8.17.53-PM-1.jpeg?fit=552%2C568&ssl=1&resize=525%2C300 1.5x"},"classes":[]},{"id":1491,"url":"https:\/\/makeupbeautymb.com\/index.php\/producto\/fijador-verde-kiss-beauty\/","url_meta":{"origin":1489,"position":2},"title":"FIJADOR VERDE KISS BEAUTY","author":"makeubeauty","date":"21 de July de 2022","format":false,"excerpt":"","rel":"","context":"Similar post","block_context":{"text":"Similar post","link":""},"img":{"alt_text":"","src":"https:\/\/i0.wp.com\/makeupbeautymb.com\/wp-content\/uploads\/2022\/07\/WhatsApp-Image-2022-07-20-at-8.17.51-PM-1.jpeg?fit=443%2C500&ssl=1&resize=350%2C200","width":350,"height":200},"classes":[]},{"id":1493,"url":"https:\/\/makeupbeautymb.com\/index.php\/producto\/fijador-tropical-kiss-beauty\/","url_meta":{"origin":1489,"position":3},"title":"FIJADOR TROPICAL KISS BEAUTY","author":"makeubeauty","date":"21 de July de 2022","format":false,"excerpt":"","rel":"","context":"Similar post","block_context":{"text":"Similar post","link":""},"img":{"alt_text":"","src":"https:\/\/i0.wp.com\/makeupbeautymb.com\/wp-content\/uploads\/2022\/07\/WhatsApp-Image-2022-07-20-at-8.17.52-PM.jpeg?fit=495%2C468&ssl=1&resize=350%2C200","width":350,"height":200},"classes":[]},{"id":1499,"url":"https:\/\/makeupbeautymb.com\/index.php\/producto\/agua-micelar-kiss-beauty\/","url_meta":{"origin":1489,"position":4},"title":"AGUA MICELAR KISS BEAUTY","author":"makeubeauty","date":"21 de July de 2022","format":false,"excerpt":"Sirve como desmaquillante y limpiador facial para eliminar maquillaje, c\u00e9lulas muertas e impurezas, entre otras. Asimismo, el agua micelar contiene una analog\u00eda biol\u00f3gica particular dado que resulta muy amigable con la piel, incluso la de las personas m\u00e1s sensibles y al\u00e9rgicas.","rel":"","context":"Similar post","block_context":{"text":"Similar post","link":""},"img":{"alt_text":"","src":"https:\/\/i0.wp.com\/makeupbeautymb.com\/wp-content\/uploads\/2022\/07\/WhatsApp-Image-2022-07-20-at-8.17.55-PM.jpeg?fit=388%2C555&ssl=1&resize=350%2C200","width":350,"height":200},"classes":[]},{"id":1397,"url":"https:\/\/makeupbeautymb.com\/index.php\/producto\/mask-burbujas-de-colageno-karite\/","url_meta":{"origin":1489,"position":5},"title":"MASK BURBUJAS DE COLAGENO KARITE","author":"makeubeauty","date":"19 de July de 2022","format":false,"excerpt":"Tiene una fuerte afinidad de adsorci\u00f3n, lo que ayuda a eliminar en profundidad el exceso de grasa, los residuos de maquillaje y la suciedad. Deja tu piel suave ,tersa y refrescante con un solo uso. Ayuda a hidratar nuestra piel profundamente y equilibrar el PH de nuestra piel.","rel":"","context":"Similar post","block_context":{"text":"Similar post","link":""},"img":{"alt_text":"","src":"https:\/\/i0.wp.com\/makeupbeautymb.com\/wp-content\/uploads\/2022\/07\/WhatsApp-Image-2022-07-18-at-1.16.21-PM-4.jpeg?fit=512%2C644&ssl=1&resize=350%2C200","width":350,"height":200},"classes":[]}],"_links":{"self":[{"href":"https:\/\/makeupbeautymb.com\/index.php\/wp-json\/wp\/v2\/product\/1489","targetHints":{"allow":["GET"]}}],"collection":[{"href":"https:\/\/makeupbeautymb.com\/index.php\/wp-json\/wp\/v2\/product"}],"about":[{"href":"https:\/\/makeupbeautymb.com\/index.php\/wp-json\/wp\/v2\/types\/product"}],"replies":[{"embeddable":true,"href":"https:\/\/makeupbeautymb.com\/index.php\/wp-json\/wp\/v2\/comments?post=1489"}],"wp:featuredmedia":[{"embeddable":true,"href":"https:\/\/makeupbeautymb.com\/index.php\/wp-json\/wp\/v2\/media\/1490"}],"wp:attachment":[{"href":"https:\/\/makeupbeautymb.com\/index.php\/wp-json\/wp\/v2\/media?parent=1489"}],"wp:term":[{"taxonomy":"product_brand","embeddable":true,"href":"https:\/\/makeupbeautymb.com\/index.php\/wp-json\/wp\/v2\/product_brand?post=1489"},{"taxonomy":"product_cat","embeddable":true,"href":"https:\/\/makeupbeautymb.com\/index.php\/wp-json\/wp\/v2\/product_cat?post=1489"},{"taxonomy":"product_tag","embeddable":true,"href":"https:\/\/makeupbeautymb.com\/index.php\/wp-json\/wp\/v2\/product_tag?post=1489"}],"curies":[{"name":"wp","href":"https:\/\/api.w.org\/{rel}","templated":true}]}}