{"id":1483,"date":"2022-07-21T14:55:47","date_gmt":"2022-07-21T14:55:47","guid":{"rendered":"https:\/\/makeupbeautymb.com\/?post_type=product&#038;p=1483"},"modified":"2022-07-21T14:55:47","modified_gmt":"2022-07-21T14:55:47","slug":"cepillo-silicona-ballenita","status":"publish","type":"product","link":"https:\/\/makeupbeautymb.com\/index.php\/producto\/cepillo-silicona-ballenita\/","title":{"rendered":"CEPILLO SILICONA BALLENITA"},"content":{"rendered":"","protected":false},"excerpt":{"rendered":"<p>Brinda una suave exfoliaci\u00f3n facial.<br \/>\nLimpia profundamente la piel.<br \/>\nRemueve impurezas.<br \/>\nAyuda a promoverla circulacion<br \/>\nsanguinea.<br \/>\nUSO:recomendado con jabon liquido o<br \/>\nespumas faciales.<\/p>\n","protected":false},"featured_media":1484,"comment_status":"open","ping_status":"closed","template":"","meta":{"om_disable_all_campaigns":false,"_monsterinsights_skip_tracking":false,"_monsterinsights_sitenote_active":false,"_monsterinsights_sitenote_note":"","_monsterinsights_sitenote_category":0,"site-sidebar-layout":"default","site-content-layout":"default","ast-global-header-display":"","ast-main-header-display":"","ast-hfb-above-header-display":"","ast-hfb-below-header-display":"","ast-hfb-mobile-header-display":"","site-post-title":"","ast-breadcrumbs-content":"","ast-featured-img":"","footer-sml-layout":"","theme-transparent-header-meta":"default","adv-header-id-meta":"","stick-header-meta":"","header-above-stick-meta":"","header-main-stick-meta":"","header-below-stick-meta":"","_joinchat":[]},"product_brand":[],"product_cat":[19],"product_tag":[],"class_list":{"0":"post-1483","1":"product","2":"type-product","3":"status-publish","4":"has-post-thumbnail","6":"product_cat-cremas-faciales","8":"first","9":"instock","10":"shipping-taxable","11":"purchasable","12":"product-type-simple"},"aioseo_notices":[],"jetpack-related-posts":[{"id":1458,"url":"https:\/\/makeupbeautymb.com\/index.php\/producto\/exfoliante-colageno-karite\/","url_meta":{"origin":1483,"position":0},"title":"EXFOLIANTE COLAGENO KARITE","author":"makeubeauty","date":"21 de July de 2022","format":false,"excerpt":"Reduce las marcas de acn\u00e9 gracias a sus propiedades cicatrizantes. Ayuda a sanar las heridas. Combate la flacidez facial y la celulitis. Rejuvenece la c\u00e9lulas de la piel. Ayuda a desinflamarla piel. Ayuda a combatir el acn\u00e9 y las espinillas. Para uso corporal y facial.","rel":"","context":"Similar post","block_context":{"text":"Similar post","link":""},"img":{"alt_text":"","src":"https:\/\/i0.wp.com\/makeupbeautymb.com\/wp-content\/uploads\/2022\/07\/WhatsApp-Image-2022-07-20-at-8.17.23-PM.jpeg?fit=434%2C482&ssl=1&resize=350%2C200","width":350,"height":200},"classes":[]},{"id":1499,"url":"https:\/\/makeupbeautymb.com\/index.php\/producto\/agua-micelar-kiss-beauty\/","url_meta":{"origin":1483,"position":1},"title":"AGUA MICELAR KISS BEAUTY","author":"makeubeauty","date":"21 de July de 2022","format":false,"excerpt":"Sirve como desmaquillante y limpiador facial para eliminar maquillaje, c\u00e9lulas muertas e impurezas, entre otras. Asimismo, el agua micelar contiene una analog\u00eda biol\u00f3gica particular dado que resulta muy amigable con la piel, incluso la de las personas m\u00e1s sensibles y al\u00e9rgicas.","rel":"","context":"Similar post","block_context":{"text":"Similar post","link":""},"img":{"alt_text":"","src":"https:\/\/i0.wp.com\/makeupbeautymb.com\/wp-content\/uploads\/2022\/07\/WhatsApp-Image-2022-07-20-at-8.17.55-PM.jpeg?fit=388%2C555&ssl=1&resize=350%2C200","width":350,"height":200},"classes":[]},{"id":1528,"url":"https:\/\/makeupbeautymb.com\/index.php\/producto\/iluminador\/","url_meta":{"origin":1483,"position":2},"title":"ILUMINADOR","author":"makeubeauty","date":"21 de July de 2022","format":false,"excerpt":"","rel":"","context":"Similar post","block_context":{"text":"Similar post","link":""},"img":{"alt_text":"","src":"https:\/\/i0.wp.com\/makeupbeautymb.com\/wp-content\/uploads\/2022\/07\/WhatsApp-Image-2022-07-20-at-8.23.23-PM.jpeg?fit=426%2C414&ssl=1&resize=350%2C200","width":350,"height":200},"classes":[]},{"id":1534,"url":"https:\/\/makeupbeautymb.com\/index.php\/producto\/rubores\/","url_meta":{"origin":1483,"position":3},"title":"RUBORES","author":"makeubeauty","date":"21 de July de 2022","format":false,"excerpt":"","rel":"","context":"Similar post","block_context":{"text":"Similar post","link":""},"img":{"alt_text":"","src":"https:\/\/i0.wp.com\/makeupbeautymb.com\/wp-content\/uploads\/2022\/07\/WhatsApp-Image-2022-07-20-at-8.23.26-PM.jpeg?fit=591%2C639&ssl=1&resize=350%2C200","width":350,"height":200,"srcset":"https:\/\/i0.wp.com\/makeupbeautymb.com\/wp-content\/uploads\/2022\/07\/WhatsApp-Image-2022-07-20-at-8.23.26-PM.jpeg?fit=591%2C639&ssl=1&resize=350%2C200 1x, https:\/\/i0.wp.com\/makeupbeautymb.com\/wp-content\/uploads\/2022\/07\/WhatsApp-Image-2022-07-20-at-8.23.26-PM.jpeg?fit=591%2C639&ssl=1&resize=525%2C300 1.5x"},"classes":[]},{"id":1540,"url":"https:\/\/makeupbeautymb.com\/index.php\/producto\/rubores-2\/","url_meta":{"origin":1483,"position":4},"title":"RUBORES","author":"makeubeauty","date":"21 de July de 2022","format":false,"excerpt":"","rel":"","context":"Similar post","block_context":{"text":"Similar post","link":""},"img":{"alt_text":"","src":"https:\/\/i0.wp.com\/makeupbeautymb.com\/wp-content\/uploads\/2022\/07\/WhatsApp-Image-2022-07-20-at-8.23.29-PM.jpeg?fit=670%2C367&ssl=1&resize=350%2C200","width":350,"height":200,"srcset":"https:\/\/i0.wp.com\/makeupbeautymb.com\/wp-content\/uploads\/2022\/07\/WhatsApp-Image-2022-07-20-at-8.23.29-PM.jpeg?fit=670%2C367&ssl=1&resize=350%2C200 1x, https:\/\/i0.wp.com\/makeupbeautymb.com\/wp-content\/uploads\/2022\/07\/WhatsApp-Image-2022-07-20-at-8.23.29-PM.jpeg?fit=670%2C367&ssl=1&resize=525%2C300 1.5x"},"classes":[]},{"id":1546,"url":"https:\/\/makeupbeautymb.com\/index.php\/producto\/sombras-2\/","url_meta":{"origin":1483,"position":5},"title":"SOMBRAS","author":"makeubeauty","date":"21 de July de 2022","format":false,"excerpt":"","rel":"","context":"Similar post","block_context":{"text":"Similar post","link":""},"img":{"alt_text":"","src":"https:\/\/i0.wp.com\/makeupbeautymb.com\/wp-content\/uploads\/2022\/07\/WhatsApp-Image-2022-07-20-at-8.23.33-PM.jpeg?fit=416%2C402&ssl=1&resize=350%2C200","width":350,"height":200},"classes":[]}],"_links":{"self":[{"href":"https:\/\/makeupbeautymb.com\/index.php\/wp-json\/wp\/v2\/product\/1483","targetHints":{"allow":["GET"]}}],"collection":[{"href":"https:\/\/makeupbeautymb.com\/index.php\/wp-json\/wp\/v2\/product"}],"about":[{"href":"https:\/\/makeupbeautymb.com\/index.php\/wp-json\/wp\/v2\/types\/product"}],"replies":[{"embeddable":true,"href":"https:\/\/makeupbeautymb.com\/index.php\/wp-json\/wp\/v2\/comments?post=1483"}],"wp:featuredmedia":[{"embeddable":true,"href":"https:\/\/makeupbeautymb.com\/index.php\/wp-json\/wp\/v2\/media\/1484"}],"wp:attachment":[{"href":"https:\/\/makeupbeautymb.com\/index.php\/wp-json\/wp\/v2\/media?parent=1483"}],"wp:term":[{"taxonomy":"product_brand","embeddable":true,"href":"https:\/\/makeupbeautymb.com\/index.php\/wp-json\/wp\/v2\/product_brand?post=1483"},{"taxonomy":"product_cat","embeddable":true,"href":"https:\/\/makeupbeautymb.com\/index.php\/wp-json\/wp\/v2\/product_cat?post=1483"},{"taxonomy":"product_tag","embeddable":true,"href":"https:\/\/makeupbeautymb.com\/index.php\/wp-json\/wp\/v2\/product_tag?post=1483"}],"curies":[{"name":"wp","href":"https:\/\/api.w.org\/{rel}","templated":true}]}}