{"id":1479,"date":"2022-07-21T14:52:56","date_gmt":"2022-07-21T14:52:56","guid":{"rendered":"https:\/\/makeupbeautymb.com\/?post_type=product&#038;p=1479"},"modified":"2022-07-21T14:52:56","modified_gmt":"2022-07-21T14:52:56","slug":"protector-solar-trendy","status":"publish","type":"product","link":"https:\/\/makeupbeautymb.com\/index.php\/producto\/protector-solar-trendy\/","title":{"rendered":"PROTECTOR SOLAR TRENDY"},"content":{"rendered":"","protected":false},"excerpt":{"rendered":"<p>Nuestro producto tiene una protecci\u00f3n de<br \/>\n+50, evita \u201ccasi\u201d en su totalidad que los<br \/>\nrayos solares penetren en tu piel. Los<br \/>\nrayos solares llamados pueden cambiarla<br \/>\nestructura de tu piel y provocar manchas,<br \/>\nquemaduras solares, arrugas prematuras y<br \/>\nlunares.<\/p>\n","protected":false},"featured_media":1480,"comment_status":"open","ping_status":"closed","template":"","meta":{"om_disable_all_campaigns":false,"_monsterinsights_skip_tracking":false,"_monsterinsights_sitenote_active":false,"_monsterinsights_sitenote_note":"","_monsterinsights_sitenote_category":0,"site-sidebar-layout":"default","site-content-layout":"default","ast-global-header-display":"","ast-main-header-display":"","ast-hfb-above-header-display":"","ast-hfb-below-header-display":"","ast-hfb-mobile-header-display":"","site-post-title":"","ast-breadcrumbs-content":"","ast-featured-img":"","footer-sml-layout":"","theme-transparent-header-meta":"default","adv-header-id-meta":"","stick-header-meta":"","header-above-stick-meta":"","header-main-stick-meta":"","header-below-stick-meta":"","_joinchat":[]},"product_brand":[],"product_cat":[19],"product_tag":[],"class_list":{"0":"post-1479","1":"product","2":"type-product","3":"status-publish","4":"has-post-thumbnail","6":"product_cat-cremas-faciales","8":"first","9":"instock","10":"shipping-taxable","11":"purchasable","12":"product-type-simple"},"aioseo_notices":[],"jetpack-related-posts":[{"id":1477,"url":"https:\/\/makeupbeautymb.com\/index.php\/producto\/protector-solar-color-durazno\/","url_meta":{"origin":1479,"position":0},"title":"PROTECTOR SOLAR COLOR DURAZNO","author":"makeubeauty","date":"21 de July de 2022","format":false,"excerpt":"El principal beneficio de usar crema solar diariamente es que tu piel se mantiene sana y evitas enfermedades o el envejecimiento prematuro. Los rayos del sol oxidan nuestra piel y generan manchas arrugas y las temidas quemaduras.","rel":"","context":"Similar post","block_context":{"text":"Similar post","link":""},"img":{"alt_text":"","src":"https:\/\/i0.wp.com\/makeupbeautymb.com\/wp-content\/uploads\/2022\/07\/WhatsApp-Image-2022-07-20-at-8.17.45-PM-1.jpeg?fit=429%2C475&ssl=1&resize=350%2C200","width":350,"height":200},"classes":[]},{"id":1397,"url":"https:\/\/makeupbeautymb.com\/index.php\/producto\/mask-burbujas-de-colageno-karite\/","url_meta":{"origin":1479,"position":1},"title":"MASK BURBUJAS DE COLAGENO KARITE","author":"makeubeauty","date":"19 de July de 2022","format":false,"excerpt":"Tiene una fuerte afinidad de adsorci\u00f3n, lo que ayuda a eliminar en profundidad el exceso de grasa, los residuos de maquillaje y la suciedad. Deja tu piel suave ,tersa y refrescante con un solo uso. Ayuda a hidratar nuestra piel profundamente y equilibrar el PH de nuestra piel.","rel":"","context":"Similar post","block_context":{"text":"Similar post","link":""},"img":{"alt_text":"","src":"https:\/\/i0.wp.com\/makeupbeautymb.com\/wp-content\/uploads\/2022\/07\/WhatsApp-Image-2022-07-18-at-1.16.21-PM-4.jpeg?fit=512%2C644&ssl=1&resize=350%2C200","width":350,"height":200},"classes":[]},{"id":1400,"url":"https:\/\/makeupbeautymb.com\/index.php\/producto\/contorno-reafirmante-bioaqua\/","url_meta":{"origin":1479,"position":2},"title":"CONTORNO REAFIRMANTE BIOAQUA","author":"makeubeauty","date":"20 de July de 2022","format":false,"excerpt":"Esta crema para ojos puede suavizar y tensarla piel ,repone la humedad, hace que el p\u00e1rpado del ojo sea m\u00e1s brillante y con elastisidad. *M\u00e9todo de uso:todas las ma\u00f1anas y noches, aplicarla cantidad necesaria, aplicarse suavemente. * RESULTADOS: una semana despu\u00e9s Notar\u00e1s los Incre\u00edbles CAMBIOS EN TU PIEL","rel":"","context":"Similar post","block_context":{"text":"Similar post","link":""},"img":{"alt_text":"","src":"https:\/\/i0.wp.com\/makeupbeautymb.com\/wp-content\/uploads\/2022\/07\/WhatsApp-Image-2022-07-19-at-8.09.59-PM.jpeg?fit=513%2C518&ssl=1&resize=350%2C200","width":350,"height":200},"classes":[]},{"id":1375,"url":"https:\/\/makeupbeautymb.com\/index.php\/producto\/mask-barro-mineral-rosa-bioaqua\/","url_meta":{"origin":1479,"position":3},"title":"MASK BARRO MINERAL ROSA BIOAQUA","author":"makeubeauty","date":"19 de July de 2022","format":false,"excerpt":"Mascarilla en barro mineral. Limpieza hidratante mineral m\u00e1scara de barro y suavizar. Limpia la piel, controles hydrolipid equilibrio de la piel, suaviza la piel. Hidrata, nutre y hace la piel el\u00e1stica renovaci\u00f3n. Afecta a los procesos de suavemente, se ejecuta la restaurador en piel, calma la piel.","rel":"","context":"Similar post","block_context":{"text":"Similar post","link":""},"img":{"alt_text":"","src":"https:\/\/i0.wp.com\/makeupbeautymb.com\/wp-content\/uploads\/2022\/07\/WhatsApp-Image-2022-07-18-at-1.16.20-PM.jpeg?fit=535%2C610&ssl=1&resize=350%2C200","width":350,"height":200,"srcset":"https:\/\/i0.wp.com\/makeupbeautymb.com\/wp-content\/uploads\/2022\/07\/WhatsApp-Image-2022-07-18-at-1.16.20-PM.jpeg?fit=535%2C610&ssl=1&resize=350%2C200 1x, https:\/\/i0.wp.com\/makeupbeautymb.com\/wp-content\/uploads\/2022\/07\/WhatsApp-Image-2022-07-18-at-1.16.20-PM.jpeg?fit=535%2C610&ssl=1&resize=525%2C300 1.5x"},"classes":[]},{"id":1390,"url":"https:\/\/makeupbeautymb.com\/index.php\/producto\/mask-en-gel-rosas-karite\/","url_meta":{"origin":1479,"position":4},"title":"MASK EN GEL ROSAS KARITE","author":"makeubeauty","date":"19 de July de 2022","format":false,"excerpt":"Mascarilla en gel de rosas con petalos Repara la piel da\u00f1ada. Profundiza en los poros. Repone la hidrataci\u00f3n y la nutrici\u00f3n. Retiene la humedad y humecta. Mejora la sequedad de la piel \u00e1spera y l\u00edneas de expresi\u00f3n. Deja la piel suave y brillante.","rel":"","context":"Similar post","block_context":{"text":"Similar post","link":""},"img":{"alt_text":"","src":"https:\/\/i0.wp.com\/makeupbeautymb.com\/wp-content\/uploads\/2022\/07\/WhatsApp-Image-2022-07-18-at-1.16.20-PM-3.jpeg?fit=499%2C623&ssl=1&resize=350%2C200","width":350,"height":200},"classes":[]},{"id":1388,"url":"https:\/\/makeupbeautymb.com\/index.php\/producto\/mask-en-gel-rosas-kiss-beauty\/","url_meta":{"origin":1479,"position":5},"title":"MASK EN GEL ROSAS KISS BEAUTY","author":"makeubeauty","date":"19 de July de 2022","format":false,"excerpt":"Mascarilla en gel de rosas con petalos Repara la piel da\u00f1ada. Profundiza en los poros. Repone la hidrataci\u00f3n y la nutrici\u00f3n. Retiene la humedad y humecta. Mejora la sequedad de la piel \u00e1spera y l\u00edneas de expresi\u00f3n. Deja la piel suave y brillante.","rel":"","context":"Similar post","block_context":{"text":"Similar post","link":""},"img":{"alt_text":"","src":"https:\/\/i0.wp.com\/makeupbeautymb.com\/wp-content\/uploads\/2022\/07\/WhatsApp-Image-2022-07-18-at-1.16.21-PM-2.jpeg?fit=538%2C615&ssl=1&resize=350%2C200","width":350,"height":200,"srcset":"https:\/\/i0.wp.com\/makeupbeautymb.com\/wp-content\/uploads\/2022\/07\/WhatsApp-Image-2022-07-18-at-1.16.21-PM-2.jpeg?fit=538%2C615&ssl=1&resize=350%2C200 1x, https:\/\/i0.wp.com\/makeupbeautymb.com\/wp-content\/uploads\/2022\/07\/WhatsApp-Image-2022-07-18-at-1.16.21-PM-2.jpeg?fit=538%2C615&ssl=1&resize=525%2C300 1.5x"},"classes":[]}],"_links":{"self":[{"href":"https:\/\/makeupbeautymb.com\/index.php\/wp-json\/wp\/v2\/product\/1479","targetHints":{"allow":["GET"]}}],"collection":[{"href":"https:\/\/makeupbeautymb.com\/index.php\/wp-json\/wp\/v2\/product"}],"about":[{"href":"https:\/\/makeupbeautymb.com\/index.php\/wp-json\/wp\/v2\/types\/product"}],"replies":[{"embeddable":true,"href":"https:\/\/makeupbeautymb.com\/index.php\/wp-json\/wp\/v2\/comments?post=1479"}],"wp:featuredmedia":[{"embeddable":true,"href":"https:\/\/makeupbeautymb.com\/index.php\/wp-json\/wp\/v2\/media\/1480"}],"wp:attachment":[{"href":"https:\/\/makeupbeautymb.com\/index.php\/wp-json\/wp\/v2\/media?parent=1479"}],"wp:term":[{"taxonomy":"product_brand","embeddable":true,"href":"https:\/\/makeupbeautymb.com\/index.php\/wp-json\/wp\/v2\/product_brand?post=1479"},{"taxonomy":"product_cat","embeddable":true,"href":"https:\/\/makeupbeautymb.com\/index.php\/wp-json\/wp\/v2\/product_cat?post=1479"},{"taxonomy":"product_tag","embeddable":true,"href":"https:\/\/makeupbeautymb.com\/index.php\/wp-json\/wp\/v2\/product_tag?post=1479"}],"curies":[{"name":"wp","href":"https:\/\/api.w.org\/{rel}","templated":true}]}}