{"id":1466,"date":"2022-07-21T01:51:14","date_gmt":"2022-07-21T01:51:14","guid":{"rendered":"https:\/\/makeupbeautymb.com\/?post_type=product&#038;p=1466"},"modified":"2022-07-21T01:51:14","modified_gmt":"2022-07-21T01:51:14","slug":"aguas-de-rosas-120-ml-trendy","status":"publish","type":"product","link":"https:\/\/makeupbeautymb.com\/index.php\/producto\/aguas-de-rosas-120-ml-trendy\/","title":{"rendered":"AGUAS DE ROSAS 120 ML TRENDY"},"content":{"rendered":"","protected":false},"excerpt":{"rendered":"<p>EXTRACTO DE ROSAS:tiene diferentes<br \/>\npropiedades antiedad, activadoras de la<br \/>\ncirculaci\u00f3n y seborreguladoras .<br \/>\nTambi\u00e9n tiene efecto antioxidante y<br \/>\nantiinflamatorio,tonificando la piel con<br \/>\nuna sensaci\u00f3n extra suave y tersa.<br \/>\nEXTRACTO DE MANZANILLA: es ideal<br \/>\npara pieles sensibles y propensas a acn\u00e9.<\/p>\n","protected":false},"featured_media":1467,"comment_status":"open","ping_status":"closed","template":"","meta":{"om_disable_all_campaigns":false,"_monsterinsights_skip_tracking":false,"_monsterinsights_sitenote_active":false,"_monsterinsights_sitenote_note":"","_monsterinsights_sitenote_category":0,"site-sidebar-layout":"default","site-content-layout":"default","ast-global-header-display":"","ast-main-header-display":"","ast-hfb-above-header-display":"","ast-hfb-below-header-display":"","ast-hfb-mobile-header-display":"","site-post-title":"","ast-breadcrumbs-content":"","ast-featured-img":"","footer-sml-layout":"","theme-transparent-header-meta":"default","adv-header-id-meta":"","stick-header-meta":"","header-above-stick-meta":"","header-main-stick-meta":"","header-below-stick-meta":"","_joinchat":[]},"product_brand":[],"product_cat":[19],"product_tag":[],"class_list":{"0":"post-1466","1":"product","2":"type-product","3":"status-publish","4":"has-post-thumbnail","6":"product_cat-cremas-faciales","8":"first","9":"instock","10":"shipping-taxable","11":"purchasable","12":"product-type-simple"},"aioseo_notices":[],"jetpack-related-posts":[{"id":1468,"url":"https:\/\/makeupbeautymb.com\/index.php\/producto\/aguas-de-rosas-240-ml-trendy\/","url_meta":{"origin":1466,"position":0},"title":"AGUAS DE ROSAS 240 ML TRENDY","author":"makeubeauty","date":"21 de July de 2022","format":false,"excerpt":"EXTRACTO DE ROSAS:tiene diferentes propiedades antiedad, activadoras de la circulaci\u00f3n y seborreguladoras . Tambi\u00e9n tiene efecto antioxidante y antiinflamatorio,tonificando la piel con una sensaci\u00f3n extra suave y tersa. EXTRACTO DE MANZANILLA: es ideal para pieles sensibles y propensas a acn\u00e9.","rel":"","context":"Similar post","block_context":{"text":"Similar post","link":""},"img":{"alt_text":"","src":"https:\/\/i0.wp.com\/makeupbeautymb.com\/wp-content\/uploads\/2022\/07\/WhatsApp-Image-2022-07-20-at-8.17.41-PM.jpeg?fit=400%2C487&ssl=1&resize=350%2C200","width":350,"height":200},"classes":[]},{"id":1449,"url":"https:\/\/makeupbeautymb.com\/index.php\/producto\/exfliante-pepino\/","url_meta":{"origin":1466,"position":1},"title":"EXFOLIANTE PEPINO","author":"makeubeauty","date":"21 de July de 2022","format":false,"excerpt":"Gel exfoliante corporal limpiador e hidratante con pepino verde y extracto de nuez Bioaqua est\u00e1 dise\u00f1ado para el cuidado de la piel delicada. Elimina suavemente las impurezas, abre y limpia los poros,tiene un efecto de micromasaje, mejora la microcirculaci\u00f3n sangu\u00ednea y estimula la renovaci\u00f3n de la epidermis","rel":"","context":"Similar post","block_context":{"text":"Similar post","link":""},"img":{"alt_text":"","src":"https:\/\/i0.wp.com\/makeupbeautymb.com\/wp-content\/uploads\/2022\/07\/WhatsApp-Image-2022-07-20-at-8.17.12-PM.jpeg?fit=503%2C410&ssl=1&resize=350%2C200","width":350,"height":200},"classes":[]},{"id":340,"url":"https:\/\/makeupbeautymb.com\/index.php\/producto\/refreshing-cleansing-balm\/","url_meta":{"origin":1466,"position":2},"title":"MASK EN GEL ALOE VERA BIOAQUA","author":"makeubeauty","date":"20 de August de 2021","format":false,"excerpt":"Su textura gel contiene extracto puro de a\u0301loe vera rico en aminoa\u0301cidos, enzimas activas que ayudan a reponerla pe\u0301rdida de humedad, hace que tu piel sea ma\u0301s suave, tersa y humectada Tiene mu\u0301ltiples beneficios para tu rostro Hidrata, de fa\u0301cil absorcio\u0301n, Ayuda a eliminar el acne\u0301. Elimina las ce\u0301lulas muertas\u2026","rel":"","context":"Similar post","block_context":{"text":"Similar post","link":""},"img":{"alt_text":"","src":"https:\/\/i0.wp.com\/makeupbeautymb.com\/wp-content\/uploads\/2021\/08\/WhatsApp-Image-2022-07-18-at-1.16.19-PM-1.jpeg?fit=582%2C556&ssl=1&resize=350%2C200","width":350,"height":200,"srcset":"https:\/\/i0.wp.com\/makeupbeautymb.com\/wp-content\/uploads\/2021\/08\/WhatsApp-Image-2022-07-18-at-1.16.19-PM-1.jpeg?fit=582%2C556&ssl=1&resize=350%2C200 1x, https:\/\/i0.wp.com\/makeupbeautymb.com\/wp-content\/uploads\/2021\/08\/WhatsApp-Image-2022-07-18-at-1.16.19-PM-1.jpeg?fit=582%2C556&ssl=1&resize=525%2C300 1.5x"},"classes":[]},{"id":341,"url":"https:\/\/makeupbeautymb.com\/index.php\/producto\/cream-to-foam-lotion\/","url_meta":{"origin":1466,"position":3},"title":"MASK EN GEL ALOE VERA BIOAQUA","author":"makeubeauty","date":"20 de August de 2021","format":false,"excerpt":"Su textura gel contiene extracto puro de a\u0301loe vera rico en aminoa\u0301cidos, enzimas activas que ayudan a reponerla pe\u0301rdida de humedad, hace que tu piel sea ma\u0301s suave, tersa y humectada Tiene mu\u0301ltiples beneficios para tu rostro Hidrata, de fa\u0301cil absorcio\u0301n, Ayuda a eliminar el acne\u0301. Elimina las ce\u0301lulas muertas\u2026","rel":"","context":"Similar post","block_context":{"text":"Similar post","link":""},"img":{"alt_text":"","src":"https:\/\/i0.wp.com\/makeupbeautymb.com\/wp-content\/uploads\/2021\/08\/WhatsApp-Image-2022-07-18-at-1.16.19-PM.jpeg?fit=604%2C596&ssl=1&resize=350%2C200","width":350,"height":200,"srcset":"https:\/\/i0.wp.com\/makeupbeautymb.com\/wp-content\/uploads\/2021\/08\/WhatsApp-Image-2022-07-18-at-1.16.19-PM.jpeg?fit=604%2C596&ssl=1&resize=350%2C200 1x, https:\/\/i0.wp.com\/makeupbeautymb.com\/wp-content\/uploads\/2021\/08\/WhatsApp-Image-2022-07-18-at-1.16.19-PM.jpeg?fit=604%2C596&ssl=1&resize=525%2C300 1.5x"},"classes":[]},{"id":1404,"url":"https:\/\/makeupbeautymb.com\/index.php\/producto\/velo-aguacate-bioaqua\/","url_meta":{"origin":1466,"position":4},"title":"VELO AGUACATE BIOAQUA","author":"makeubeauty","date":"20 de July de 2022","format":false,"excerpt":"Mascarilla en velo hidratante de aguacate y antienvejecimiento para el cuidado de la piel, con varios extractos de plantas que ayudan a controlar el acn\u00e9, a blanquear y al antienvejecimiento. Esta mascarilla a base de aceite de aguacate aporta nutrici\u00f3n profunda a la piel dej\u00e1ndola radiante y luminosa.","rel":"","context":"Similar post","block_context":{"text":"Similar post","link":""},"img":{"alt_text":"","src":"https:\/\/i0.wp.com\/makeupbeautymb.com\/wp-content\/uploads\/2022\/07\/WhatsApp-Image-2022-07-19-at-8.10.00-PM-1.jpeg?fit=550%2C590&ssl=1&resize=350%2C200","width":350,"height":200,"srcset":"https:\/\/i0.wp.com\/makeupbeautymb.com\/wp-content\/uploads\/2022\/07\/WhatsApp-Image-2022-07-19-at-8.10.00-PM-1.jpeg?fit=550%2C590&ssl=1&resize=350%2C200 1x, https:\/\/i0.wp.com\/makeupbeautymb.com\/wp-content\/uploads\/2022\/07\/WhatsApp-Image-2022-07-19-at-8.10.00-PM-1.jpeg?fit=550%2C590&ssl=1&resize=525%2C300 1.5x"},"classes":[]},{"id":366,"url":"https:\/\/makeupbeautymb.com\/index.php\/producto\/makeup-melting-cleanser\/","url_meta":{"origin":1466,"position":5},"title":"MASCARILLA COLLAGEN YEST BIOAQUA","author":"makeubeauty","date":"20 de August de 2021","format":false,"excerpt":"La esencia que permite que tu piel respire. Restaura la belleza de tu piel. Rejuvenecedor profundo. Las mol\u00e9culas especiales van profundamente y reparan tu piel. Extracto de placenta hidrolizado. Mejora el equilibrio de aceite, hace que tu piel sea radiante.","rel":"","context":"Similar post","block_context":{"text":"Similar post","link":""},"img":{"alt_text":"","src":"https:\/\/i0.wp.com\/makeupbeautymb.com\/wp-content\/uploads\/2021\/08\/WhatsApp-Image-2022-07-18-at-12.14.02-PM.jpeg?fit=720%2C596&ssl=1&resize=350%2C200","width":350,"height":200,"srcset":"https:\/\/i0.wp.com\/makeupbeautymb.com\/wp-content\/uploads\/2021\/08\/WhatsApp-Image-2022-07-18-at-12.14.02-PM.jpeg?fit=720%2C596&ssl=1&resize=350%2C200 1x, https:\/\/i0.wp.com\/makeupbeautymb.com\/wp-content\/uploads\/2021\/08\/WhatsApp-Image-2022-07-18-at-12.14.02-PM.jpeg?fit=720%2C596&ssl=1&resize=525%2C300 1.5x, https:\/\/i0.wp.com\/makeupbeautymb.com\/wp-content\/uploads\/2021\/08\/WhatsApp-Image-2022-07-18-at-12.14.02-PM.jpeg?fit=720%2C596&ssl=1&resize=700%2C400 2x"},"classes":[]}],"_links":{"self":[{"href":"https:\/\/makeupbeautymb.com\/index.php\/wp-json\/wp\/v2\/product\/1466","targetHints":{"allow":["GET"]}}],"collection":[{"href":"https:\/\/makeupbeautymb.com\/index.php\/wp-json\/wp\/v2\/product"}],"about":[{"href":"https:\/\/makeupbeautymb.com\/index.php\/wp-json\/wp\/v2\/types\/product"}],"replies":[{"embeddable":true,"href":"https:\/\/makeupbeautymb.com\/index.php\/wp-json\/wp\/v2\/comments?post=1466"}],"wp:featuredmedia":[{"embeddable":true,"href":"https:\/\/makeupbeautymb.com\/index.php\/wp-json\/wp\/v2\/media\/1467"}],"wp:attachment":[{"href":"https:\/\/makeupbeautymb.com\/index.php\/wp-json\/wp\/v2\/media?parent=1466"}],"wp:term":[{"taxonomy":"product_brand","embeddable":true,"href":"https:\/\/makeupbeautymb.com\/index.php\/wp-json\/wp\/v2\/product_brand?post=1466"},{"taxonomy":"product_cat","embeddable":true,"href":"https:\/\/makeupbeautymb.com\/index.php\/wp-json\/wp\/v2\/product_cat?post=1466"},{"taxonomy":"product_tag","embeddable":true,"href":"https:\/\/makeupbeautymb.com\/index.php\/wp-json\/wp\/v2\/product_tag?post=1466"}],"curies":[{"name":"wp","href":"https:\/\/api.w.org\/{rel}","templated":true}]}}