{"id":1441,"date":"2022-07-20T01:52:31","date_gmt":"2022-07-20T01:52:31","guid":{"rendered":"https:\/\/makeupbeautymb.com\/?post_type=product&#038;p=1441"},"modified":"2022-07-20T01:52:31","modified_gmt":"2022-07-20T01:52:31","slug":"parches-24k-kiss-beauty","status":"publish","type":"product","link":"https:\/\/makeupbeautymb.com\/index.php\/producto\/parches-24k-kiss-beauty\/","title":{"rendered":"PARCHES 24K KISS BEAUTY"},"content":{"rendered":"","protected":false},"excerpt":{"rendered":"<p>El usar parches oculares, significan un<br \/>\ntratamiento natural para resolver el<br \/>\nproblema de las ojeras y de los primeros<br \/>\nsignos de envejecimiento de la piel por su<br \/>\nalto contenido en antioxidantes que<br \/>\nayudan a combatirlos radicales libres<\/p>\n","protected":false},"featured_media":1442,"comment_status":"open","ping_status":"closed","template":"","meta":{"om_disable_all_campaigns":false,"_monsterinsights_skip_tracking":false,"_monsterinsights_sitenote_active":false,"_monsterinsights_sitenote_note":"","_monsterinsights_sitenote_category":0,"site-sidebar-layout":"default","site-content-layout":"default","ast-global-header-display":"","ast-main-header-display":"","ast-hfb-above-header-display":"","ast-hfb-below-header-display":"","ast-hfb-mobile-header-display":"","site-post-title":"","ast-breadcrumbs-content":"","ast-featured-img":"","footer-sml-layout":"","theme-transparent-header-meta":"default","adv-header-id-meta":"","stick-header-meta":"","header-above-stick-meta":"","header-main-stick-meta":"","header-below-stick-meta":"","_joinchat":[]},"product_brand":[],"product_cat":[19],"product_tag":[],"class_list":{"0":"post-1441","1":"product","2":"type-product","3":"status-publish","4":"has-post-thumbnail","6":"product_cat-cremas-faciales","8":"first","9":"instock","10":"shipping-taxable","11":"purchasable","12":"product-type-simple"},"aioseo_notices":[],"jetpack-related-posts":[{"id":1439,"url":"https:\/\/makeupbeautymb.com\/index.php\/producto\/parches-caviar-images\/","url_meta":{"origin":1441,"position":0},"title":"PARCHES CAVIAR IMAGES","author":"makeubeauty","date":"20 de July de 2022","format":false,"excerpt":"Parches nutritivos de hidrogel para ojos con extracto de caviar de aguas profundas. Levanta el \u00e1rea de los ojos, hidrata e ilumina y disminuye las marcas finas. Hidratan y suavizan la piel. Combaten la hinchaz\u00f3n y la pigmentaci\u00f3n, aclaran las ojeras debajo de los ojos.","rel":"","context":"Similar post","block_context":{"text":"Similar post","link":""},"img":{"alt_text":"","src":"https:\/\/i0.wp.com\/makeupbeautymb.com\/wp-content\/uploads\/2022\/07\/WhatsApp-Image-2022-07-19-at-8.10.05-PM-2.jpeg?fit=564%2C558&ssl=1&resize=350%2C200","width":350,"height":200,"srcset":"https:\/\/i0.wp.com\/makeupbeautymb.com\/wp-content\/uploads\/2022\/07\/WhatsApp-Image-2022-07-19-at-8.10.05-PM-2.jpeg?fit=564%2C558&ssl=1&resize=350%2C200 1x, https:\/\/i0.wp.com\/makeupbeautymb.com\/wp-content\/uploads\/2022\/07\/WhatsApp-Image-2022-07-19-at-8.10.05-PM-2.jpeg?fit=564%2C558&ssl=1&resize=525%2C300 1.5x"},"classes":[]},{"id":1428,"url":"https:\/\/makeupbeautymb.com\/index.php\/producto\/parches-vitamina-c-bioaqua\/","url_meta":{"origin":1441,"position":1},"title":"PARCHES VITAMINA C BIOAQUA","author":"makeubeauty","date":"20 de July de 2022","format":false,"excerpt":"Previene las arrugas y lucha intensamente contra los signos de envejecimiento. Mascarillas-los parches para los ojos contienen vitamina C para fortalecerla piel y aclararlas ojeras bajo los ojos hidrataci\u00f3n a largo plazo, eliminar\u00e1n las arrugas y las bolsas debajo de los ojos y le dar\u00e1n frescura y juventud.","rel":"","context":"Similar post","block_context":{"text":"Similar post","link":""},"img":{"alt_text":"","src":"https:\/\/i0.wp.com\/makeupbeautymb.com\/wp-content\/uploads\/2022\/07\/WhatsApp-Image-2022-07-19-at-8.10.04-PM-1.jpeg?fit=581%2C599&ssl=1&resize=350%2C200","width":350,"height":200,"srcset":"https:\/\/i0.wp.com\/makeupbeautymb.com\/wp-content\/uploads\/2022\/07\/WhatsApp-Image-2022-07-19-at-8.10.04-PM-1.jpeg?fit=581%2C599&ssl=1&resize=350%2C200 1x, https:\/\/i0.wp.com\/makeupbeautymb.com\/wp-content\/uploads\/2022\/07\/WhatsApp-Image-2022-07-19-at-8.10.04-PM-1.jpeg?fit=581%2C599&ssl=1&resize=525%2C300 1.5x"},"classes":[]},{"id":1426,"url":"https:\/\/makeupbeautymb.com\/index.php\/producto\/parches-durazno-bioaqua\/","url_meta":{"origin":1441,"position":2},"title":"PARCHES DURAZNO BIOAQUA","author":"makeubeauty","date":"20 de July de 2022","format":false,"excerpt":"Reducirlas ojeras y las bolsas en los ojos. Ilumina eltono de la piel, levanta y reafirma la piel. Reduce la hinchaz\u00f3n de los ojos y las l\u00edneas finas de los ojos. Reafirmante e hidratante para la zona.","rel":"","context":"Similar post","block_context":{"text":"Similar post","link":""},"img":{"alt_text":"","src":"https:\/\/i0.wp.com\/makeupbeautymb.com\/wp-content\/uploads\/2022\/07\/WhatsApp-Image-2022-07-19-at-8.10.04-PM.jpeg?fit=580%2C538&ssl=1&resize=350%2C200","width":350,"height":200,"srcset":"https:\/\/i0.wp.com\/makeupbeautymb.com\/wp-content\/uploads\/2022\/07\/WhatsApp-Image-2022-07-19-at-8.10.04-PM.jpeg?fit=580%2C538&ssl=1&resize=350%2C200 1x, https:\/\/i0.wp.com\/makeupbeautymb.com\/wp-content\/uploads\/2022\/07\/WhatsApp-Image-2022-07-19-at-8.10.04-PM.jpeg?fit=580%2C538&ssl=1&resize=525%2C300 1.5x"},"classes":[]},{"id":1205,"url":"https:\/\/makeupbeautymb.com\/index.php\/producto\/velo-antifaz-para-ojos-de-colageno\/","url_meta":{"origin":1441,"position":3},"title":"VELO ANTIFAZ PARA OJOS DE COLAGENO","author":"makeubeauty","date":"15 de July de 2022","format":false,"excerpt":"Parches en velo para la zona de los ojos con colageno Desinflama la hinchaz\u00f3n de tus ojos. Elimina c\u00edrculos oscuros. Hidrata la piel. Disimula las ojeras. Actuaci\u00f3n r\u00e1pida y efectiva.","rel":"","context":"Similar post","block_context":{"text":"Similar post","link":""},"img":{"alt_text":"","src":"https:\/\/i0.wp.com\/makeupbeautymb.com\/wp-content\/uploads\/2022\/07\/WhatsApp-Image-2022-07-17-at-8.38.21-PM.jpeg?fit=523%2C505&ssl=1&resize=350%2C200","width":350,"height":200},"classes":[]},{"id":1377,"url":"https:\/\/makeupbeautymb.com\/index.php\/producto\/mask-2-en-1-limpiadora-bioaqua\/","url_meta":{"origin":1441,"position":4},"title":"MASK 2 EN 1 LIMPIADORA BIOAQUA","author":"makeubeauty","date":"19 de July de 2022","format":false,"excerpt":"Mascarilla dual antiacne con extractos naturales. Controla el exceso de grasa en rostro, disminuye el acn\u00e9, disminuye la aparici\u00f3n de puntos negros. M\u00e9todo de uso: Despu\u00e9s de lavarla cara, aplique en rostro de forma uniforme. El barro verde en la zona T y el barro caf\u00e9 en la zona U\u2026","rel":"","context":"Similar post","block_context":{"text":"Similar post","link":""},"img":{"alt_text":"","src":"https:\/\/i0.wp.com\/makeupbeautymb.com\/wp-content\/uploads\/2022\/07\/WhatsApp-Image-2022-07-18-at-1.16.20-PM-1.jpeg?fit=606%2C613&ssl=1&resize=350%2C200","width":350,"height":200,"srcset":"https:\/\/i0.wp.com\/makeupbeautymb.com\/wp-content\/uploads\/2022\/07\/WhatsApp-Image-2022-07-18-at-1.16.20-PM-1.jpeg?fit=606%2C613&ssl=1&resize=350%2C200 1x, https:\/\/i0.wp.com\/makeupbeautymb.com\/wp-content\/uploads\/2022\/07\/WhatsApp-Image-2022-07-18-at-1.16.20-PM-1.jpeg?fit=606%2C613&ssl=1&resize=525%2C300 1.5x"},"classes":[]},{"id":1495,"url":"https:\/\/makeupbeautymb.com\/index.php\/producto\/fijador-ushas\/","url_meta":{"origin":1441,"position":5},"title":"FIJADOR USHAS","author":"makeubeauty","date":"21 de July de 2022","format":false,"excerpt":"La funci\u00f3n de un spray fijador es la de prolongarla duraci\u00f3n del maquillaje y llevarlo intacto durante todo el d\u00eda sin esa necesidad de volver a aplicarla base ni la brocha para dar color a las mejillas. \u201cEl fijador de maquillaje es una especie de laca para el rostro.","rel":"","context":"Similar post","block_context":{"text":"Similar post","link":""},"img":{"alt_text":"","src":"https:\/\/i0.wp.com\/makeupbeautymb.com\/wp-content\/uploads\/2022\/07\/WhatsApp-Image-2022-07-20-at-8.17.53-PM.jpeg?fit=535%2C438&ssl=1&resize=350%2C200","width":350,"height":200,"srcset":"https:\/\/i0.wp.com\/makeupbeautymb.com\/wp-content\/uploads\/2022\/07\/WhatsApp-Image-2022-07-20-at-8.17.53-PM.jpeg?fit=535%2C438&ssl=1&resize=350%2C200 1x, https:\/\/i0.wp.com\/makeupbeautymb.com\/wp-content\/uploads\/2022\/07\/WhatsApp-Image-2022-07-20-at-8.17.53-PM.jpeg?fit=535%2C438&ssl=1&resize=525%2C300 1.5x"},"classes":[]}],"_links":{"self":[{"href":"https:\/\/makeupbeautymb.com\/index.php\/wp-json\/wp\/v2\/product\/1441","targetHints":{"allow":["GET"]}}],"collection":[{"href":"https:\/\/makeupbeautymb.com\/index.php\/wp-json\/wp\/v2\/product"}],"about":[{"href":"https:\/\/makeupbeautymb.com\/index.php\/wp-json\/wp\/v2\/types\/product"}],"replies":[{"embeddable":true,"href":"https:\/\/makeupbeautymb.com\/index.php\/wp-json\/wp\/v2\/comments?post=1441"}],"wp:featuredmedia":[{"embeddable":true,"href":"https:\/\/makeupbeautymb.com\/index.php\/wp-json\/wp\/v2\/media\/1442"}],"wp:attachment":[{"href":"https:\/\/makeupbeautymb.com\/index.php\/wp-json\/wp\/v2\/media?parent=1441"}],"wp:term":[{"taxonomy":"product_brand","embeddable":true,"href":"https:\/\/makeupbeautymb.com\/index.php\/wp-json\/wp\/v2\/product_brand?post=1441"},{"taxonomy":"product_cat","embeddable":true,"href":"https:\/\/makeupbeautymb.com\/index.php\/wp-json\/wp\/v2\/product_cat?post=1441"},{"taxonomy":"product_tag","embeddable":true,"href":"https:\/\/makeupbeautymb.com\/index.php\/wp-json\/wp\/v2\/product_tag?post=1441"}],"curies":[{"name":"wp","href":"https:\/\/api.w.org\/{rel}","templated":true}]}}