{"id":1431,"date":"2022-07-20T01:45:14","date_gmt":"2022-07-20T01:45:14","guid":{"rendered":"https:\/\/makeupbeautymb.com\/?post_type=product&#038;p=1431"},"modified":"2022-07-20T01:45:15","modified_gmt":"2022-07-20T01:45:15","slug":"serum-aclarador-images","status":"publish","type":"product","link":"https:\/\/makeupbeautymb.com\/index.php\/producto\/serum-aclarador-images\/","title":{"rendered":"SERUM ACLARADOR IMAGES"},"content":{"rendered":"","protected":false},"excerpt":{"rendered":"<p>Contiene una alta concentraci\u00f3n de<br \/>\nvitaminas , pruebe la renovaci\u00f3n de<br \/>\ncol\u00e1geno y evita la aparici\u00f3n de manchas.<br \/>\nNutre e hidrata la piel. Y tambi\u00e9n tiene un<br \/>\npronunciado efecto blanqueador. El suero<br \/>\nfunciona en la piel durante todo el d\u00eda e<br \/>\nincluso debajo de cosm\u00e9ticos decorativos.<\/p>\n","protected":false},"featured_media":1432,"comment_status":"open","ping_status":"closed","template":"","meta":{"om_disable_all_campaigns":false,"_monsterinsights_skip_tracking":false,"_monsterinsights_sitenote_active":false,"_monsterinsights_sitenote_note":"","_monsterinsights_sitenote_category":0,"site-sidebar-layout":"default","site-content-layout":"default","ast-global-header-display":"","ast-main-header-display":"","ast-hfb-above-header-display":"","ast-hfb-below-header-display":"","ast-hfb-mobile-header-display":"","site-post-title":"","ast-breadcrumbs-content":"","ast-featured-img":"","footer-sml-layout":"","theme-transparent-header-meta":"default","adv-header-id-meta":"","stick-header-meta":"","header-above-stick-meta":"","header-main-stick-meta":"","header-below-stick-meta":"","_joinchat":[]},"product_brand":[],"product_cat":[19],"product_tag":[],"class_list":{"0":"post-1431","1":"product","2":"type-product","3":"status-publish","4":"has-post-thumbnail","6":"product_cat-cremas-faciales","8":"first","9":"instock","10":"shipping-taxable","11":"purchasable","12":"product-type-simple"},"aioseo_notices":[],"jetpack-related-posts":[{"id":1460,"url":"https:\/\/makeupbeautymb.com\/index.php\/producto\/aguas-de-rosas-120-ml-athos\/","url_meta":{"origin":1431,"position":0},"title":"AGUAS DE ROSAS 120 ML ATHOS","author":"makeubeauty","date":"21 de July de 2022","format":false,"excerpt":"Ayudar a mantener neutro el pH de la piel Eliminarla grasa Complementarla limpieza y la hace m\u00e1s efectiva y profunda Refrescarla piel Tonificarla piel Hidratarla piel Revitaliza la piel","rel":"","context":"Similar post","block_context":{"text":"Similar post","link":""},"img":{"alt_text":"","src":"https:\/\/i0.wp.com\/makeupbeautymb.com\/wp-content\/uploads\/2022\/07\/WhatsApp-Image-2022-07-20-at-8.17.36-PM.jpeg?fit=424%2C497&ssl=1&resize=350%2C200","width":350,"height":200},"classes":[]},{"id":1397,"url":"https:\/\/makeupbeautymb.com\/index.php\/producto\/mask-burbujas-de-colageno-karite\/","url_meta":{"origin":1431,"position":1},"title":"MASK BURBUJAS DE COLAGENO KARITE","author":"makeubeauty","date":"19 de July de 2022","format":false,"excerpt":"Tiene una fuerte afinidad de adsorci\u00f3n, lo que ayuda a eliminar en profundidad el exceso de grasa, los residuos de maquillaje y la suciedad. Deja tu piel suave ,tersa y refrescante con un solo uso. Ayuda a hidratar nuestra piel profundamente y equilibrar el PH de nuestra piel.","rel":"","context":"Similar post","block_context":{"text":"Similar post","link":""},"img":{"alt_text":"","src":"https:\/\/i0.wp.com\/makeupbeautymb.com\/wp-content\/uploads\/2022\/07\/WhatsApp-Image-2022-07-18-at-1.16.21-PM-4.jpeg?fit=512%2C644&ssl=1&resize=350%2C200","width":350,"height":200},"classes":[]},{"id":1412,"url":"https:\/\/makeupbeautymb.com\/index.php\/producto\/serum-agucate-bioaqua\/","url_meta":{"origin":1431,"position":2},"title":"SERUM AGUCATE BIOAQUA","author":"makeubeauty","date":"20 de July de 2022","format":false,"excerpt":"Enriquecido con vitaminas A y E. Tiene una funci\u00f3n hidratante y reparadora, que tiene un efecto suave en la piel y mantiene la elasticidad. Tiene una buena extensi\u00f3n y absorci\u00f3n que puede bloquearla humedad de la piel y activar el tejido de defensa para inhibir.","rel":"","context":"Similar post","block_context":{"text":"Similar post","link":""},"img":{"alt_text":"","src":"https:\/\/i0.wp.com\/makeupbeautymb.com\/wp-content\/uploads\/2022\/07\/WhatsApp-Image-2022-07-19-at-8.10.02-PM-1.jpeg?fit=479%2C530&ssl=1&resize=350%2C200","width":350,"height":200},"classes":[]},{"id":370,"url":"https:\/\/makeupbeautymb.com\/index.php\/producto\/hybrid-cleansing-balm\/","url_meta":{"origin":1431,"position":3},"title":"BANDAS PUNTOS NEGROS TRENDY","author":"makeubeauty","date":"20 de August de 2021","format":false,"excerpt":"Limpia los poros y es reafirmante. - Clarifica el aspecto de la piel. -Tiene propiedades para eliminar el aspecto aceitoso de la piel. -Para Todo tipo de Piel. Limpiarla nariz y la zona T antes de usar. Limpie con una toalla caliente para abrir los poros. Aplicarlimpiador en elrostro y\u2026","rel":"","context":"Similar post","block_context":{"text":"Similar post","link":""},"img":{"alt_text":"","src":"https:\/\/i0.wp.com\/makeupbeautymb.com\/wp-content\/uploads\/2021\/08\/WhatsApp-Image-2022-07-17-at-8.45.45-PM.jpeg?fit=627%2C633&ssl=1&resize=350%2C200","width":350,"height":200,"srcset":"https:\/\/i0.wp.com\/makeupbeautymb.com\/wp-content\/uploads\/2021\/08\/WhatsApp-Image-2022-07-17-at-8.45.45-PM.jpeg?fit=627%2C633&ssl=1&resize=350%2C200 1x, https:\/\/i0.wp.com\/makeupbeautymb.com\/wp-content\/uploads\/2021\/08\/WhatsApp-Image-2022-07-17-at-8.45.45-PM.jpeg?fit=627%2C633&ssl=1&resize=525%2C300 1.5x"},"classes":[]},{"id":1404,"url":"https:\/\/makeupbeautymb.com\/index.php\/producto\/velo-aguacate-bioaqua\/","url_meta":{"origin":1431,"position":4},"title":"VELO AGUACATE BIOAQUA","author":"makeubeauty","date":"20 de July de 2022","format":false,"excerpt":"Mascarilla en velo hidratante de aguacate y antienvejecimiento para el cuidado de la piel, con varios extractos de plantas que ayudan a controlar el acn\u00e9, a blanquear y al antienvejecimiento. Esta mascarilla a base de aceite de aguacate aporta nutrici\u00f3n profunda a la piel dej\u00e1ndola radiante y luminosa.","rel":"","context":"Similar post","block_context":{"text":"Similar post","link":""},"img":{"alt_text":"","src":"https:\/\/i0.wp.com\/makeupbeautymb.com\/wp-content\/uploads\/2022\/07\/WhatsApp-Image-2022-07-19-at-8.10.00-PM-1.jpeg?fit=550%2C590&ssl=1&resize=350%2C200","width":350,"height":200,"srcset":"https:\/\/i0.wp.com\/makeupbeautymb.com\/wp-content\/uploads\/2022\/07\/WhatsApp-Image-2022-07-19-at-8.10.00-PM-1.jpeg?fit=550%2C590&ssl=1&resize=350%2C200 1x, https:\/\/i0.wp.com\/makeupbeautymb.com\/wp-content\/uploads\/2022\/07\/WhatsApp-Image-2022-07-19-at-8.10.00-PM-1.jpeg?fit=550%2C590&ssl=1&resize=525%2C300 1.5x"},"classes":[]},{"id":366,"url":"https:\/\/makeupbeautymb.com\/index.php\/producto\/makeup-melting-cleanser\/","url_meta":{"origin":1431,"position":5},"title":"MASCARILLA COLLAGEN YEST BIOAQUA","author":"makeubeauty","date":"20 de August de 2021","format":false,"excerpt":"La esencia que permite que tu piel respire. Restaura la belleza de tu piel. Rejuvenecedor profundo. Las mol\u00e9culas especiales van profundamente y reparan tu piel. Extracto de placenta hidrolizado. Mejora el equilibrio de aceite, hace que tu piel sea radiante.","rel":"","context":"Similar post","block_context":{"text":"Similar post","link":""},"img":{"alt_text":"","src":"https:\/\/i0.wp.com\/makeupbeautymb.com\/wp-content\/uploads\/2021\/08\/WhatsApp-Image-2022-07-18-at-12.14.02-PM.jpeg?fit=720%2C596&ssl=1&resize=350%2C200","width":350,"height":200,"srcset":"https:\/\/i0.wp.com\/makeupbeautymb.com\/wp-content\/uploads\/2021\/08\/WhatsApp-Image-2022-07-18-at-12.14.02-PM.jpeg?fit=720%2C596&ssl=1&resize=350%2C200 1x, https:\/\/i0.wp.com\/makeupbeautymb.com\/wp-content\/uploads\/2021\/08\/WhatsApp-Image-2022-07-18-at-12.14.02-PM.jpeg?fit=720%2C596&ssl=1&resize=525%2C300 1.5x, https:\/\/i0.wp.com\/makeupbeautymb.com\/wp-content\/uploads\/2021\/08\/WhatsApp-Image-2022-07-18-at-12.14.02-PM.jpeg?fit=720%2C596&ssl=1&resize=700%2C400 2x"},"classes":[]}],"_links":{"self":[{"href":"https:\/\/makeupbeautymb.com\/index.php\/wp-json\/wp\/v2\/product\/1431","targetHints":{"allow":["GET"]}}],"collection":[{"href":"https:\/\/makeupbeautymb.com\/index.php\/wp-json\/wp\/v2\/product"}],"about":[{"href":"https:\/\/makeupbeautymb.com\/index.php\/wp-json\/wp\/v2\/types\/product"}],"replies":[{"embeddable":true,"href":"https:\/\/makeupbeautymb.com\/index.php\/wp-json\/wp\/v2\/comments?post=1431"}],"wp:featuredmedia":[{"embeddable":true,"href":"https:\/\/makeupbeautymb.com\/index.php\/wp-json\/wp\/v2\/media\/1432"}],"wp:attachment":[{"href":"https:\/\/makeupbeautymb.com\/index.php\/wp-json\/wp\/v2\/media?parent=1431"}],"wp:term":[{"taxonomy":"product_brand","embeddable":true,"href":"https:\/\/makeupbeautymb.com\/index.php\/wp-json\/wp\/v2\/product_brand?post=1431"},{"taxonomy":"product_cat","embeddable":true,"href":"https:\/\/makeupbeautymb.com\/index.php\/wp-json\/wp\/v2\/product_cat?post=1431"},{"taxonomy":"product_tag","embeddable":true,"href":"https:\/\/makeupbeautymb.com\/index.php\/wp-json\/wp\/v2\/product_tag?post=1431"}],"curies":[{"name":"wp","href":"https:\/\/api.w.org\/{rel}","templated":true}]}}