{"id":1426,"date":"2022-07-20T01:42:06","date_gmt":"2022-07-20T01:42:06","guid":{"rendered":"https:\/\/makeupbeautymb.com\/?post_type=product&#038;p=1426"},"modified":"2022-07-20T01:42:06","modified_gmt":"2022-07-20T01:42:06","slug":"parches-durazno-bioaqua","status":"publish","type":"product","link":"https:\/\/makeupbeautymb.com\/index.php\/producto\/parches-durazno-bioaqua\/","title":{"rendered":"PARCHES DURAZNO BIOAQUA"},"content":{"rendered":"","protected":false},"excerpt":{"rendered":"<p>Reducirlas ojeras y las bolsas en los ojos.<br \/>\nIlumina eltono de la piel, levanta y<br \/>\nreafirma la piel.<br \/>\nReduce la hinchaz\u00f3n de los ojos y las l\u00edneas<br \/>\nfinas de los ojos.<br \/>\nReafirmante e hidratante para la zona.<\/p>\n","protected":false},"featured_media":1427,"comment_status":"open","ping_status":"closed","template":"","meta":{"om_disable_all_campaigns":false,"_monsterinsights_skip_tracking":false,"_monsterinsights_sitenote_active":false,"_monsterinsights_sitenote_note":"","_monsterinsights_sitenote_category":0,"site-sidebar-layout":"default","site-content-layout":"default","ast-global-header-display":"","ast-main-header-display":"","ast-hfb-above-header-display":"","ast-hfb-below-header-display":"","ast-hfb-mobile-header-display":"","site-post-title":"","ast-breadcrumbs-content":"","ast-featured-img":"","footer-sml-layout":"","theme-transparent-header-meta":"default","adv-header-id-meta":"","stick-header-meta":"","header-above-stick-meta":"","header-main-stick-meta":"","header-below-stick-meta":"","_joinchat":[]},"product_brand":[],"product_cat":[19],"product_tag":[],"class_list":{"0":"post-1426","1":"product","2":"type-product","3":"status-publish","4":"has-post-thumbnail","6":"product_cat-cremas-faciales","8":"first","9":"instock","10":"shipping-taxable","11":"purchasable","12":"product-type-simple"},"aioseo_notices":[],"jetpack-related-posts":[{"id":1428,"url":"https:\/\/makeupbeautymb.com\/index.php\/producto\/parches-vitamina-c-bioaqua\/","url_meta":{"origin":1426,"position":0},"title":"PARCHES VITAMINA C BIOAQUA","author":"makeubeauty","date":"20 de July de 2022","format":false,"excerpt":"Previene las arrugas y lucha intensamente contra los signos de envejecimiento. Mascarillas-los parches para los ojos contienen vitamina C para fortalecerla piel y aclararlas ojeras bajo los ojos hidrataci\u00f3n a largo plazo, eliminar\u00e1n las arrugas y las bolsas debajo de los ojos y le dar\u00e1n frescura y juventud.","rel":"","context":"Similar post","block_context":{"text":"Similar post","link":""},"img":{"alt_text":"","src":"https:\/\/i0.wp.com\/makeupbeautymb.com\/wp-content\/uploads\/2022\/07\/WhatsApp-Image-2022-07-19-at-8.10.04-PM-1.jpeg?fit=581%2C599&ssl=1&resize=350%2C200","width":350,"height":200,"srcset":"https:\/\/i0.wp.com\/makeupbeautymb.com\/wp-content\/uploads\/2022\/07\/WhatsApp-Image-2022-07-19-at-8.10.04-PM-1.jpeg?fit=581%2C599&ssl=1&resize=350%2C200 1x, https:\/\/i0.wp.com\/makeupbeautymb.com\/wp-content\/uploads\/2022\/07\/WhatsApp-Image-2022-07-19-at-8.10.04-PM-1.jpeg?fit=581%2C599&ssl=1&resize=525%2C300 1.5x"},"classes":[]},{"id":1439,"url":"https:\/\/makeupbeautymb.com\/index.php\/producto\/parches-caviar-images\/","url_meta":{"origin":1426,"position":1},"title":"PARCHES CAVIAR IMAGES","author":"makeubeauty","date":"20 de July de 2022","format":false,"excerpt":"Parches nutritivos de hidrogel para ojos con extracto de caviar de aguas profundas. Levanta el \u00e1rea de los ojos, hidrata e ilumina y disminuye las marcas finas. Hidratan y suavizan la piel. Combaten la hinchaz\u00f3n y la pigmentaci\u00f3n, aclaran las ojeras debajo de los ojos.","rel":"","context":"Similar post","block_context":{"text":"Similar post","link":""},"img":{"alt_text":"","src":"https:\/\/i0.wp.com\/makeupbeautymb.com\/wp-content\/uploads\/2022\/07\/WhatsApp-Image-2022-07-19-at-8.10.05-PM-2.jpeg?fit=564%2C558&ssl=1&resize=350%2C200","width":350,"height":200,"srcset":"https:\/\/i0.wp.com\/makeupbeautymb.com\/wp-content\/uploads\/2022\/07\/WhatsApp-Image-2022-07-19-at-8.10.05-PM-2.jpeg?fit=564%2C558&ssl=1&resize=350%2C200 1x, https:\/\/i0.wp.com\/makeupbeautymb.com\/wp-content\/uploads\/2022\/07\/WhatsApp-Image-2022-07-19-at-8.10.05-PM-2.jpeg?fit=564%2C558&ssl=1&resize=525%2C300 1.5x"},"classes":[]},{"id":1205,"url":"https:\/\/makeupbeautymb.com\/index.php\/producto\/velo-antifaz-para-ojos-de-colageno\/","url_meta":{"origin":1426,"position":2},"title":"VELO ANTIFAZ PARA OJOS DE COLAGENO","author":"makeubeauty","date":"15 de July de 2022","format":false,"excerpt":"Parches en velo para la zona de los ojos con colageno Desinflama la hinchaz\u00f3n de tus ojos. Elimina c\u00edrculos oscuros. Hidrata la piel. Disimula las ojeras. Actuaci\u00f3n r\u00e1pida y efectiva.","rel":"","context":"Similar post","block_context":{"text":"Similar post","link":""},"img":{"alt_text":"","src":"https:\/\/i0.wp.com\/makeupbeautymb.com\/wp-content\/uploads\/2022\/07\/WhatsApp-Image-2022-07-17-at-8.38.21-PM.jpeg?fit=523%2C505&ssl=1&resize=350%2C200","width":350,"height":200},"classes":[]},{"id":1400,"url":"https:\/\/makeupbeautymb.com\/index.php\/producto\/contorno-reafirmante-bioaqua\/","url_meta":{"origin":1426,"position":3},"title":"CONTORNO REAFIRMANTE BIOAQUA","author":"makeubeauty","date":"20 de July de 2022","format":false,"excerpt":"Esta crema para ojos puede suavizar y tensarla piel ,repone la humedad, hace que el p\u00e1rpado del ojo sea m\u00e1s brillante y con elastisidad. *M\u00e9todo de uso:todas las ma\u00f1anas y noches, aplicarla cantidad necesaria, aplicarse suavemente. * RESULTADOS: una semana despu\u00e9s Notar\u00e1s los Incre\u00edbles CAMBIOS EN TU PIEL","rel":"","context":"Similar post","block_context":{"text":"Similar post","link":""},"img":{"alt_text":"","src":"https:\/\/i0.wp.com\/makeupbeautymb.com\/wp-content\/uploads\/2022\/07\/WhatsApp-Image-2022-07-19-at-8.09.59-PM.jpeg?fit=513%2C518&ssl=1&resize=350%2C200","width":350,"height":200},"classes":[]},{"id":1443,"url":"https:\/\/makeupbeautymb.com\/index.php\/producto\/contorno-aloe-vera-bioaqua\/","url_meta":{"origin":1426,"position":4},"title":"CONTORNO ALOE VERA BIOAQUA","author":"makeubeauty","date":"20 de July de 2022","format":false,"excerpt":"Crema para el contorno de ojos bioaqua, a base de Aloe Vera Aumento de la turgencia y flexibilidad de la piel. Disminuci\u00f3n de la profundidad de las arrugas. Drena y elimina las toxinas del contorno de los ojos. Efecto calmante, regenerante y antiinflamatorio gracias al Aloe de vera.","rel":"","context":"Similar post","block_context":{"text":"Similar post","link":""},"img":{"alt_text":"","src":"https:\/\/i0.wp.com\/makeupbeautymb.com\/wp-content\/uploads\/2022\/07\/WhatsApp-Image-2022-07-19-at-8.10.06-PM-1.jpeg?fit=491%2C506&ssl=1&resize=350%2C200","width":350,"height":200},"classes":[]},{"id":365,"url":"https:\/\/makeupbeautymb.com\/index.php\/producto\/balancing-daily-cleanser\/","url_meta":{"origin":1426,"position":5},"title":"CREMA EN GEL ALOE VERA BIOAQUA","author":"makeubeauty","date":"20 de August de 2021","format":false,"excerpt":"GEL ALOE VERA BIOAQUA Ayuda a controlarla grasa de la piel, el acn\u00e9, mientras la hidrata y la humecta al instante. Al mismo tiempo te ayuda a cicatrizar y repararlos da\u00f1os en la piel causados por el sol. Relaja y disminuye las bolsas formadas en la parte inferior del contorno\u2026","rel":"","context":"Similar post","block_context":{"text":"Similar post","link":""},"img":{"alt_text":"","src":"https:\/\/i0.wp.com\/makeupbeautymb.com\/wp-content\/uploads\/2021\/08\/WhatsApp-Image-2022-07-18-at-12.14.18-PM.jpeg?fit=509%2C720&ssl=1&resize=350%2C200","width":350,"height":200},"classes":[]}],"_links":{"self":[{"href":"https:\/\/makeupbeautymb.com\/index.php\/wp-json\/wp\/v2\/product\/1426","targetHints":{"allow":["GET"]}}],"collection":[{"href":"https:\/\/makeupbeautymb.com\/index.php\/wp-json\/wp\/v2\/product"}],"about":[{"href":"https:\/\/makeupbeautymb.com\/index.php\/wp-json\/wp\/v2\/types\/product"}],"replies":[{"embeddable":true,"href":"https:\/\/makeupbeautymb.com\/index.php\/wp-json\/wp\/v2\/comments?post=1426"}],"wp:featuredmedia":[{"embeddable":true,"href":"https:\/\/makeupbeautymb.com\/index.php\/wp-json\/wp\/v2\/media\/1427"}],"wp:attachment":[{"href":"https:\/\/makeupbeautymb.com\/index.php\/wp-json\/wp\/v2\/media?parent=1426"}],"wp:term":[{"taxonomy":"product_brand","embeddable":true,"href":"https:\/\/makeupbeautymb.com\/index.php\/wp-json\/wp\/v2\/product_brand?post=1426"},{"taxonomy":"product_cat","embeddable":true,"href":"https:\/\/makeupbeautymb.com\/index.php\/wp-json\/wp\/v2\/product_cat?post=1426"},{"taxonomy":"product_tag","embeddable":true,"href":"https:\/\/makeupbeautymb.com\/index.php\/wp-json\/wp\/v2\/product_tag?post=1426"}],"curies":[{"name":"wp","href":"https:\/\/api.w.org\/{rel}","templated":true}]}}