{"id":1422,"date":"2022-07-20T01:37:56","date_gmt":"2022-07-20T01:37:56","guid":{"rendered":"https:\/\/makeupbeautymb.com\/?post_type=product&#038;p=1422"},"modified":"2022-07-20T01:37:56","modified_gmt":"2022-07-20T01:37:56","slug":"serum-vitamina-c-kiss-beauty","status":"publish","type":"product","link":"https:\/\/makeupbeautymb.com\/index.php\/producto\/serum-vitamina-c-kiss-beauty\/","title":{"rendered":"SERUM VITAMINA C KISS BEAUTY"},"content":{"rendered":"","protected":false},"excerpt":{"rendered":"<p>Suero facial de vitamina C con extractos<br \/>\nde hamamelis, aloe vera y cal\u00e9ndula.<br \/>\nContiene vitamina C y vitamina E.<br \/>\nMejora la textura de la piel,retrasa el<br \/>\nenvejecimiento mientras la protege de los<br \/>\nradicales libres y ayuda a recuperra la<br \/>\nluminosidad.<\/p>\n","protected":false},"featured_media":1423,"comment_status":"open","ping_status":"closed","template":"","meta":{"om_disable_all_campaigns":false,"_monsterinsights_skip_tracking":false,"_monsterinsights_sitenote_active":false,"_monsterinsights_sitenote_note":"","_monsterinsights_sitenote_category":0,"site-sidebar-layout":"default","site-content-layout":"default","ast-global-header-display":"","ast-main-header-display":"","ast-hfb-above-header-display":"","ast-hfb-below-header-display":"","ast-hfb-mobile-header-display":"","site-post-title":"","ast-breadcrumbs-content":"","ast-featured-img":"","footer-sml-layout":"","theme-transparent-header-meta":"default","adv-header-id-meta":"","stick-header-meta":"","header-above-stick-meta":"","header-main-stick-meta":"","header-below-stick-meta":"","_joinchat":[]},"product_brand":[],"product_cat":[19],"product_tag":[],"class_list":{"0":"post-1422","1":"product","2":"type-product","3":"status-publish","4":"has-post-thumbnail","6":"product_cat-cremas-faciales","8":"first","9":"instock","10":"shipping-taxable","11":"purchasable","12":"product-type-simple"},"aioseo_notices":[],"jetpack-related-posts":[{"id":1428,"url":"https:\/\/makeupbeautymb.com\/index.php\/producto\/parches-vitamina-c-bioaqua\/","url_meta":{"origin":1422,"position":0},"title":"PARCHES VITAMINA C BIOAQUA","author":"makeubeauty","date":"20 de July de 2022","format":false,"excerpt":"Previene las arrugas y lucha intensamente contra los signos de envejecimiento. Mascarillas-los parches para los ojos contienen vitamina C para fortalecerla piel y aclararlas ojeras bajo los ojos hidrataci\u00f3n a largo plazo, eliminar\u00e1n las arrugas y las bolsas debajo de los ojos y le dar\u00e1n frescura y juventud.","rel":"","context":"Similar post","block_context":{"text":"Similar post","link":""},"img":{"alt_text":"","src":"https:\/\/i0.wp.com\/makeupbeautymb.com\/wp-content\/uploads\/2022\/07\/WhatsApp-Image-2022-07-19-at-8.10.04-PM-1.jpeg?fit=581%2C599&ssl=1&resize=350%2C200","width":350,"height":200,"srcset":"https:\/\/i0.wp.com\/makeupbeautymb.com\/wp-content\/uploads\/2022\/07\/WhatsApp-Image-2022-07-19-at-8.10.04-PM-1.jpeg?fit=581%2C599&ssl=1&resize=350%2C200 1x, https:\/\/i0.wp.com\/makeupbeautymb.com\/wp-content\/uploads\/2022\/07\/WhatsApp-Image-2022-07-19-at-8.10.04-PM-1.jpeg?fit=581%2C599&ssl=1&resize=525%2C300 1.5x"},"classes":[]},{"id":1470,"url":"https:\/\/makeupbeautymb.com\/index.php\/producto\/tonico-vitamina-c-kiss-beauty\/","url_meta":{"origin":1422,"position":1},"title":"TONICO VITAMINA C KISS BEAUTY","author":"makeubeauty","date":"21 de July de 2022","format":false,"excerpt":"Esta loci\u00f3n es fundamental para el cuidado del cutis, ya que contribuye a restablecer el pH del rostro despu\u00e9s de haber sido sometido a una limpieza. La vitamina C es un antioxidante que protege contra el da\u00f1o celular de los radicales libres al preservar el col\u00e1geno de la piel.","rel":"","context":"Similar post","block_context":{"text":"Similar post","link":""},"img":{"alt_text":"","src":"https:\/\/i0.wp.com\/makeupbeautymb.com\/wp-content\/uploads\/2022\/07\/WhatsApp-Image-2022-07-20-at-8.17.44-PM.jpeg?fit=444%2C532&ssl=1&resize=350%2C200","width":350,"height":200},"classes":[]},{"id":363,"url":"https:\/\/makeupbeautymb.com\/index.php\/producto\/cleanser-concentrate\/","url_meta":{"origin":1422,"position":2},"title":"CREMA ARANDANOS BIOAQUA","author":"makeubeauty","date":"20 de August de 2021","format":false,"excerpt":"Los ar\u00e1ndanos, al concentrar sustancias antioxidantes como la vitamina C y las antocianinas, inhiben la acci\u00f3n de los radicales libres sobre las c\u00e9lulas y brindan un efecto protector frente a los da\u00f1os que causan en la piel. Disminuyen el riesgo de envejecimiento prematuro","rel":"","context":"Similar post","block_context":{"text":"Similar post","link":""},"img":{"alt_text":"","src":"https:\/\/i0.wp.com\/makeupbeautymb.com\/wp-content\/uploads\/2021\/08\/WhatsApp-Image-2022-07-18-at-12.45.04-PM.jpeg?fit=606%2C489&ssl=1&resize=350%2C200","width":350,"height":200,"srcset":"https:\/\/i0.wp.com\/makeupbeautymb.com\/wp-content\/uploads\/2021\/08\/WhatsApp-Image-2022-07-18-at-12.45.04-PM.jpeg?fit=606%2C489&ssl=1&resize=350%2C200 1x, https:\/\/i0.wp.com\/makeupbeautymb.com\/wp-content\/uploads\/2021\/08\/WhatsApp-Image-2022-07-18-at-12.45.04-PM.jpeg?fit=606%2C489&ssl=1&resize=525%2C300 1.5x"},"classes":[]},{"id":1412,"url":"https:\/\/makeupbeautymb.com\/index.php\/producto\/serum-agucate-bioaqua\/","url_meta":{"origin":1422,"position":3},"title":"SERUM AGUCATE BIOAQUA","author":"makeubeauty","date":"20 de July de 2022","format":false,"excerpt":"Enriquecido con vitaminas A y E. Tiene una funci\u00f3n hidratante y reparadora, que tiene un efecto suave en la piel y mantiene la elasticidad. Tiene una buena extensi\u00f3n y absorci\u00f3n que puede bloquearla humedad de la piel y activar el tejido de defensa para inhibir.","rel":"","context":"Similar post","block_context":{"text":"Similar post","link":""},"img":{"alt_text":"","src":"https:\/\/i0.wp.com\/makeupbeautymb.com\/wp-content\/uploads\/2022\/07\/WhatsApp-Image-2022-07-19-at-8.10.02-PM-1.jpeg?fit=479%2C530&ssl=1&resize=350%2C200","width":350,"height":200},"classes":[]},{"id":1431,"url":"https:\/\/makeupbeautymb.com\/index.php\/producto\/serum-aclarador-images\/","url_meta":{"origin":1422,"position":4},"title":"SERUM ACLARADOR IMAGES","author":"makeubeauty","date":"20 de July de 2022","format":false,"excerpt":"Contiene una alta concentraci\u00f3n de vitaminas , pruebe la renovaci\u00f3n de col\u00e1geno y evita la aparici\u00f3n de manchas. Nutre e hidrata la piel. Y tambi\u00e9n tiene un pronunciado efecto blanqueador. El suero funciona en la piel durante todo el d\u00eda e incluso debajo de cosm\u00e9ticos decorativos.","rel":"","context":"Similar post","block_context":{"text":"Similar post","link":""},"img":{"alt_text":"","src":"https:\/\/i0.wp.com\/makeupbeautymb.com\/wp-content\/uploads\/2022\/07\/WhatsApp-Image-2022-07-19-at-8.10.04-PM-2.jpeg?fit=511%2C684&ssl=1&resize=350%2C200","width":350,"height":200},"classes":[]},{"id":1468,"url":"https:\/\/makeupbeautymb.com\/index.php\/producto\/aguas-de-rosas-240-ml-trendy\/","url_meta":{"origin":1422,"position":5},"title":"AGUAS DE ROSAS 240 ML TRENDY","author":"makeubeauty","date":"21 de July de 2022","format":false,"excerpt":"EXTRACTO DE ROSAS:tiene diferentes propiedades antiedad, activadoras de la circulaci\u00f3n y seborreguladoras . Tambi\u00e9n tiene efecto antioxidante y antiinflamatorio,tonificando la piel con una sensaci\u00f3n extra suave y tersa. EXTRACTO DE MANZANILLA: es ideal para pieles sensibles y propensas a acn\u00e9.","rel":"","context":"Similar post","block_context":{"text":"Similar post","link":""},"img":{"alt_text":"","src":"https:\/\/i0.wp.com\/makeupbeautymb.com\/wp-content\/uploads\/2022\/07\/WhatsApp-Image-2022-07-20-at-8.17.41-PM.jpeg?fit=400%2C487&ssl=1&resize=350%2C200","width":350,"height":200},"classes":[]}],"_links":{"self":[{"href":"https:\/\/makeupbeautymb.com\/index.php\/wp-json\/wp\/v2\/product\/1422","targetHints":{"allow":["GET"]}}],"collection":[{"href":"https:\/\/makeupbeautymb.com\/index.php\/wp-json\/wp\/v2\/product"}],"about":[{"href":"https:\/\/makeupbeautymb.com\/index.php\/wp-json\/wp\/v2\/types\/product"}],"replies":[{"embeddable":true,"href":"https:\/\/makeupbeautymb.com\/index.php\/wp-json\/wp\/v2\/comments?post=1422"}],"wp:featuredmedia":[{"embeddable":true,"href":"https:\/\/makeupbeautymb.com\/index.php\/wp-json\/wp\/v2\/media\/1423"}],"wp:attachment":[{"href":"https:\/\/makeupbeautymb.com\/index.php\/wp-json\/wp\/v2\/media?parent=1422"}],"wp:term":[{"taxonomy":"product_brand","embeddable":true,"href":"https:\/\/makeupbeautymb.com\/index.php\/wp-json\/wp\/v2\/product_brand?post=1422"},{"taxonomy":"product_cat","embeddable":true,"href":"https:\/\/makeupbeautymb.com\/index.php\/wp-json\/wp\/v2\/product_cat?post=1422"},{"taxonomy":"product_tag","embeddable":true,"href":"https:\/\/makeupbeautymb.com\/index.php\/wp-json\/wp\/v2\/product_tag?post=1422"}],"curies":[{"name":"wp","href":"https:\/\/api.w.org\/{rel}","templated":true}]}}