{"id":1414,"date":"2022-07-20T01:30:09","date_gmt":"2022-07-20T01:30:09","guid":{"rendered":"https:\/\/makeupbeautymb.com\/?post_type=product&#038;p=1414"},"modified":"2022-07-20T01:30:09","modified_gmt":"2022-07-20T01:30:09","slug":"serum-oil-colageno-karite","status":"publish","type":"product","link":"https:\/\/makeupbeautymb.com\/index.php\/producto\/serum-oil-colageno-karite\/","title":{"rendered":"SERUM OIL COLAGENO KARITE"},"content":{"rendered":"","protected":false},"excerpt":{"rendered":"<p>Serum con f\u00e1cil absorci\u00f3n que ayuda a<br \/>\nhidratartu piel, es antienvejecimiento,<br \/>\nreduce la aparici\u00f3n de l\u00edneas de expresi\u00f3n<br \/>\ny ayuda a alisarlas que ya est\u00e1n, promueve<br \/>\nr\u00e1pidamente la producci\u00f3n de col\u00e1geno<br \/>\nayudando a la restauraci\u00f3n de la piel.<\/p>\n","protected":false},"featured_media":1415,"comment_status":"open","ping_status":"closed","template":"","meta":{"om_disable_all_campaigns":false,"_monsterinsights_skip_tracking":false,"_monsterinsights_sitenote_active":false,"_monsterinsights_sitenote_note":"","_monsterinsights_sitenote_category":0,"site-sidebar-layout":"default","site-content-layout":"default","ast-global-header-display":"","ast-main-header-display":"","ast-hfb-above-header-display":"","ast-hfb-below-header-display":"","ast-hfb-mobile-header-display":"","site-post-title":"","ast-breadcrumbs-content":"","ast-featured-img":"","footer-sml-layout":"","theme-transparent-header-meta":"default","adv-header-id-meta":"","stick-header-meta":"","header-above-stick-meta":"","header-main-stick-meta":"","header-below-stick-meta":"","_joinchat":[]},"product_brand":[],"product_cat":[19],"product_tag":[],"class_list":{"0":"post-1414","1":"product","2":"type-product","3":"status-publish","4":"has-post-thumbnail","6":"product_cat-cremas-faciales","8":"first","9":"instock","10":"shipping-taxable","11":"purchasable","12":"product-type-simple"},"aioseo_notices":[],"jetpack-related-posts":[{"id":1458,"url":"https:\/\/makeupbeautymb.com\/index.php\/producto\/exfoliante-colageno-karite\/","url_meta":{"origin":1414,"position":0},"title":"EXFOLIANTE COLAGENO KARITE","author":"makeubeauty","date":"21 de July de 2022","format":false,"excerpt":"Reduce las marcas de acn\u00e9 gracias a sus propiedades cicatrizantes. Ayuda a sanar las heridas. Combate la flacidez facial y la celulitis. Rejuvenece la c\u00e9lulas de la piel. Ayuda a desinflamarla piel. Ayuda a combatir el acn\u00e9 y las espinillas. Para uso corporal y facial.","rel":"","context":"Similar post","block_context":{"text":"Similar post","link":""},"img":{"alt_text":"","src":"https:\/\/i0.wp.com\/makeupbeautymb.com\/wp-content\/uploads\/2022\/07\/WhatsApp-Image-2022-07-20-at-8.17.23-PM.jpeg?fit=434%2C482&ssl=1&resize=350%2C200","width":350,"height":200},"classes":[]},{"id":1397,"url":"https:\/\/makeupbeautymb.com\/index.php\/producto\/mask-burbujas-de-colageno-karite\/","url_meta":{"origin":1414,"position":1},"title":"MASK BURBUJAS DE COLAGENO KARITE","author":"makeubeauty","date":"19 de July de 2022","format":false,"excerpt":"Tiene una fuerte afinidad de adsorci\u00f3n, lo que ayuda a eliminar en profundidad el exceso de grasa, los residuos de maquillaje y la suciedad. Deja tu piel suave ,tersa y refrescante con un solo uso. Ayuda a hidratar nuestra piel profundamente y equilibrar el PH de nuestra piel.","rel":"","context":"Similar post","block_context":{"text":"Similar post","link":""},"img":{"alt_text":"","src":"https:\/\/i0.wp.com\/makeupbeautymb.com\/wp-content\/uploads\/2022\/07\/WhatsApp-Image-2022-07-18-at-1.16.21-PM-4.jpeg?fit=512%2C644&ssl=1&resize=350%2C200","width":350,"height":200},"classes":[]},{"id":1392,"url":"https:\/\/makeupbeautymb.com\/index.php\/producto\/mask-ice-cream-colageno-karite\/","url_meta":{"origin":1414,"position":2},"title":"MASK ICE CREAM COLAGENO KARITE","author":"makeubeauty","date":"19 de July de 2022","format":false,"excerpt":"Mascarilla en gel de rosas con petalos Repara la piel da\u00f1ada. Profundiza en los poros. Repone la hidrataci\u00f3n y la nutrici\u00f3n. Retiene la humedad y humecta. Mejora la sequedad de la piel \u00e1spera y l\u00edneas de expresi\u00f3n. Deja la piel suave y brillante","rel":"","context":"Similar post","block_context":{"text":"Similar post","link":""},"img":{"alt_text":"","src":"https:\/\/i0.wp.com\/makeupbeautymb.com\/wp-content\/uploads\/2022\/07\/WhatsApp-Image-2022-07-18-at-1.16.21-PM-3.jpeg?fit=520%2C575&ssl=1&resize=350%2C200","width":350,"height":200},"classes":[]},{"id":1431,"url":"https:\/\/makeupbeautymb.com\/index.php\/producto\/serum-aclarador-images\/","url_meta":{"origin":1414,"position":3},"title":"SERUM ACLARADOR IMAGES","author":"makeubeauty","date":"20 de July de 2022","format":false,"excerpt":"Contiene una alta concentraci\u00f3n de vitaminas , pruebe la renovaci\u00f3n de col\u00e1geno y evita la aparici\u00f3n de manchas. Nutre e hidrata la piel. Y tambi\u00e9n tiene un pronunciado efecto blanqueador. El suero funciona en la piel durante todo el d\u00eda e incluso debajo de cosm\u00e9ticos decorativos.","rel":"","context":"Similar post","block_context":{"text":"Similar post","link":""},"img":{"alt_text":"","src":"https:\/\/i0.wp.com\/makeupbeautymb.com\/wp-content\/uploads\/2022\/07\/WhatsApp-Image-2022-07-19-at-8.10.04-PM-2.jpeg?fit=511%2C684&ssl=1&resize=350%2C200","width":350,"height":200},"classes":[]},{"id":1205,"url":"https:\/\/makeupbeautymb.com\/index.php\/producto\/velo-antifaz-para-ojos-de-colageno\/","url_meta":{"origin":1414,"position":4},"title":"VELO ANTIFAZ PARA OJOS DE COLAGENO","author":"makeubeauty","date":"15 de July de 2022","format":false,"excerpt":"Parches en velo para la zona de los ojos con colageno Desinflama la hinchaz\u00f3n de tus ojos. Elimina c\u00edrculos oscuros. Hidrata la piel. Disimula las ojeras. Actuaci\u00f3n r\u00e1pida y efectiva.","rel":"","context":"Similar post","block_context":{"text":"Similar post","link":""},"img":{"alt_text":"","src":"https:\/\/i0.wp.com\/makeupbeautymb.com\/wp-content\/uploads\/2022\/07\/WhatsApp-Image-2022-07-17-at-8.38.21-PM.jpeg?fit=523%2C505&ssl=1&resize=350%2C200","width":350,"height":200},"classes":[]},{"id":1416,"url":"https:\/\/makeupbeautymb.com\/index.php\/producto\/serum-oil-aloe-vera-karite\/","url_meta":{"origin":1414,"position":5},"title":"SERUM OIL ALOE VERA KARITE","author":"makeubeauty","date":"20 de July de 2022","format":false,"excerpt":"Suero en gotero de aloe vera, ayuda a humectarla piel, adem\u00e1s da un aspecto saludable y luminoso Es un importante Regenerador celular, cicatrizante ,tonificante, de usarse regularmente evita las arrugas prematuras. Ideal para pieles secas.","rel":"","context":"Similar post","block_context":{"text":"Similar post","link":""},"img":{"alt_text":"","src":"https:\/\/i0.wp.com\/makeupbeautymb.com\/wp-content\/uploads\/2022\/07\/WhatsApp-Image-2022-07-19-at-8.10.02-PM-3.jpeg?fit=480%2C478&ssl=1&resize=350%2C200","width":350,"height":200},"classes":[]}],"_links":{"self":[{"href":"https:\/\/makeupbeautymb.com\/index.php\/wp-json\/wp\/v2\/product\/1414","targetHints":{"allow":["GET"]}}],"collection":[{"href":"https:\/\/makeupbeautymb.com\/index.php\/wp-json\/wp\/v2\/product"}],"about":[{"href":"https:\/\/makeupbeautymb.com\/index.php\/wp-json\/wp\/v2\/types\/product"}],"replies":[{"embeddable":true,"href":"https:\/\/makeupbeautymb.com\/index.php\/wp-json\/wp\/v2\/comments?post=1414"}],"wp:featuredmedia":[{"embeddable":true,"href":"https:\/\/makeupbeautymb.com\/index.php\/wp-json\/wp\/v2\/media\/1415"}],"wp:attachment":[{"href":"https:\/\/makeupbeautymb.com\/index.php\/wp-json\/wp\/v2\/media?parent=1414"}],"wp:term":[{"taxonomy":"product_brand","embeddable":true,"href":"https:\/\/makeupbeautymb.com\/index.php\/wp-json\/wp\/v2\/product_brand?post=1414"},{"taxonomy":"product_cat","embeddable":true,"href":"https:\/\/makeupbeautymb.com\/index.php\/wp-json\/wp\/v2\/product_cat?post=1414"},{"taxonomy":"product_tag","embeddable":true,"href":"https:\/\/makeupbeautymb.com\/index.php\/wp-json\/wp\/v2\/product_tag?post=1414"}],"curies":[{"name":"wp","href":"https:\/\/api.w.org\/{rel}","templated":true}]}}