{"id":1412,"date":"2022-07-20T01:28:43","date_gmt":"2022-07-20T01:28:43","guid":{"rendered":"https:\/\/makeupbeautymb.com\/?post_type=product&#038;p=1412"},"modified":"2022-07-20T01:28:43","modified_gmt":"2022-07-20T01:28:43","slug":"serum-agucate-bioaqua","status":"publish","type":"product","link":"https:\/\/makeupbeautymb.com\/index.php\/producto\/serum-agucate-bioaqua\/","title":{"rendered":"SERUM AGUCATE BIOAQUA"},"content":{"rendered":"","protected":false},"excerpt":{"rendered":"<p>Enriquecido con vitaminas A y E. Tiene una<br \/>\nfunci\u00f3n hidratante y reparadora, que tiene<br \/>\nun efecto suave en la piel y mantiene la<br \/>\nelasticidad.<br \/>\nTiene una buena extensi\u00f3n y absorci\u00f3n que<br \/>\npuede bloquearla humedad de la piel y<br \/>\nactivar el tejido de defensa para inhibir.<\/p>\n","protected":false},"featured_media":1413,"comment_status":"open","ping_status":"closed","template":"","meta":{"om_disable_all_campaigns":false,"_monsterinsights_skip_tracking":false,"_monsterinsights_sitenote_active":false,"_monsterinsights_sitenote_note":"","_monsterinsights_sitenote_category":0,"site-sidebar-layout":"default","site-content-layout":"default","ast-global-header-display":"","ast-main-header-display":"","ast-hfb-above-header-display":"","ast-hfb-below-header-display":"","ast-hfb-mobile-header-display":"","site-post-title":"","ast-breadcrumbs-content":"","ast-featured-img":"","footer-sml-layout":"","theme-transparent-header-meta":"default","adv-header-id-meta":"","stick-header-meta":"","header-above-stick-meta":"","header-main-stick-meta":"","header-below-stick-meta":"","_joinchat":[]},"product_brand":[],"product_cat":[19],"product_tag":[],"class_list":{"0":"post-1412","1":"product","2":"type-product","3":"status-publish","4":"has-post-thumbnail","6":"product_cat-cremas-faciales","8":"first","9":"instock","10":"shipping-taxable","11":"purchasable","12":"product-type-simple"},"aioseo_notices":[],"jetpack-related-posts":[{"id":370,"url":"https:\/\/makeupbeautymb.com\/index.php\/producto\/hybrid-cleansing-balm\/","url_meta":{"origin":1412,"position":0},"title":"BANDAS PUNTOS NEGROS TRENDY","author":"makeubeauty","date":"20 de August de 2021","format":false,"excerpt":"Limpia los poros y es reafirmante. - Clarifica el aspecto de la piel. -Tiene propiedades para eliminar el aspecto aceitoso de la piel. -Para Todo tipo de Piel. Limpiarla nariz y la zona T antes de usar. Limpie con una toalla caliente para abrir los poros. Aplicarlimpiador en elrostro y\u2026","rel":"","context":"Similar post","block_context":{"text":"Similar post","link":""},"img":{"alt_text":"","src":"https:\/\/i0.wp.com\/makeupbeautymb.com\/wp-content\/uploads\/2021\/08\/WhatsApp-Image-2022-07-17-at-8.45.45-PM.jpeg?fit=627%2C633&ssl=1&resize=350%2C200","width":350,"height":200,"srcset":"https:\/\/i0.wp.com\/makeupbeautymb.com\/wp-content\/uploads\/2021\/08\/WhatsApp-Image-2022-07-17-at-8.45.45-PM.jpeg?fit=627%2C633&ssl=1&resize=350%2C200 1x, https:\/\/i0.wp.com\/makeupbeautymb.com\/wp-content\/uploads\/2021\/08\/WhatsApp-Image-2022-07-17-at-8.45.45-PM.jpeg?fit=627%2C633&ssl=1&resize=525%2C300 1.5x"},"classes":[]},{"id":1397,"url":"https:\/\/makeupbeautymb.com\/index.php\/producto\/mask-burbujas-de-colageno-karite\/","url_meta":{"origin":1412,"position":1},"title":"MASK BURBUJAS DE COLAGENO KARITE","author":"makeubeauty","date":"19 de July de 2022","format":false,"excerpt":"Tiene una fuerte afinidad de adsorci\u00f3n, lo que ayuda a eliminar en profundidad el exceso de grasa, los residuos de maquillaje y la suciedad. Deja tu piel suave ,tersa y refrescante con un solo uso. Ayuda a hidratar nuestra piel profundamente y equilibrar el PH de nuestra piel.","rel":"","context":"Similar post","block_context":{"text":"Similar post","link":""},"img":{"alt_text":"","src":"https:\/\/i0.wp.com\/makeupbeautymb.com\/wp-content\/uploads\/2022\/07\/WhatsApp-Image-2022-07-18-at-1.16.21-PM-4.jpeg?fit=512%2C644&ssl=1&resize=350%2C200","width":350,"height":200},"classes":[]},{"id":1468,"url":"https:\/\/makeupbeautymb.com\/index.php\/producto\/aguas-de-rosas-240-ml-trendy\/","url_meta":{"origin":1412,"position":2},"title":"AGUAS DE ROSAS 240 ML TRENDY","author":"makeubeauty","date":"21 de July de 2022","format":false,"excerpt":"EXTRACTO DE ROSAS:tiene diferentes propiedades antiedad, activadoras de la circulaci\u00f3n y seborreguladoras . Tambi\u00e9n tiene efecto antioxidante y antiinflamatorio,tonificando la piel con una sensaci\u00f3n extra suave y tersa. EXTRACTO DE MANZANILLA: es ideal para pieles sensibles y propensas a acn\u00e9.","rel":"","context":"Similar post","block_context":{"text":"Similar post","link":""},"img":{"alt_text":"","src":"https:\/\/i0.wp.com\/makeupbeautymb.com\/wp-content\/uploads\/2022\/07\/WhatsApp-Image-2022-07-20-at-8.17.41-PM.jpeg?fit=400%2C487&ssl=1&resize=350%2C200","width":350,"height":200},"classes":[]},{"id":1431,"url":"https:\/\/makeupbeautymb.com\/index.php\/producto\/serum-aclarador-images\/","url_meta":{"origin":1412,"position":3},"title":"SERUM ACLARADOR IMAGES","author":"makeubeauty","date":"20 de July de 2022","format":false,"excerpt":"Contiene una alta concentraci\u00f3n de vitaminas , pruebe la renovaci\u00f3n de col\u00e1geno y evita la aparici\u00f3n de manchas. Nutre e hidrata la piel. Y tambi\u00e9n tiene un pronunciado efecto blanqueador. El suero funciona en la piel durante todo el d\u00eda e incluso debajo de cosm\u00e9ticos decorativos.","rel":"","context":"Similar post","block_context":{"text":"Similar post","link":""},"img":{"alt_text":"","src":"https:\/\/i0.wp.com\/makeupbeautymb.com\/wp-content\/uploads\/2022\/07\/WhatsApp-Image-2022-07-19-at-8.10.04-PM-2.jpeg?fit=511%2C684&ssl=1&resize=350%2C200","width":350,"height":200},"classes":[]},{"id":1381,"url":"https:\/\/makeupbeautymb.com\/index.php\/producto\/mask-tipo-helado-fresas-kiss-beauty\/","url_meta":{"origin":1412,"position":4},"title":"MASK TIPO HELADO FRESAS KISS BEAUTY","author":"makeubeauty","date":"19 de July de 2022","format":false,"excerpt":"Mascarilla de helado by Kiss Beauty Es una mascarilla tipo arcilla en presentaci\u00f3n con forma de helado,tiene un olor delicioso. La funci\u00f3n de las mascarillas de helado es limpiar profundamente la piel,retirar impurezas y c\u00e9lulas muertas. Aportan Luminosidad y suavidad. Son ideales para todo tipo de piel","rel":"","context":"Similar post","block_context":{"text":"Similar post","link":""},"img":{"alt_text":"","src":"https:\/\/i0.wp.com\/makeupbeautymb.com\/wp-content\/uploads\/2022\/07\/WhatsApp-Image-2022-07-18-at-1.16.19-PM-5.jpeg?fit=616%2C512&ssl=1&resize=350%2C200","width":350,"height":200,"srcset":"https:\/\/i0.wp.com\/makeupbeautymb.com\/wp-content\/uploads\/2022\/07\/WhatsApp-Image-2022-07-18-at-1.16.19-PM-5.jpeg?fit=616%2C512&ssl=1&resize=350%2C200 1x, https:\/\/i0.wp.com\/makeupbeautymb.com\/wp-content\/uploads\/2022\/07\/WhatsApp-Image-2022-07-18-at-1.16.19-PM-5.jpeg?fit=616%2C512&ssl=1&resize=525%2C300 1.5x"},"classes":[]},{"id":1385,"url":"https:\/\/makeupbeautymb.com\/index.php\/producto\/mask-tipo-helado-de-leche-kiss-beauty\/","url_meta":{"origin":1412,"position":5},"title":"MASK TIPO HELADO DE LECHE KISS BEAUTY","author":"makeubeauty","date":"19 de July de 2022","format":false,"excerpt":"Mascarilla de helado by Kiss Beauty Es una mascarilla tipo arcilla en presentaci\u00f3n con forma de helado,tiene un olor delicioso. La funci\u00f3n de las mascarillas de helado es limpiar profundamente la piel,retirar impurezas y c\u00e9lulas muertas. Aportan Luminosidad y suavidad. Son ideales para todo tipo de piel.","rel":"","context":"Similar post","block_context":{"text":"Similar post","link":""},"img":{"alt_text":"","src":"https:\/\/i0.wp.com\/makeupbeautymb.com\/wp-content\/uploads\/2022\/07\/WhatsApp-Image-2022-07-18-at-1.16.21-PM-1.jpeg?fit=549%2C604&ssl=1&resize=350%2C200","width":350,"height":200,"srcset":"https:\/\/i0.wp.com\/makeupbeautymb.com\/wp-content\/uploads\/2022\/07\/WhatsApp-Image-2022-07-18-at-1.16.21-PM-1.jpeg?fit=549%2C604&ssl=1&resize=350%2C200 1x, https:\/\/i0.wp.com\/makeupbeautymb.com\/wp-content\/uploads\/2022\/07\/WhatsApp-Image-2022-07-18-at-1.16.21-PM-1.jpeg?fit=549%2C604&ssl=1&resize=525%2C300 1.5x"},"classes":[]}],"_links":{"self":[{"href":"https:\/\/makeupbeautymb.com\/index.php\/wp-json\/wp\/v2\/product\/1412","targetHints":{"allow":["GET"]}}],"collection":[{"href":"https:\/\/makeupbeautymb.com\/index.php\/wp-json\/wp\/v2\/product"}],"about":[{"href":"https:\/\/makeupbeautymb.com\/index.php\/wp-json\/wp\/v2\/types\/product"}],"replies":[{"embeddable":true,"href":"https:\/\/makeupbeautymb.com\/index.php\/wp-json\/wp\/v2\/comments?post=1412"}],"wp:featuredmedia":[{"embeddable":true,"href":"https:\/\/makeupbeautymb.com\/index.php\/wp-json\/wp\/v2\/media\/1413"}],"wp:attachment":[{"href":"https:\/\/makeupbeautymb.com\/index.php\/wp-json\/wp\/v2\/media?parent=1412"}],"wp:term":[{"taxonomy":"product_brand","embeddable":true,"href":"https:\/\/makeupbeautymb.com\/index.php\/wp-json\/wp\/v2\/product_brand?post=1412"},{"taxonomy":"product_cat","embeddable":true,"href":"https:\/\/makeupbeautymb.com\/index.php\/wp-json\/wp\/v2\/product_cat?post=1412"},{"taxonomy":"product_tag","embeddable":true,"href":"https:\/\/makeupbeautymb.com\/index.php\/wp-json\/wp\/v2\/product_tag?post=1412"}],"curies":[{"name":"wp","href":"https:\/\/api.w.org\/{rel}","templated":true}]}}