{"id":1406,"date":"2022-07-20T01:23:20","date_gmt":"2022-07-20T01:23:20","guid":{"rendered":"https:\/\/makeupbeautymb.com\/?post_type=product&#038;p=1406"},"modified":"2022-07-20T01:23:20","modified_gmt":"2022-07-20T01:23:20","slug":"set-de-aguacate-x-5","status":"publish","type":"product","link":"https:\/\/makeupbeautymb.com\/index.php\/producto\/set-de-aguacate-x-5\/","title":{"rendered":"SET DE AGUACATE X 5"},"content":{"rendered":"","protected":false},"excerpt":{"rendered":"<p>Contiene:<\/p>\n<p>Mascarilla hidratante<br \/>\nContorno de ojeras<br \/>\nSerum hidratante d\u00eda<br \/>\nSerum hidratante noche<br \/>\nCrema hidratante<br \/>\nReduce las arrugas y l\u00edneas de expresi\u00f3n<\/p>\n","protected":false},"featured_media":1407,"comment_status":"open","ping_status":"closed","template":"","meta":{"om_disable_all_campaigns":false,"_monsterinsights_skip_tracking":false,"_monsterinsights_sitenote_active":false,"_monsterinsights_sitenote_note":"","_monsterinsights_sitenote_category":0,"site-sidebar-layout":"default","site-content-layout":"default","ast-global-header-display":"","ast-main-header-display":"","ast-hfb-above-header-display":"","ast-hfb-below-header-display":"","ast-hfb-mobile-header-display":"","site-post-title":"","ast-breadcrumbs-content":"","ast-featured-img":"","footer-sml-layout":"","theme-transparent-header-meta":"default","adv-header-id-meta":"","stick-header-meta":"","header-above-stick-meta":"","header-main-stick-meta":"","header-below-stick-meta":"","_joinchat":[]},"product_brand":[],"product_cat":[19],"product_tag":[],"class_list":{"0":"post-1406","1":"product","2":"type-product","3":"status-publish","4":"has-post-thumbnail","6":"product_cat-cremas-faciales","8":"first","9":"instock","10":"shipping-taxable","11":"purchasable","12":"product-type-simple"},"aioseo_notices":[],"jetpack-related-posts":[{"id":1412,"url":"https:\/\/makeupbeautymb.com\/index.php\/producto\/serum-agucate-bioaqua\/","url_meta":{"origin":1406,"position":0},"title":"SERUM AGUCATE BIOAQUA","author":"makeubeauty","date":"20 de July de 2022","format":false,"excerpt":"Enriquecido con vitaminas A y E. Tiene una funci\u00f3n hidratante y reparadora, que tiene un efecto suave en la piel y mantiene la elasticidad. Tiene una buena extensi\u00f3n y absorci\u00f3n que puede bloquearla humedad de la piel y activar el tejido de defensa para inhibir.","rel":"","context":"Similar post","block_context":{"text":"Similar post","link":""},"img":{"alt_text":"","src":"https:\/\/i0.wp.com\/makeupbeautymb.com\/wp-content\/uploads\/2022\/07\/WhatsApp-Image-2022-07-19-at-8.10.02-PM-1.jpeg?fit=479%2C530&ssl=1&resize=350%2C200","width":350,"height":200},"classes":[]},{"id":342,"url":"https:\/\/makeupbeautymb.com\/index.php\/producto\/milky-gentle-cleanser\/","url_meta":{"origin":1406,"position":1},"title":"CREMA DE DIA KARITE","author":"makeubeauty","date":"20 de August de 2021","format":false,"excerpt":"Crema hidratante matificante para pieles mixtas a grasas con 5 beneficios: hidrata, combate el brillo,reequilibra y reduce poros e imperfecciones","rel":"","context":"Similar post","block_context":{"text":"Similar post","link":""},"img":{"alt_text":"","src":"https:\/\/i0.wp.com\/makeupbeautymb.com\/wp-content\/uploads\/2021\/08\/WhatsApp-Image-2022-07-18-at-12.45.55-PM.jpeg?fit=542%2C590&ssl=1&resize=350%2C200","width":350,"height":200,"srcset":"https:\/\/i0.wp.com\/makeupbeautymb.com\/wp-content\/uploads\/2021\/08\/WhatsApp-Image-2022-07-18-at-12.45.55-PM.jpeg?fit=542%2C590&ssl=1&resize=350%2C200 1x, https:\/\/i0.wp.com\/makeupbeautymb.com\/wp-content\/uploads\/2021\/08\/WhatsApp-Image-2022-07-18-at-12.45.55-PM.jpeg?fit=542%2C590&ssl=1&resize=525%2C300 1.5x"},"classes":[]},{"id":1445,"url":"https:\/\/makeupbeautymb.com\/index.php\/producto\/contorno-roll-on-acido-hialuronico\/","url_meta":{"origin":1406,"position":2},"title":"CONTORNO ROLL ON ACIDO HIALURONICO","author":"makeubeauty","date":"20 de July de 2022","format":false,"excerpt":"Aporta propiedades hidratantes, regeneradoras y antiinflamatorias. Lucir\u00e1s una mirada m\u00e1s fresca y despierta. - Hidrata y nutre esta zona tan sensible. - Ayuda a desinflamar el contorno de ojos.","rel":"","context":"Similar post","block_context":{"text":"Similar post","link":""},"img":{"alt_text":"","src":"https:\/\/i0.wp.com\/makeupbeautymb.com\/wp-content\/uploads\/2022\/07\/WhatsApp-Image-2022-07-19-at-8.10.06-PM-2.jpeg?fit=419%2C501&ssl=1&resize=350%2C200","width":350,"height":200},"classes":[]},{"id":1426,"url":"https:\/\/makeupbeautymb.com\/index.php\/producto\/parches-durazno-bioaqua\/","url_meta":{"origin":1406,"position":3},"title":"PARCHES DURAZNO BIOAQUA","author":"makeubeauty","date":"20 de July de 2022","format":false,"excerpt":"Reducirlas ojeras y las bolsas en los ojos. Ilumina eltono de la piel, levanta y reafirma la piel. Reduce la hinchaz\u00f3n de los ojos y las l\u00edneas finas de los ojos. Reafirmante e hidratante para la zona.","rel":"","context":"Similar post","block_context":{"text":"Similar post","link":""},"img":{"alt_text":"","src":"https:\/\/i0.wp.com\/makeupbeautymb.com\/wp-content\/uploads\/2022\/07\/WhatsApp-Image-2022-07-19-at-8.10.04-PM.jpeg?fit=580%2C538&ssl=1&resize=350%2C200","width":350,"height":200,"srcset":"https:\/\/i0.wp.com\/makeupbeautymb.com\/wp-content\/uploads\/2022\/07\/WhatsApp-Image-2022-07-19-at-8.10.04-PM.jpeg?fit=580%2C538&ssl=1&resize=350%2C200 1x, https:\/\/i0.wp.com\/makeupbeautymb.com\/wp-content\/uploads\/2022\/07\/WhatsApp-Image-2022-07-19-at-8.10.04-PM.jpeg?fit=580%2C538&ssl=1&resize=525%2C300 1.5x"},"classes":[]},{"id":364,"url":"https:\/\/makeupbeautymb.com\/index.php\/producto\/hydrating-gel-oil\/","url_meta":{"origin":1406,"position":4},"title":"CREMA ACIDO HIALURONICO BIOAQUA","author":"makeubeauty","date":"20 de August de 2021","format":false,"excerpt":"Hidratante y humectante. Antienvejecimiento. Altamanente Nutritiva. Contra la p\u00e9rdida de volumen, da firmeza. Preventivo y correctivo de las arrugas. Para todas las pieles, especialmente las secas. Aporta elasticidad, flexibilidad y protecci\u00f3n. Apta para hombres y mujeres.","rel":"","context":"Similar post","block_context":{"text":"Similar post","link":""},"img":{"alt_text":"","src":"https:\/\/i0.wp.com\/makeupbeautymb.com\/wp-content\/uploads\/2021\/08\/WhatsApp-Image-2022-07-18-at-12.14.42-PM.jpeg?fit=631%2C443&ssl=1&resize=350%2C200","width":350,"height":200,"srcset":"https:\/\/i0.wp.com\/makeupbeautymb.com\/wp-content\/uploads\/2021\/08\/WhatsApp-Image-2022-07-18-at-12.14.42-PM.jpeg?fit=631%2C443&ssl=1&resize=350%2C200 1x, https:\/\/i0.wp.com\/makeupbeautymb.com\/wp-content\/uploads\/2021\/08\/WhatsApp-Image-2022-07-18-at-12.14.42-PM.jpeg?fit=631%2C443&ssl=1&resize=525%2C300 1.5x"},"classes":[]},{"id":1404,"url":"https:\/\/makeupbeautymb.com\/index.php\/producto\/velo-aguacate-bioaqua\/","url_meta":{"origin":1406,"position":5},"title":"VELO AGUACATE BIOAQUA","author":"makeubeauty","date":"20 de July de 2022","format":false,"excerpt":"Mascarilla en velo hidratante de aguacate y antienvejecimiento para el cuidado de la piel, con varios extractos de plantas que ayudan a controlar el acn\u00e9, a blanquear y al antienvejecimiento. Esta mascarilla a base de aceite de aguacate aporta nutrici\u00f3n profunda a la piel dej\u00e1ndola radiante y luminosa.","rel":"","context":"Similar post","block_context":{"text":"Similar post","link":""},"img":{"alt_text":"","src":"https:\/\/i0.wp.com\/makeupbeautymb.com\/wp-content\/uploads\/2022\/07\/WhatsApp-Image-2022-07-19-at-8.10.00-PM-1.jpeg?fit=550%2C590&ssl=1&resize=350%2C200","width":350,"height":200,"srcset":"https:\/\/i0.wp.com\/makeupbeautymb.com\/wp-content\/uploads\/2022\/07\/WhatsApp-Image-2022-07-19-at-8.10.00-PM-1.jpeg?fit=550%2C590&ssl=1&resize=350%2C200 1x, https:\/\/i0.wp.com\/makeupbeautymb.com\/wp-content\/uploads\/2022\/07\/WhatsApp-Image-2022-07-19-at-8.10.00-PM-1.jpeg?fit=550%2C590&ssl=1&resize=525%2C300 1.5x"},"classes":[]}],"_links":{"self":[{"href":"https:\/\/makeupbeautymb.com\/index.php\/wp-json\/wp\/v2\/product\/1406","targetHints":{"allow":["GET"]}}],"collection":[{"href":"https:\/\/makeupbeautymb.com\/index.php\/wp-json\/wp\/v2\/product"}],"about":[{"href":"https:\/\/makeupbeautymb.com\/index.php\/wp-json\/wp\/v2\/types\/product"}],"replies":[{"embeddable":true,"href":"https:\/\/makeupbeautymb.com\/index.php\/wp-json\/wp\/v2\/comments?post=1406"}],"wp:featuredmedia":[{"embeddable":true,"href":"https:\/\/makeupbeautymb.com\/index.php\/wp-json\/wp\/v2\/media\/1407"}],"wp:attachment":[{"href":"https:\/\/makeupbeautymb.com\/index.php\/wp-json\/wp\/v2\/media?parent=1406"}],"wp:term":[{"taxonomy":"product_brand","embeddable":true,"href":"https:\/\/makeupbeautymb.com\/index.php\/wp-json\/wp\/v2\/product_brand?post=1406"},{"taxonomy":"product_cat","embeddable":true,"href":"https:\/\/makeupbeautymb.com\/index.php\/wp-json\/wp\/v2\/product_cat?post=1406"},{"taxonomy":"product_tag","embeddable":true,"href":"https:\/\/makeupbeautymb.com\/index.php\/wp-json\/wp\/v2\/product_tag?post=1406"}],"curies":[{"name":"wp","href":"https:\/\/api.w.org\/{rel}","templated":true}]}}