{"id":1397,"date":"2022-07-19T14:36:22","date_gmt":"2022-07-19T14:36:22","guid":{"rendered":"https:\/\/makeupbeautymb.com\/?post_type=product&#038;p=1397"},"modified":"2022-07-19T14:49:59","modified_gmt":"2022-07-19T14:49:59","slug":"mask-burbujas-de-colageno-karite","status":"publish","type":"product","link":"https:\/\/makeupbeautymb.com\/index.php\/producto\/mask-burbujas-de-colageno-karite\/","title":{"rendered":"MASK BURBUJAS DE COLAGENO KARITE"},"content":{"rendered":"","protected":false},"excerpt":{"rendered":"<p>Tiene una fuerte afinidad de adsorci\u00f3n, lo<br \/>\nque ayuda a eliminar en profundidad el<br \/>\nexceso de grasa, los residuos de maquillaje<br \/>\ny la suciedad. Deja tu piel suave ,tersa y<br \/>\nrefrescante con un solo uso.<br \/>\nAyuda a hidratar nuestra piel<br \/>\nprofundamente y equilibrar el PH de<br \/>\nnuestra piel.<\/p>\n","protected":false},"featured_media":1398,"comment_status":"open","ping_status":"closed","template":"","meta":{"om_disable_all_campaigns":false,"_monsterinsights_skip_tracking":false,"_monsterinsights_sitenote_active":false,"_monsterinsights_sitenote_note":"","_monsterinsights_sitenote_category":0,"site-sidebar-layout":"default","site-content-layout":"default","ast-global-header-display":"","ast-main-header-display":"","ast-hfb-above-header-display":"","ast-hfb-below-header-display":"","ast-hfb-mobile-header-display":"","site-post-title":"","ast-breadcrumbs-content":"","ast-featured-img":"","footer-sml-layout":"","theme-transparent-header-meta":"default","adv-header-id-meta":"","stick-header-meta":"","header-above-stick-meta":"","header-main-stick-meta":"","header-below-stick-meta":"","_joinchat":[]},"product_brand":[],"product_cat":[21],"product_tag":[],"class_list":{"0":"post-1397","1":"product","2":"type-product","3":"status-publish","4":"has-post-thumbnail","6":"product_cat-mascarillas","8":"first","9":"instock","10":"shipping-taxable","11":"purchasable","12":"product-type-simple"},"aioseo_notices":[],"jetpack-related-posts":[{"id":365,"url":"https:\/\/makeupbeautymb.com\/index.php\/producto\/balancing-daily-cleanser\/","url_meta":{"origin":1397,"position":0},"title":"CREMA EN GEL ALOE VERA BIOAQUA","author":"makeubeauty","date":"20 de August de 2021","format":false,"excerpt":"GEL ALOE VERA BIOAQUA Ayuda a controlarla grasa de la piel, el acn\u00e9, mientras la hidrata y la humecta al instante. Al mismo tiempo te ayuda a cicatrizar y repararlos da\u00f1os en la piel causados por el sol. Relaja y disminuye las bolsas formadas en la parte inferior del contorno\u2026","rel":"","context":"Similar post","block_context":{"text":"Similar post","link":""},"img":{"alt_text":"","src":"https:\/\/i0.wp.com\/makeupbeautymb.com\/wp-content\/uploads\/2021\/08\/WhatsApp-Image-2022-07-18-at-12.14.18-PM.jpeg?fit=509%2C720&ssl=1&resize=350%2C200","width":350,"height":200},"classes":[]},{"id":1458,"url":"https:\/\/makeupbeautymb.com\/index.php\/producto\/exfoliante-colageno-karite\/","url_meta":{"origin":1397,"position":1},"title":"EXFOLIANTE COLAGENO KARITE","author":"makeubeauty","date":"21 de July de 2022","format":false,"excerpt":"Reduce las marcas de acn\u00e9 gracias a sus propiedades cicatrizantes. Ayuda a sanar las heridas. Combate la flacidez facial y la celulitis. Rejuvenece la c\u00e9lulas de la piel. Ayuda a desinflamarla piel. Ayuda a combatir el acn\u00e9 y las espinillas. Para uso corporal y facial.","rel":"","context":"Similar post","block_context":{"text":"Similar post","link":""},"img":{"alt_text":"","src":"https:\/\/i0.wp.com\/makeupbeautymb.com\/wp-content\/uploads\/2022\/07\/WhatsApp-Image-2022-07-20-at-8.17.23-PM.jpeg?fit=434%2C482&ssl=1&resize=350%2C200","width":350,"height":200},"classes":[]},{"id":1497,"url":"https:\/\/makeupbeautymb.com\/index.php\/producto\/fijador-calendula-kiss-beauty\/","url_meta":{"origin":1397,"position":2},"title":"FIJADOR CALENDULA KISS BEAUTY","author":"makeubeauty","date":"21 de July de 2022","format":false,"excerpt":"Este spray fijador de maquillaje mantiene tu belleza en marcha, \u00a1es un roc\u00edo r\u00e1pido que ayuda a fijar el maquillaje en su lugar! Fabricado con bruma micro-fina que se seca r\u00e1pidamente hasta un acabado invisible. Este producto ayuda a fijarla base, el rubor y el maquillaje de ojos sin resecar\u2026","rel":"","context":"Similar post","block_context":{"text":"Similar post","link":""},"img":{"alt_text":"","src":"https:\/\/i0.wp.com\/makeupbeautymb.com\/wp-content\/uploads\/2022\/07\/WhatsApp-Image-2022-07-20-at-8.17.53-PM-1.jpeg?fit=552%2C568&ssl=1&resize=350%2C200","width":350,"height":200,"srcset":"https:\/\/i0.wp.com\/makeupbeautymb.com\/wp-content\/uploads\/2022\/07\/WhatsApp-Image-2022-07-20-at-8.17.53-PM-1.jpeg?fit=552%2C568&ssl=1&resize=350%2C200 1x, https:\/\/i0.wp.com\/makeupbeautymb.com\/wp-content\/uploads\/2022\/07\/WhatsApp-Image-2022-07-20-at-8.17.53-PM-1.jpeg?fit=552%2C568&ssl=1&resize=525%2C300 1.5x"},"classes":[]},{"id":1477,"url":"https:\/\/makeupbeautymb.com\/index.php\/producto\/protector-solar-color-durazno\/","url_meta":{"origin":1397,"position":3},"title":"PROTECTOR SOLAR COLOR DURAZNO","author":"makeubeauty","date":"21 de July de 2022","format":false,"excerpt":"El principal beneficio de usar crema solar diariamente es que tu piel se mantiene sana y evitas enfermedades o el envejecimiento prematuro. Los rayos del sol oxidan nuestra piel y generan manchas arrugas y las temidas quemaduras.","rel":"","context":"Similar post","block_context":{"text":"Similar post","link":""},"img":{"alt_text":"","src":"https:\/\/i0.wp.com\/makeupbeautymb.com\/wp-content\/uploads\/2022\/07\/WhatsApp-Image-2022-07-20-at-8.17.45-PM-1.jpeg?fit=429%2C475&ssl=1&resize=350%2C200","width":350,"height":200},"classes":[]},{"id":370,"url":"https:\/\/makeupbeautymb.com\/index.php\/producto\/hybrid-cleansing-balm\/","url_meta":{"origin":1397,"position":4},"title":"BANDAS PUNTOS NEGROS TRENDY","author":"makeubeauty","date":"20 de August de 2021","format":false,"excerpt":"Limpia los poros y es reafirmante. - Clarifica el aspecto de la piel. -Tiene propiedades para eliminar el aspecto aceitoso de la piel. -Para Todo tipo de Piel. Limpiarla nariz y la zona T antes de usar. Limpie con una toalla caliente para abrir los poros. Aplicarlimpiador en elrostro y\u2026","rel":"","context":"Similar post","block_context":{"text":"Similar post","link":""},"img":{"alt_text":"","src":"https:\/\/i0.wp.com\/makeupbeautymb.com\/wp-content\/uploads\/2021\/08\/WhatsApp-Image-2022-07-17-at-8.45.45-PM.jpeg?fit=627%2C633&ssl=1&resize=350%2C200","width":350,"height":200,"srcset":"https:\/\/i0.wp.com\/makeupbeautymb.com\/wp-content\/uploads\/2021\/08\/WhatsApp-Image-2022-07-17-at-8.45.45-PM.jpeg?fit=627%2C633&ssl=1&resize=350%2C200 1x, https:\/\/i0.wp.com\/makeupbeautymb.com\/wp-content\/uploads\/2021\/08\/WhatsApp-Image-2022-07-17-at-8.45.45-PM.jpeg?fit=627%2C633&ssl=1&resize=525%2C300 1.5x"},"classes":[]},{"id":1414,"url":"https:\/\/makeupbeautymb.com\/index.php\/producto\/serum-oil-colageno-karite\/","url_meta":{"origin":1397,"position":5},"title":"SERUM OIL COLAGENO KARITE","author":"makeubeauty","date":"20 de July de 2022","format":false,"excerpt":"Serum con f\u00e1cil absorci\u00f3n que ayuda a hidratartu piel, es antienvejecimiento, reduce la aparici\u00f3n de l\u00edneas de expresi\u00f3n y ayuda a alisarlas que ya est\u00e1n, promueve r\u00e1pidamente la producci\u00f3n de col\u00e1geno ayudando a la restauraci\u00f3n de la piel.","rel":"","context":"Similar post","block_context":{"text":"Similar post","link":""},"img":{"alt_text":"","src":"https:\/\/i0.wp.com\/makeupbeautymb.com\/wp-content\/uploads\/2022\/07\/WhatsApp-Image-2022-07-19-at-8.10.02-PM-2.jpeg?fit=505%2C480&ssl=1&resize=350%2C200","width":350,"height":200},"classes":[]}],"_links":{"self":[{"href":"https:\/\/makeupbeautymb.com\/index.php\/wp-json\/wp\/v2\/product\/1397","targetHints":{"allow":["GET"]}}],"collection":[{"href":"https:\/\/makeupbeautymb.com\/index.php\/wp-json\/wp\/v2\/product"}],"about":[{"href":"https:\/\/makeupbeautymb.com\/index.php\/wp-json\/wp\/v2\/types\/product"}],"replies":[{"embeddable":true,"href":"https:\/\/makeupbeautymb.com\/index.php\/wp-json\/wp\/v2\/comments?post=1397"}],"wp:featuredmedia":[{"embeddable":true,"href":"https:\/\/makeupbeautymb.com\/index.php\/wp-json\/wp\/v2\/media\/1398"}],"wp:attachment":[{"href":"https:\/\/makeupbeautymb.com\/index.php\/wp-json\/wp\/v2\/media?parent=1397"}],"wp:term":[{"taxonomy":"product_brand","embeddable":true,"href":"https:\/\/makeupbeautymb.com\/index.php\/wp-json\/wp\/v2\/product_brand?post=1397"},{"taxonomy":"product_cat","embeddable":true,"href":"https:\/\/makeupbeautymb.com\/index.php\/wp-json\/wp\/v2\/product_cat?post=1397"},{"taxonomy":"product_tag","embeddable":true,"href":"https:\/\/makeupbeautymb.com\/index.php\/wp-json\/wp\/v2\/product_tag?post=1397"}],"curies":[{"name":"wp","href":"https:\/\/api.w.org\/{rel}","templated":true}]}}