{"id":1390,"date":"2022-07-19T14:32:04","date_gmt":"2022-07-19T14:32:04","guid":{"rendered":"https:\/\/makeupbeautymb.com\/?post_type=product&#038;p=1390"},"modified":"2022-07-19T14:50:40","modified_gmt":"2022-07-19T14:50:40","slug":"mask-en-gel-rosas-karite","status":"publish","type":"product","link":"https:\/\/makeupbeautymb.com\/index.php\/producto\/mask-en-gel-rosas-karite\/","title":{"rendered":"MASK EN GEL ROSAS KARITE"},"content":{"rendered":"","protected":false},"excerpt":{"rendered":"<p>Mascarilla en gel de rosas con petalos<br \/>\nRepara la piel da\u00f1ada.<br \/>\nProfundiza en los poros.<br \/>\nRepone la hidrataci\u00f3n y la nutrici\u00f3n.<br \/>\nRetiene la humedad y humecta.<br \/>\nMejora la sequedad de la piel \u00e1spera y<br \/>\nl\u00edneas de expresi\u00f3n.<br \/>\nDeja la piel suave y brillante.<\/p>\n","protected":false},"featured_media":1391,"comment_status":"open","ping_status":"closed","template":"","meta":{"om_disable_all_campaigns":false,"_monsterinsights_skip_tracking":false,"_monsterinsights_sitenote_active":false,"_monsterinsights_sitenote_note":"","_monsterinsights_sitenote_category":0,"site-sidebar-layout":"default","site-content-layout":"default","ast-global-header-display":"","ast-main-header-display":"","ast-hfb-above-header-display":"","ast-hfb-below-header-display":"","ast-hfb-mobile-header-display":"","site-post-title":"","ast-breadcrumbs-content":"","ast-featured-img":"","footer-sml-layout":"","theme-transparent-header-meta":"default","adv-header-id-meta":"","stick-header-meta":"","header-above-stick-meta":"","header-main-stick-meta":"","header-below-stick-meta":"","_joinchat":[]},"product_brand":[],"product_cat":[21],"product_tag":[],"class_list":{"0":"post-1390","1":"product","2":"type-product","3":"status-publish","4":"has-post-thumbnail","6":"product_cat-mascarillas","8":"first","9":"instock","10":"shipping-taxable","11":"purchasable","12":"product-type-simple"},"aioseo_notices":[],"jetpack-related-posts":[{"id":1388,"url":"https:\/\/makeupbeautymb.com\/index.php\/producto\/mask-en-gel-rosas-kiss-beauty\/","url_meta":{"origin":1390,"position":0},"title":"MASK EN GEL ROSAS KISS BEAUTY","author":"makeubeauty","date":"19 de July de 2022","format":false,"excerpt":"Mascarilla en gel de rosas con petalos Repara la piel da\u00f1ada. Profundiza en los poros. Repone la hidrataci\u00f3n y la nutrici\u00f3n. Retiene la humedad y humecta. Mejora la sequedad de la piel \u00e1spera y l\u00edneas de expresi\u00f3n. Deja la piel suave y brillante.","rel":"","context":"Similar post","block_context":{"text":"Similar post","link":""},"img":{"alt_text":"","src":"https:\/\/i0.wp.com\/makeupbeautymb.com\/wp-content\/uploads\/2022\/07\/WhatsApp-Image-2022-07-18-at-1.16.21-PM-2.jpeg?fit=538%2C615&ssl=1&resize=350%2C200","width":350,"height":200,"srcset":"https:\/\/i0.wp.com\/makeupbeautymb.com\/wp-content\/uploads\/2022\/07\/WhatsApp-Image-2022-07-18-at-1.16.21-PM-2.jpeg?fit=538%2C615&ssl=1&resize=350%2C200 1x, https:\/\/i0.wp.com\/makeupbeautymb.com\/wp-content\/uploads\/2022\/07\/WhatsApp-Image-2022-07-18-at-1.16.21-PM-2.jpeg?fit=538%2C615&ssl=1&resize=525%2C300 1.5x"},"classes":[]},{"id":1392,"url":"https:\/\/makeupbeautymb.com\/index.php\/producto\/mask-ice-cream-colageno-karite\/","url_meta":{"origin":1390,"position":1},"title":"MASK ICE CREAM COLAGENO KARITE","author":"makeubeauty","date":"19 de July de 2022","format":false,"excerpt":"Mascarilla en gel de rosas con petalos Repara la piel da\u00f1ada. Profundiza en los poros. Repone la hidrataci\u00f3n y la nutrici\u00f3n. Retiene la humedad y humecta. Mejora la sequedad de la piel \u00e1spera y l\u00edneas de expresi\u00f3n. Deja la piel suave y brillante","rel":"","context":"Similar post","block_context":{"text":"Similar post","link":""},"img":{"alt_text":"","src":"https:\/\/i0.wp.com\/makeupbeautymb.com\/wp-content\/uploads\/2022\/07\/WhatsApp-Image-2022-07-18-at-1.16.21-PM-3.jpeg?fit=520%2C575&ssl=1&resize=350%2C200","width":350,"height":200},"classes":[]},{"id":1375,"url":"https:\/\/makeupbeautymb.com\/index.php\/producto\/mask-barro-mineral-rosa-bioaqua\/","url_meta":{"origin":1390,"position":2},"title":"MASK BARRO MINERAL ROSA BIOAQUA","author":"makeubeauty","date":"19 de July de 2022","format":false,"excerpt":"Mascarilla en barro mineral. Limpieza hidratante mineral m\u00e1scara de barro y suavizar. Limpia la piel, controles hydrolipid equilibrio de la piel, suaviza la piel. Hidrata, nutre y hace la piel el\u00e1stica renovaci\u00f3n. Afecta a los procesos de suavemente, se ejecuta la restaurador en piel, calma la piel.","rel":"","context":"Similar post","block_context":{"text":"Similar post","link":""},"img":{"alt_text":"","src":"https:\/\/i0.wp.com\/makeupbeautymb.com\/wp-content\/uploads\/2022\/07\/WhatsApp-Image-2022-07-18-at-1.16.20-PM.jpeg?fit=535%2C610&ssl=1&resize=350%2C200","width":350,"height":200,"srcset":"https:\/\/i0.wp.com\/makeupbeautymb.com\/wp-content\/uploads\/2022\/07\/WhatsApp-Image-2022-07-18-at-1.16.20-PM.jpeg?fit=535%2C610&ssl=1&resize=350%2C200 1x, https:\/\/i0.wp.com\/makeupbeautymb.com\/wp-content\/uploads\/2022\/07\/WhatsApp-Image-2022-07-18-at-1.16.20-PM.jpeg?fit=535%2C610&ssl=1&resize=525%2C300 1.5x"},"classes":[]},{"id":1460,"url":"https:\/\/makeupbeautymb.com\/index.php\/producto\/aguas-de-rosas-120-ml-athos\/","url_meta":{"origin":1390,"position":3},"title":"AGUAS DE ROSAS 120 ML ATHOS","author":"makeubeauty","date":"21 de July de 2022","format":false,"excerpt":"Ayudar a mantener neutro el pH de la piel Eliminarla grasa Complementarla limpieza y la hace m\u00e1s efectiva y profunda Refrescarla piel Tonificarla piel Hidratarla piel Revitaliza la piel","rel":"","context":"Similar post","block_context":{"text":"Similar post","link":""},"img":{"alt_text":"","src":"https:\/\/i0.wp.com\/makeupbeautymb.com\/wp-content\/uploads\/2022\/07\/WhatsApp-Image-2022-07-20-at-8.17.36-PM.jpeg?fit=424%2C497&ssl=1&resize=350%2C200","width":350,"height":200},"classes":[]},{"id":365,"url":"https:\/\/makeupbeautymb.com\/index.php\/producto\/balancing-daily-cleanser\/","url_meta":{"origin":1390,"position":4},"title":"CREMA EN GEL ALOE VERA BIOAQUA","author":"makeubeauty","date":"20 de August de 2021","format":false,"excerpt":"GEL ALOE VERA BIOAQUA Ayuda a controlarla grasa de la piel, el acn\u00e9, mientras la hidrata y la humecta al instante. Al mismo tiempo te ayuda a cicatrizar y repararlos da\u00f1os en la piel causados por el sol. Relaja y disminuye las bolsas formadas en la parte inferior del contorno\u2026","rel":"","context":"Similar post","block_context":{"text":"Similar post","link":""},"img":{"alt_text":"","src":"https:\/\/i0.wp.com\/makeupbeautymb.com\/wp-content\/uploads\/2021\/08\/WhatsApp-Image-2022-07-18-at-12.14.18-PM.jpeg?fit=509%2C720&ssl=1&resize=350%2C200","width":350,"height":200},"classes":[]},{"id":1468,"url":"https:\/\/makeupbeautymb.com\/index.php\/producto\/aguas-de-rosas-240-ml-trendy\/","url_meta":{"origin":1390,"position":5},"title":"AGUAS DE ROSAS 240 ML TRENDY","author":"makeubeauty","date":"21 de July de 2022","format":false,"excerpt":"EXTRACTO DE ROSAS:tiene diferentes propiedades antiedad, activadoras de la circulaci\u00f3n y seborreguladoras . Tambi\u00e9n tiene efecto antioxidante y antiinflamatorio,tonificando la piel con una sensaci\u00f3n extra suave y tersa. EXTRACTO DE MANZANILLA: es ideal para pieles sensibles y propensas a acn\u00e9.","rel":"","context":"Similar post","block_context":{"text":"Similar post","link":""},"img":{"alt_text":"","src":"https:\/\/i0.wp.com\/makeupbeautymb.com\/wp-content\/uploads\/2022\/07\/WhatsApp-Image-2022-07-20-at-8.17.41-PM.jpeg?fit=400%2C487&ssl=1&resize=350%2C200","width":350,"height":200},"classes":[]}],"_links":{"self":[{"href":"https:\/\/makeupbeautymb.com\/index.php\/wp-json\/wp\/v2\/product\/1390","targetHints":{"allow":["GET"]}}],"collection":[{"href":"https:\/\/makeupbeautymb.com\/index.php\/wp-json\/wp\/v2\/product"}],"about":[{"href":"https:\/\/makeupbeautymb.com\/index.php\/wp-json\/wp\/v2\/types\/product"}],"replies":[{"embeddable":true,"href":"https:\/\/makeupbeautymb.com\/index.php\/wp-json\/wp\/v2\/comments?post=1390"}],"wp:featuredmedia":[{"embeddable":true,"href":"https:\/\/makeupbeautymb.com\/index.php\/wp-json\/wp\/v2\/media\/1391"}],"wp:attachment":[{"href":"https:\/\/makeupbeautymb.com\/index.php\/wp-json\/wp\/v2\/media?parent=1390"}],"wp:term":[{"taxonomy":"product_brand","embeddable":true,"href":"https:\/\/makeupbeautymb.com\/index.php\/wp-json\/wp\/v2\/product_brand?post=1390"},{"taxonomy":"product_cat","embeddable":true,"href":"https:\/\/makeupbeautymb.com\/index.php\/wp-json\/wp\/v2\/product_cat?post=1390"},{"taxonomy":"product_tag","embeddable":true,"href":"https:\/\/makeupbeautymb.com\/index.php\/wp-json\/wp\/v2\/product_tag?post=1390"}],"curies":[{"name":"wp","href":"https:\/\/api.w.org\/{rel}","templated":true}]}}