{"id":1383,"date":"2022-07-19T14:27:42","date_gmt":"2022-07-19T14:27:42","guid":{"rendered":"https:\/\/makeupbeautymb.com\/?post_type=product&#038;p=1383"},"modified":"2022-07-19T15:00:36","modified_gmt":"2022-07-19T15:00:36","slug":"mask-tipo-helado-de-cafe-kiss-beauty","status":"publish","type":"product","link":"https:\/\/makeupbeautymb.com\/index.php\/producto\/mask-tipo-helado-de-cafe-kiss-beauty\/","title":{"rendered":"MASK TIPO HELADO DE CAFE KISS BEAUTY"},"content":{"rendered":"","protected":false},"excerpt":{"rendered":"<p>Mascarilla de helado by Kiss Beauty<br \/>\nEs una mascarilla tipo arcilla en<br \/>\npresentaci\u00f3n con forma de helado,tiene<br \/>\nun olor delicioso.<br \/>\nLa funci\u00f3n de las mascarillas de helado es<br \/>\nlimpiar profundamente la piel,retirar<br \/>\nimpurezas y c\u00e9lulas muertas.<br \/>\nAportan Luminosidad y suavidad.<br \/>\nSon ideales para todo tipo de piel<\/p>\n","protected":false},"featured_media":1384,"comment_status":"open","ping_status":"closed","template":"","meta":{"om_disable_all_campaigns":false,"_monsterinsights_skip_tracking":false,"_monsterinsights_sitenote_active":false,"_monsterinsights_sitenote_note":"","_monsterinsights_sitenote_category":0,"site-sidebar-layout":"default","site-content-layout":"default","ast-global-header-display":"","ast-main-header-display":"","ast-hfb-above-header-display":"","ast-hfb-below-header-display":"","ast-hfb-mobile-header-display":"","site-post-title":"","ast-breadcrumbs-content":"","ast-featured-img":"","footer-sml-layout":"","theme-transparent-header-meta":"default","adv-header-id-meta":"","stick-header-meta":"","header-above-stick-meta":"","header-main-stick-meta":"","header-below-stick-meta":"","_joinchat":[]},"product_brand":[],"product_cat":[21],"product_tag":[],"class_list":{"0":"post-1383","1":"product","2":"type-product","3":"status-publish","4":"has-post-thumbnail","6":"product_cat-mascarillas","8":"first","9":"instock","10":"shipping-taxable","11":"purchasable","12":"product-type-simple"},"aioseo_notices":[],"jetpack-related-posts":[{"id":1381,"url":"https:\/\/makeupbeautymb.com\/index.php\/producto\/mask-tipo-helado-fresas-kiss-beauty\/","url_meta":{"origin":1383,"position":0},"title":"MASK TIPO HELADO FRESAS KISS BEAUTY","author":"makeubeauty","date":"19 de July de 2022","format":false,"excerpt":"Mascarilla de helado by Kiss Beauty Es una mascarilla tipo arcilla en presentaci\u00f3n con forma de helado,tiene un olor delicioso. La funci\u00f3n de las mascarillas de helado es limpiar profundamente la piel,retirar impurezas y c\u00e9lulas muertas. Aportan Luminosidad y suavidad. Son ideales para todo tipo de piel","rel":"","context":"Similar post","block_context":{"text":"Similar post","link":""},"img":{"alt_text":"","src":"https:\/\/i0.wp.com\/makeupbeautymb.com\/wp-content\/uploads\/2022\/07\/WhatsApp-Image-2022-07-18-at-1.16.19-PM-5.jpeg?fit=616%2C512&ssl=1&resize=350%2C200","width":350,"height":200,"srcset":"https:\/\/i0.wp.com\/makeupbeautymb.com\/wp-content\/uploads\/2022\/07\/WhatsApp-Image-2022-07-18-at-1.16.19-PM-5.jpeg?fit=616%2C512&ssl=1&resize=350%2C200 1x, https:\/\/i0.wp.com\/makeupbeautymb.com\/wp-content\/uploads\/2022\/07\/WhatsApp-Image-2022-07-18-at-1.16.19-PM-5.jpeg?fit=616%2C512&ssl=1&resize=525%2C300 1.5x"},"classes":[]},{"id":1385,"url":"https:\/\/makeupbeautymb.com\/index.php\/producto\/mask-tipo-helado-de-leche-kiss-beauty\/","url_meta":{"origin":1383,"position":1},"title":"MASK TIPO HELADO DE LECHE KISS BEAUTY","author":"makeubeauty","date":"19 de July de 2022","format":false,"excerpt":"Mascarilla de helado by Kiss Beauty Es una mascarilla tipo arcilla en presentaci\u00f3n con forma de helado,tiene un olor delicioso. La funci\u00f3n de las mascarillas de helado es limpiar profundamente la piel,retirar impurezas y c\u00e9lulas muertas. Aportan Luminosidad y suavidad. Son ideales para todo tipo de piel.","rel":"","context":"Similar post","block_context":{"text":"Similar post","link":""},"img":{"alt_text":"","src":"https:\/\/i0.wp.com\/makeupbeautymb.com\/wp-content\/uploads\/2022\/07\/WhatsApp-Image-2022-07-18-at-1.16.21-PM-1.jpeg?fit=549%2C604&ssl=1&resize=350%2C200","width":350,"height":200,"srcset":"https:\/\/i0.wp.com\/makeupbeautymb.com\/wp-content\/uploads\/2022\/07\/WhatsApp-Image-2022-07-18-at-1.16.21-PM-1.jpeg?fit=549%2C604&ssl=1&resize=350%2C200 1x, https:\/\/i0.wp.com\/makeupbeautymb.com\/wp-content\/uploads\/2022\/07\/WhatsApp-Image-2022-07-18-at-1.16.21-PM-1.jpeg?fit=549%2C604&ssl=1&resize=525%2C300 1.5x"},"classes":[]},{"id":1379,"url":"https:\/\/makeupbeautymb.com\/index.php\/producto\/mask-tipo-helado-aloe-vera-kiss-beauty\/","url_meta":{"origin":1383,"position":2},"title":"MASK TIPO HELADO ALOE VERA KISS BEAUTY","author":"makeubeauty","date":"19 de July de 2022","format":false,"excerpt":"Mascarilla de helado by Kiss Beauty Es una mascarilla tipo arcilla en presentaci\u00f3n con forma de helado,tiene un olor delicioso. La funci\u00f3n de las mascarillas de helado es limpiar profundamente la piel,retirar impurezas y c\u00e9lulas muertas. Aportan Luminosidad y suavidad. Son ideales para todo tipo de piel","rel":"","context":"Similar post","block_context":{"text":"Similar post","link":""},"img":{"alt_text":"","src":"https:\/\/i0.wp.com\/makeupbeautymb.com\/wp-content\/uploads\/2022\/07\/WhatsApp-Image-2022-07-18-at-1.16.20-PM-2.jpeg?fit=635%2C633&ssl=1&resize=350%2C200","width":350,"height":200,"srcset":"https:\/\/i0.wp.com\/makeupbeautymb.com\/wp-content\/uploads\/2022\/07\/WhatsApp-Image-2022-07-18-at-1.16.20-PM-2.jpeg?fit=635%2C633&ssl=1&resize=350%2C200 1x, https:\/\/i0.wp.com\/makeupbeautymb.com\/wp-content\/uploads\/2022\/07\/WhatsApp-Image-2022-07-18-at-1.16.20-PM-2.jpeg?fit=635%2C633&ssl=1&resize=525%2C300 1.5x"},"classes":[]},{"id":1388,"url":"https:\/\/makeupbeautymb.com\/index.php\/producto\/mask-en-gel-rosas-kiss-beauty\/","url_meta":{"origin":1383,"position":3},"title":"MASK EN GEL ROSAS KISS BEAUTY","author":"makeubeauty","date":"19 de July de 2022","format":false,"excerpt":"Mascarilla en gel de rosas con petalos Repara la piel da\u00f1ada. Profundiza en los poros. Repone la hidrataci\u00f3n y la nutrici\u00f3n. Retiene la humedad y humecta. Mejora la sequedad de la piel \u00e1spera y l\u00edneas de expresi\u00f3n. Deja la piel suave y brillante.","rel":"","context":"Similar post","block_context":{"text":"Similar post","link":""},"img":{"alt_text":"","src":"https:\/\/i0.wp.com\/makeupbeautymb.com\/wp-content\/uploads\/2022\/07\/WhatsApp-Image-2022-07-18-at-1.16.21-PM-2.jpeg?fit=538%2C615&ssl=1&resize=350%2C200","width":350,"height":200,"srcset":"https:\/\/i0.wp.com\/makeupbeautymb.com\/wp-content\/uploads\/2022\/07\/WhatsApp-Image-2022-07-18-at-1.16.21-PM-2.jpeg?fit=538%2C615&ssl=1&resize=350%2C200 1x, https:\/\/i0.wp.com\/makeupbeautymb.com\/wp-content\/uploads\/2022\/07\/WhatsApp-Image-2022-07-18-at-1.16.21-PM-2.jpeg?fit=538%2C615&ssl=1&resize=525%2C300 1.5x"},"classes":[]},{"id":1375,"url":"https:\/\/makeupbeautymb.com\/index.php\/producto\/mask-barro-mineral-rosa-bioaqua\/","url_meta":{"origin":1383,"position":4},"title":"MASK BARRO MINERAL ROSA BIOAQUA","author":"makeubeauty","date":"19 de July de 2022","format":false,"excerpt":"Mascarilla en barro mineral. Limpieza hidratante mineral m\u00e1scara de barro y suavizar. Limpia la piel, controles hydrolipid equilibrio de la piel, suaviza la piel. Hidrata, nutre y hace la piel el\u00e1stica renovaci\u00f3n. Afecta a los procesos de suavemente, se ejecuta la restaurador en piel, calma la piel.","rel":"","context":"Similar post","block_context":{"text":"Similar post","link":""},"img":{"alt_text":"","src":"https:\/\/i0.wp.com\/makeupbeautymb.com\/wp-content\/uploads\/2022\/07\/WhatsApp-Image-2022-07-18-at-1.16.20-PM.jpeg?fit=535%2C610&ssl=1&resize=350%2C200","width":350,"height":200,"srcset":"https:\/\/i0.wp.com\/makeupbeautymb.com\/wp-content\/uploads\/2022\/07\/WhatsApp-Image-2022-07-18-at-1.16.20-PM.jpeg?fit=535%2C610&ssl=1&resize=350%2C200 1x, https:\/\/i0.wp.com\/makeupbeautymb.com\/wp-content\/uploads\/2022\/07\/WhatsApp-Image-2022-07-18-at-1.16.20-PM.jpeg?fit=535%2C610&ssl=1&resize=525%2C300 1.5x"},"classes":[]},{"id":366,"url":"https:\/\/makeupbeautymb.com\/index.php\/producto\/makeup-melting-cleanser\/","url_meta":{"origin":1383,"position":5},"title":"MASCARILLA COLLAGEN YEST BIOAQUA","author":"makeubeauty","date":"20 de August de 2021","format":false,"excerpt":"La esencia que permite que tu piel respire. Restaura la belleza de tu piel. Rejuvenecedor profundo. Las mol\u00e9culas especiales van profundamente y reparan tu piel. Extracto de placenta hidrolizado. Mejora el equilibrio de aceite, hace que tu piel sea radiante.","rel":"","context":"Similar post","block_context":{"text":"Similar post","link":""},"img":{"alt_text":"","src":"https:\/\/i0.wp.com\/makeupbeautymb.com\/wp-content\/uploads\/2021\/08\/WhatsApp-Image-2022-07-18-at-12.14.02-PM.jpeg?fit=720%2C596&ssl=1&resize=350%2C200","width":350,"height":200,"srcset":"https:\/\/i0.wp.com\/makeupbeautymb.com\/wp-content\/uploads\/2021\/08\/WhatsApp-Image-2022-07-18-at-12.14.02-PM.jpeg?fit=720%2C596&ssl=1&resize=350%2C200 1x, https:\/\/i0.wp.com\/makeupbeautymb.com\/wp-content\/uploads\/2021\/08\/WhatsApp-Image-2022-07-18-at-12.14.02-PM.jpeg?fit=720%2C596&ssl=1&resize=525%2C300 1.5x, https:\/\/i0.wp.com\/makeupbeautymb.com\/wp-content\/uploads\/2021\/08\/WhatsApp-Image-2022-07-18-at-12.14.02-PM.jpeg?fit=720%2C596&ssl=1&resize=700%2C400 2x"},"classes":[]}],"_links":{"self":[{"href":"https:\/\/makeupbeautymb.com\/index.php\/wp-json\/wp\/v2\/product\/1383","targetHints":{"allow":["GET"]}}],"collection":[{"href":"https:\/\/makeupbeautymb.com\/index.php\/wp-json\/wp\/v2\/product"}],"about":[{"href":"https:\/\/makeupbeautymb.com\/index.php\/wp-json\/wp\/v2\/types\/product"}],"replies":[{"embeddable":true,"href":"https:\/\/makeupbeautymb.com\/index.php\/wp-json\/wp\/v2\/comments?post=1383"}],"wp:featuredmedia":[{"embeddable":true,"href":"https:\/\/makeupbeautymb.com\/index.php\/wp-json\/wp\/v2\/media\/1384"}],"wp:attachment":[{"href":"https:\/\/makeupbeautymb.com\/index.php\/wp-json\/wp\/v2\/media?parent=1383"}],"wp:term":[{"taxonomy":"product_brand","embeddable":true,"href":"https:\/\/makeupbeautymb.com\/index.php\/wp-json\/wp\/v2\/product_brand?post=1383"},{"taxonomy":"product_cat","embeddable":true,"href":"https:\/\/makeupbeautymb.com\/index.php\/wp-json\/wp\/v2\/product_cat?post=1383"},{"taxonomy":"product_tag","embeddable":true,"href":"https:\/\/makeupbeautymb.com\/index.php\/wp-json\/wp\/v2\/product_tag?post=1383"}],"curies":[{"name":"wp","href":"https:\/\/api.w.org\/{rel}","templated":true}]}}