{"id":1372,"date":"2022-07-19T14:15:57","date_gmt":"2022-07-19T14:15:57","guid":{"rendered":"https:\/\/makeupbeautymb.com\/?post_type=product&#038;p=1372"},"modified":"2022-07-19T14:54:45","modified_gmt":"2022-07-19T14:54:45","slug":"mask-te-verde-bioaqua","status":"publish","type":"product","link":"https:\/\/makeupbeautymb.com\/index.php\/producto\/mask-te-verde-bioaqua\/","title":{"rendered":"MASK TE VERDE BIOAQUA"},"content":{"rendered":"","protected":false},"excerpt":{"rendered":"<p>Mascarilla de algas marinas y te verde<br \/>\nBioaqua tipo gel de barro remueve<br \/>\nimpurezas y puntos negros. Control grasa.<br \/>\nHidratante, ideal para cutis con acn\u00e9.<br \/>\nReafirmante.<br \/>\nLas mascarillas a base de barro<br \/>\nterap\u00e9utico tienen propiedades<br \/>\nantis\u00e9pticas, dan elasticidad a la piel,<br \/>\nsuavizan las arrugas.<\/p>\n","protected":false},"featured_media":1373,"comment_status":"open","ping_status":"closed","template":"","meta":{"om_disable_all_campaigns":false,"_monsterinsights_skip_tracking":false,"_monsterinsights_sitenote_active":false,"_monsterinsights_sitenote_note":"","_monsterinsights_sitenote_category":0,"site-sidebar-layout":"default","site-content-layout":"default","ast-global-header-display":"","ast-main-header-display":"","ast-hfb-above-header-display":"","ast-hfb-below-header-display":"","ast-hfb-mobile-header-display":"","site-post-title":"","ast-breadcrumbs-content":"","ast-featured-img":"","footer-sml-layout":"","theme-transparent-header-meta":"default","adv-header-id-meta":"","stick-header-meta":"","header-above-stick-meta":"","header-main-stick-meta":"","header-below-stick-meta":"","_joinchat":[]},"product_brand":[],"product_cat":[21],"product_tag":[],"class_list":{"0":"post-1372","1":"product","2":"type-product","3":"status-publish","4":"has-post-thumbnail","6":"product_cat-mascarillas","8":"first","9":"instock","10":"shipping-taxable","11":"purchasable","12":"product-type-simple"},"aioseo_notices":[],"jetpack-related-posts":[{"id":1377,"url":"https:\/\/makeupbeautymb.com\/index.php\/producto\/mask-2-en-1-limpiadora-bioaqua\/","url_meta":{"origin":1372,"position":0},"title":"MASK 2 EN 1 LIMPIADORA BIOAQUA","author":"makeubeauty","date":"19 de July de 2022","format":false,"excerpt":"Mascarilla dual antiacne con extractos naturales. Controla el exceso de grasa en rostro, disminuye el acn\u00e9, disminuye la aparici\u00f3n de puntos negros. M\u00e9todo de uso: Despu\u00e9s de lavarla cara, aplique en rostro de forma uniforme. El barro verde en la zona T y el barro caf\u00e9 en la zona U\u2026","rel":"","context":"Similar post","block_context":{"text":"Similar post","link":""},"img":{"alt_text":"","src":"https:\/\/i0.wp.com\/makeupbeautymb.com\/wp-content\/uploads\/2022\/07\/WhatsApp-Image-2022-07-18-at-1.16.20-PM-1.jpeg?fit=606%2C613&ssl=1&resize=350%2C200","width":350,"height":200,"srcset":"https:\/\/i0.wp.com\/makeupbeautymb.com\/wp-content\/uploads\/2022\/07\/WhatsApp-Image-2022-07-18-at-1.16.20-PM-1.jpeg?fit=606%2C613&ssl=1&resize=350%2C200 1x, https:\/\/i0.wp.com\/makeupbeautymb.com\/wp-content\/uploads\/2022\/07\/WhatsApp-Image-2022-07-18-at-1.16.20-PM-1.jpeg?fit=606%2C613&ssl=1&resize=525%2C300 1.5x"},"classes":[]},{"id":1375,"url":"https:\/\/makeupbeautymb.com\/index.php\/producto\/mask-barro-mineral-rosa-bioaqua\/","url_meta":{"origin":1372,"position":1},"title":"MASK BARRO MINERAL ROSA BIOAQUA","author":"makeubeauty","date":"19 de July de 2022","format":false,"excerpt":"Mascarilla en barro mineral. Limpieza hidratante mineral m\u00e1scara de barro y suavizar. Limpia la piel, controles hydrolipid equilibrio de la piel, suaviza la piel. Hidrata, nutre y hace la piel el\u00e1stica renovaci\u00f3n. Afecta a los procesos de suavemente, se ejecuta la restaurador en piel, calma la piel.","rel":"","context":"Similar post","block_context":{"text":"Similar post","link":""},"img":{"alt_text":"","src":"https:\/\/i0.wp.com\/makeupbeautymb.com\/wp-content\/uploads\/2022\/07\/WhatsApp-Image-2022-07-18-at-1.16.20-PM.jpeg?fit=535%2C610&ssl=1&resize=350%2C200","width":350,"height":200,"srcset":"https:\/\/i0.wp.com\/makeupbeautymb.com\/wp-content\/uploads\/2022\/07\/WhatsApp-Image-2022-07-18-at-1.16.20-PM.jpeg?fit=535%2C610&ssl=1&resize=350%2C200 1x, https:\/\/i0.wp.com\/makeupbeautymb.com\/wp-content\/uploads\/2022\/07\/WhatsApp-Image-2022-07-18-at-1.16.20-PM.jpeg?fit=535%2C610&ssl=1&resize=525%2C300 1.5x"},"classes":[]},{"id":1404,"url":"https:\/\/makeupbeautymb.com\/index.php\/producto\/velo-aguacate-bioaqua\/","url_meta":{"origin":1372,"position":2},"title":"VELO AGUACATE BIOAQUA","author":"makeubeauty","date":"20 de July de 2022","format":false,"excerpt":"Mascarilla en velo hidratante de aguacate y antienvejecimiento para el cuidado de la piel, con varios extractos de plantas que ayudan a controlar el acn\u00e9, a blanquear y al antienvejecimiento. Esta mascarilla a base de aceite de aguacate aporta nutrici\u00f3n profunda a la piel dej\u00e1ndola radiante y luminosa.","rel":"","context":"Similar post","block_context":{"text":"Similar post","link":""},"img":{"alt_text":"","src":"https:\/\/i0.wp.com\/makeupbeautymb.com\/wp-content\/uploads\/2022\/07\/WhatsApp-Image-2022-07-19-at-8.10.00-PM-1.jpeg?fit=550%2C590&ssl=1&resize=350%2C200","width":350,"height":200,"srcset":"https:\/\/i0.wp.com\/makeupbeautymb.com\/wp-content\/uploads\/2022\/07\/WhatsApp-Image-2022-07-19-at-8.10.00-PM-1.jpeg?fit=550%2C590&ssl=1&resize=350%2C200 1x, https:\/\/i0.wp.com\/makeupbeautymb.com\/wp-content\/uploads\/2022\/07\/WhatsApp-Image-2022-07-19-at-8.10.00-PM-1.jpeg?fit=550%2C590&ssl=1&resize=525%2C300 1.5x"},"classes":[]},{"id":1428,"url":"https:\/\/makeupbeautymb.com\/index.php\/producto\/parches-vitamina-c-bioaqua\/","url_meta":{"origin":1372,"position":3},"title":"PARCHES VITAMINA C BIOAQUA","author":"makeubeauty","date":"20 de July de 2022","format":false,"excerpt":"Previene las arrugas y lucha intensamente contra los signos de envejecimiento. Mascarillas-los parches para los ojos contienen vitamina C para fortalecerla piel y aclararlas ojeras bajo los ojos hidrataci\u00f3n a largo plazo, eliminar\u00e1n las arrugas y las bolsas debajo de los ojos y le dar\u00e1n frescura y juventud.","rel":"","context":"Similar post","block_context":{"text":"Similar post","link":""},"img":{"alt_text":"","src":"https:\/\/i0.wp.com\/makeupbeautymb.com\/wp-content\/uploads\/2022\/07\/WhatsApp-Image-2022-07-19-at-8.10.04-PM-1.jpeg?fit=581%2C599&ssl=1&resize=350%2C200","width":350,"height":200,"srcset":"https:\/\/i0.wp.com\/makeupbeautymb.com\/wp-content\/uploads\/2022\/07\/WhatsApp-Image-2022-07-19-at-8.10.04-PM-1.jpeg?fit=581%2C599&ssl=1&resize=350%2C200 1x, https:\/\/i0.wp.com\/makeupbeautymb.com\/wp-content\/uploads\/2022\/07\/WhatsApp-Image-2022-07-19-at-8.10.04-PM-1.jpeg?fit=581%2C599&ssl=1&resize=525%2C300 1.5x"},"classes":[]},{"id":366,"url":"https:\/\/makeupbeautymb.com\/index.php\/producto\/makeup-melting-cleanser\/","url_meta":{"origin":1372,"position":4},"title":"MASCARILLA COLLAGEN YEST BIOAQUA","author":"makeubeauty","date":"20 de August de 2021","format":false,"excerpt":"La esencia que permite que tu piel respire. Restaura la belleza de tu piel. Rejuvenecedor profundo. Las mol\u00e9culas especiales van profundamente y reparan tu piel. Extracto de placenta hidrolizado. Mejora el equilibrio de aceite, hace que tu piel sea radiante.","rel":"","context":"Similar post","block_context":{"text":"Similar post","link":""},"img":{"alt_text":"","src":"https:\/\/i0.wp.com\/makeupbeautymb.com\/wp-content\/uploads\/2021\/08\/WhatsApp-Image-2022-07-18-at-12.14.02-PM.jpeg?fit=720%2C596&ssl=1&resize=350%2C200","width":350,"height":200,"srcset":"https:\/\/i0.wp.com\/makeupbeautymb.com\/wp-content\/uploads\/2021\/08\/WhatsApp-Image-2022-07-18-at-12.14.02-PM.jpeg?fit=720%2C596&ssl=1&resize=350%2C200 1x, https:\/\/i0.wp.com\/makeupbeautymb.com\/wp-content\/uploads\/2021\/08\/WhatsApp-Image-2022-07-18-at-12.14.02-PM.jpeg?fit=720%2C596&ssl=1&resize=525%2C300 1.5x, https:\/\/i0.wp.com\/makeupbeautymb.com\/wp-content\/uploads\/2021\/08\/WhatsApp-Image-2022-07-18-at-12.14.02-PM.jpeg?fit=720%2C596&ssl=1&resize=700%2C400 2x"},"classes":[]},{"id":340,"url":"https:\/\/makeupbeautymb.com\/index.php\/producto\/refreshing-cleansing-balm\/","url_meta":{"origin":1372,"position":5},"title":"MASK EN GEL ALOE VERA BIOAQUA","author":"makeubeauty","date":"20 de August de 2021","format":false,"excerpt":"Su textura gel contiene extracto puro de a\u0301loe vera rico en aminoa\u0301cidos, enzimas activas que ayudan a reponerla pe\u0301rdida de humedad, hace que tu piel sea ma\u0301s suave, tersa y humectada Tiene mu\u0301ltiples beneficios para tu rostro Hidrata, de fa\u0301cil absorcio\u0301n, Ayuda a eliminar el acne\u0301. Elimina las ce\u0301lulas muertas\u2026","rel":"","context":"Similar post","block_context":{"text":"Similar post","link":""},"img":{"alt_text":"","src":"https:\/\/i0.wp.com\/makeupbeautymb.com\/wp-content\/uploads\/2021\/08\/WhatsApp-Image-2022-07-18-at-1.16.19-PM-1.jpeg?fit=582%2C556&ssl=1&resize=350%2C200","width":350,"height":200,"srcset":"https:\/\/i0.wp.com\/makeupbeautymb.com\/wp-content\/uploads\/2021\/08\/WhatsApp-Image-2022-07-18-at-1.16.19-PM-1.jpeg?fit=582%2C556&ssl=1&resize=350%2C200 1x, https:\/\/i0.wp.com\/makeupbeautymb.com\/wp-content\/uploads\/2021\/08\/WhatsApp-Image-2022-07-18-at-1.16.19-PM-1.jpeg?fit=582%2C556&ssl=1&resize=525%2C300 1.5x"},"classes":[]}],"_links":{"self":[{"href":"https:\/\/makeupbeautymb.com\/index.php\/wp-json\/wp\/v2\/product\/1372","targetHints":{"allow":["GET"]}}],"collection":[{"href":"https:\/\/makeupbeautymb.com\/index.php\/wp-json\/wp\/v2\/product"}],"about":[{"href":"https:\/\/makeupbeautymb.com\/index.php\/wp-json\/wp\/v2\/types\/product"}],"replies":[{"embeddable":true,"href":"https:\/\/makeupbeautymb.com\/index.php\/wp-json\/wp\/v2\/comments?post=1372"}],"wp:featuredmedia":[{"embeddable":true,"href":"https:\/\/makeupbeautymb.com\/index.php\/wp-json\/wp\/v2\/media\/1373"}],"wp:attachment":[{"href":"https:\/\/makeupbeautymb.com\/index.php\/wp-json\/wp\/v2\/media?parent=1372"}],"wp:term":[{"taxonomy":"product_brand","embeddable":true,"href":"https:\/\/makeupbeautymb.com\/index.php\/wp-json\/wp\/v2\/product_brand?post=1372"},{"taxonomy":"product_cat","embeddable":true,"href":"https:\/\/makeupbeautymb.com\/index.php\/wp-json\/wp\/v2\/product_cat?post=1372"},{"taxonomy":"product_tag","embeddable":true,"href":"https:\/\/makeupbeautymb.com\/index.php\/wp-json\/wp\/v2\/product_tag?post=1372"}],"curies":[{"name":"wp","href":"https:\/\/api.w.org\/{rel}","templated":true}]}}