{"id":1370,"date":"2022-07-19T14:12:51","date_gmt":"2022-07-19T14:12:51","guid":{"rendered":"https:\/\/makeupbeautymb.com\/?post_type=product&#038;p=1370"},"modified":"2022-07-19T14:54:56","modified_gmt":"2022-07-19T14:54:56","slug":"mask-nocturna-en-gel-pomegrante-bioaqua","status":"publish","type":"product","link":"https:\/\/makeupbeautymb.com\/index.php\/producto\/mask-nocturna-en-gel-pomegrante-bioaqua\/","title":{"rendered":"MASK NOCTURNA EN GEL POMEGRANTE BIOAQUA"},"content":{"rendered":"","protected":false},"excerpt":{"rendered":"<p>El extracto de granada, que es parte de, es<br \/>\nrico en \u00e1cido f\u00f3lico y antioxidantes, que<br \/>\nprotegen la piel de los efectos nocivos del<br \/>\nmedio ambiente.<br \/>\nRegula la secreci\u00f3n de las gl\u00e1ndulas<br \/>\nseb\u00e1ceas, proporciona protecci\u00f3n antibacteriana ,restaura el equilibrio de la piel.<\/p>\n","protected":false},"featured_media":1371,"comment_status":"open","ping_status":"closed","template":"","meta":{"om_disable_all_campaigns":false,"_monsterinsights_skip_tracking":false,"_monsterinsights_sitenote_active":false,"_monsterinsights_sitenote_note":"","_monsterinsights_sitenote_category":0,"site-sidebar-layout":"default","site-content-layout":"default","ast-global-header-display":"","ast-main-header-display":"","ast-hfb-above-header-display":"","ast-hfb-below-header-display":"","ast-hfb-mobile-header-display":"","site-post-title":"","ast-breadcrumbs-content":"","ast-featured-img":"","footer-sml-layout":"","theme-transparent-header-meta":"default","adv-header-id-meta":"","stick-header-meta":"","header-above-stick-meta":"","header-main-stick-meta":"","header-below-stick-meta":"","_joinchat":[]},"product_brand":[],"product_cat":[21],"product_tag":[],"class_list":{"0":"post-1370","1":"product","2":"type-product","3":"status-publish","4":"has-post-thumbnail","6":"product_cat-mascarillas","8":"first","9":"instock","10":"shipping-taxable","11":"purchasable","12":"product-type-simple"},"aioseo_notices":[],"jetpack-related-posts":[{"id":370,"url":"https:\/\/makeupbeautymb.com\/index.php\/producto\/hybrid-cleansing-balm\/","url_meta":{"origin":1370,"position":0},"title":"BANDAS PUNTOS NEGROS TRENDY","author":"makeubeauty","date":"20 de August de 2021","format":false,"excerpt":"Limpia los poros y es reafirmante. - Clarifica el aspecto de la piel. -Tiene propiedades para eliminar el aspecto aceitoso de la piel. -Para Todo tipo de Piel. Limpiarla nariz y la zona T antes de usar. Limpie con una toalla caliente para abrir los poros. Aplicarlimpiador en elrostro y\u2026","rel":"","context":"Similar post","block_context":{"text":"Similar post","link":""},"img":{"alt_text":"","src":"https:\/\/i0.wp.com\/makeupbeautymb.com\/wp-content\/uploads\/2021\/08\/WhatsApp-Image-2022-07-17-at-8.45.45-PM.jpeg?fit=627%2C633&ssl=1&resize=350%2C200","width":350,"height":200,"srcset":"https:\/\/i0.wp.com\/makeupbeautymb.com\/wp-content\/uploads\/2021\/08\/WhatsApp-Image-2022-07-17-at-8.45.45-PM.jpeg?fit=627%2C633&ssl=1&resize=350%2C200 1x, https:\/\/i0.wp.com\/makeupbeautymb.com\/wp-content\/uploads\/2021\/08\/WhatsApp-Image-2022-07-17-at-8.45.45-PM.jpeg?fit=627%2C633&ssl=1&resize=525%2C300 1.5x"},"classes":[]},{"id":1397,"url":"https:\/\/makeupbeautymb.com\/index.php\/producto\/mask-burbujas-de-colageno-karite\/","url_meta":{"origin":1370,"position":1},"title":"MASK BURBUJAS DE COLAGENO KARITE","author":"makeubeauty","date":"19 de July de 2022","format":false,"excerpt":"Tiene una fuerte afinidad de adsorci\u00f3n, lo que ayuda a eliminar en profundidad el exceso de grasa, los residuos de maquillaje y la suciedad. Deja tu piel suave ,tersa y refrescante con un solo uso. Ayuda a hidratar nuestra piel profundamente y equilibrar el PH de nuestra piel.","rel":"","context":"Similar post","block_context":{"text":"Similar post","link":""},"img":{"alt_text":"","src":"https:\/\/i0.wp.com\/makeupbeautymb.com\/wp-content\/uploads\/2022\/07\/WhatsApp-Image-2022-07-18-at-1.16.21-PM-4.jpeg?fit=512%2C644&ssl=1&resize=350%2C200","width":350,"height":200},"classes":[]},{"id":1497,"url":"https:\/\/makeupbeautymb.com\/index.php\/producto\/fijador-calendula-kiss-beauty\/","url_meta":{"origin":1370,"position":2},"title":"FIJADOR CALENDULA KISS BEAUTY","author":"makeubeauty","date":"21 de July de 2022","format":false,"excerpt":"Este spray fijador de maquillaje mantiene tu belleza en marcha, \u00a1es un roc\u00edo r\u00e1pido que ayuda a fijar el maquillaje en su lugar! Fabricado con bruma micro-fina que se seca r\u00e1pidamente hasta un acabado invisible. Este producto ayuda a fijarla base, el rubor y el maquillaje de ojos sin resecar\u2026","rel":"","context":"Similar post","block_context":{"text":"Similar post","link":""},"img":{"alt_text":"","src":"https:\/\/i0.wp.com\/makeupbeautymb.com\/wp-content\/uploads\/2022\/07\/WhatsApp-Image-2022-07-20-at-8.17.53-PM-1.jpeg?fit=552%2C568&ssl=1&resize=350%2C200","width":350,"height":200,"srcset":"https:\/\/i0.wp.com\/makeupbeautymb.com\/wp-content\/uploads\/2022\/07\/WhatsApp-Image-2022-07-20-at-8.17.53-PM-1.jpeg?fit=552%2C568&ssl=1&resize=350%2C200 1x, https:\/\/i0.wp.com\/makeupbeautymb.com\/wp-content\/uploads\/2022\/07\/WhatsApp-Image-2022-07-20-at-8.17.53-PM-1.jpeg?fit=552%2C568&ssl=1&resize=525%2C300 1.5x"},"classes":[]},{"id":1404,"url":"https:\/\/makeupbeautymb.com\/index.php\/producto\/velo-aguacate-bioaqua\/","url_meta":{"origin":1370,"position":3},"title":"VELO AGUACATE BIOAQUA","author":"makeubeauty","date":"20 de July de 2022","format":false,"excerpt":"Mascarilla en velo hidratante de aguacate y antienvejecimiento para el cuidado de la piel, con varios extractos de plantas que ayudan a controlar el acn\u00e9, a blanquear y al antienvejecimiento. Esta mascarilla a base de aceite de aguacate aporta nutrici\u00f3n profunda a la piel dej\u00e1ndola radiante y luminosa.","rel":"","context":"Similar post","block_context":{"text":"Similar post","link":""},"img":{"alt_text":"","src":"https:\/\/i0.wp.com\/makeupbeautymb.com\/wp-content\/uploads\/2022\/07\/WhatsApp-Image-2022-07-19-at-8.10.00-PM-1.jpeg?fit=550%2C590&ssl=1&resize=350%2C200","width":350,"height":200,"srcset":"https:\/\/i0.wp.com\/makeupbeautymb.com\/wp-content\/uploads\/2022\/07\/WhatsApp-Image-2022-07-19-at-8.10.00-PM-1.jpeg?fit=550%2C590&ssl=1&resize=350%2C200 1x, https:\/\/i0.wp.com\/makeupbeautymb.com\/wp-content\/uploads\/2022\/07\/WhatsApp-Image-2022-07-19-at-8.10.00-PM-1.jpeg?fit=550%2C590&ssl=1&resize=525%2C300 1.5x"},"classes":[]},{"id":1424,"url":"https:\/\/makeupbeautymb.com\/index.php\/producto\/serum-removedor-acne-bioaqua\/","url_meta":{"origin":1370,"position":4},"title":"SERUM REMOVEDOR ACNE BIOAQUA","author":"makeubeauty","date":"20 de July de 2022","format":false,"excerpt":"Retira Acn\u00e9 Y Espinillas Regenera la piel. El suero BIOAQUA Pure Skin es una f\u00f3rmula suave no irritante que puede limpiarlos poros bloqueados, disolverla suciedad y la grasa ,reponerla humedad nutrici\u00f3n. Regular el pH, la salvaguardia eficaz de la piel lesionada, elimina el acn\u00e9.","rel":"","context":"Similar post","block_context":{"text":"Similar post","link":""},"img":{"alt_text":"","src":"https:\/\/i0.wp.com\/makeupbeautymb.com\/wp-content\/uploads\/2022\/07\/WhatsApp-Image-2022-07-19-at-8.10.03-PM-2.jpeg?fit=462%2C472&ssl=1&resize=350%2C200","width":350,"height":200},"classes":[]},{"id":365,"url":"https:\/\/makeupbeautymb.com\/index.php\/producto\/balancing-daily-cleanser\/","url_meta":{"origin":1370,"position":5},"title":"CREMA EN GEL ALOE VERA BIOAQUA","author":"makeubeauty","date":"20 de August de 2021","format":false,"excerpt":"GEL ALOE VERA BIOAQUA Ayuda a controlarla grasa de la piel, el acn\u00e9, mientras la hidrata y la humecta al instante. Al mismo tiempo te ayuda a cicatrizar y repararlos da\u00f1os en la piel causados por el sol. Relaja y disminuye las bolsas formadas en la parte inferior del contorno\u2026","rel":"","context":"Similar post","block_context":{"text":"Similar post","link":""},"img":{"alt_text":"","src":"https:\/\/i0.wp.com\/makeupbeautymb.com\/wp-content\/uploads\/2021\/08\/WhatsApp-Image-2022-07-18-at-12.14.18-PM.jpeg?fit=509%2C720&ssl=1&resize=350%2C200","width":350,"height":200},"classes":[]}],"_links":{"self":[{"href":"https:\/\/makeupbeautymb.com\/index.php\/wp-json\/wp\/v2\/product\/1370","targetHints":{"allow":["GET"]}}],"collection":[{"href":"https:\/\/makeupbeautymb.com\/index.php\/wp-json\/wp\/v2\/product"}],"about":[{"href":"https:\/\/makeupbeautymb.com\/index.php\/wp-json\/wp\/v2\/types\/product"}],"replies":[{"embeddable":true,"href":"https:\/\/makeupbeautymb.com\/index.php\/wp-json\/wp\/v2\/comments?post=1370"}],"wp:featuredmedia":[{"embeddable":true,"href":"https:\/\/makeupbeautymb.com\/index.php\/wp-json\/wp\/v2\/media\/1371"}],"wp:attachment":[{"href":"https:\/\/makeupbeautymb.com\/index.php\/wp-json\/wp\/v2\/media?parent=1370"}],"wp:term":[{"taxonomy":"product_brand","embeddable":true,"href":"https:\/\/makeupbeautymb.com\/index.php\/wp-json\/wp\/v2\/product_brand?post=1370"},{"taxonomy":"product_cat","embeddable":true,"href":"https:\/\/makeupbeautymb.com\/index.php\/wp-json\/wp\/v2\/product_cat?post=1370"},{"taxonomy":"product_tag","embeddable":true,"href":"https:\/\/makeupbeautymb.com\/index.php\/wp-json\/wp\/v2\/product_tag?post=1370"}],"curies":[{"name":"wp","href":"https:\/\/api.w.org\/{rel}","templated":true}]}}